{"id":3055,"date":"2025-10-31T06:15:20","date_gmt":"2025-10-31T06:15:20","guid":{"rendered":"https:\/\/mountlaser.com\/?post_type=product&#038;p=3055"},"modified":"2025-11-28T03:30:54","modified_gmt":"2025-11-28T03:30:54","slug":"rt102-103-reflective-target","status":"publish","type":"product","link":"https:\/\/mountlaser.com\/fr_fr\/produit\/rt102-103-reflective-target\/","title":{"rendered":"Cible r\u00e9fl\u00e9chissante RT102\/103"},"content":{"rendered":"<p>Cible r\u00e9fl\u00e9chissante RT102 \/ RT103 avec support \u2013 Alignement pr\u00e9cis, conception durable<\/p>\n<p>Le RT102 \/ RT103 <a href=\"https:\/\/mountlaser.com\/fr_fr\/\"><strong>Feuille cible r\u00e9fl\u00e9chissante avec support<\/strong> <\/a>La gamme de cibles de Mount Laser offre une pr\u00e9cision et une durabilit\u00e9 professionnelles pour l&#039;alignement laser, les lev\u00e9s topographiques et les applications de mesure. Fabriqu\u00e9es avec un mat\u00e9riau r\u00e9fl\u00e9chissant 3M de haute qualit\u00e9 et un bo\u00eetier en nylon haute r\u00e9sistance, ces cibles sont con\u00e7ues pour une performance constante dans toutes les conditions de travail.<\/p>\n<p>La cible r\u00e9fl\u00e9chissante RT102 avec support pr\u00e9sente une surface r\u00e9fl\u00e9chissante blanche et une cible de 50 mm de diam\u00e8tre, offrant une r\u00e9flexion nette pour les applications laser \u00e0 courte et moyenne port\u00e9e. Elle est disponible avec trois options de montage (5\/8\u2033-11, 3\/8\u2033-19 et M8) pour s&#039;adapter \u00e0 diff\u00e9rents tr\u00e9pieds et configurations de mesure.<\/p>\n<p>La cible r\u00e9fl\u00e9chissante RT103 avec support offre une surface r\u00e9fl\u00e9chissante jaune et une cible de 60 mm de diam\u00e8tre, am\u00e9liorant la visibilit\u00e9 dans diverses conditions d&#039;\u00e9clairage. Elle comprend des mod\u00e8les \u00e0 embase ronde (type Swiss Stuff) et les m\u00eames options de montage pour une adaptation facile sur le terrain.<\/p>\n<p>Chaque <a href=\"https:\/\/mountlaser.com\/fr_fr\/products\/\"><strong>Cible r\u00e9fl\u00e9chissante avec r\u00e9ticule imprim\u00e9<\/strong><\/a> Ce syst\u00e8me garantit un pointage laser pr\u00e9cis, permettant un ciblage central exact et une efficacit\u00e9 de mesure accrue. L&#039;association de la technologie r\u00e9fl\u00e9chissante 3M et d&#039;une construction robuste en nylon conf\u00e8re \u00e0 ces cibles une grande fiabilit\u00e9, aussi bien en int\u00e9rieur qu&#039;en ext\u00e9rieur.<\/p>\n<p><img fetchpriority=\"high\" decoding=\"async\" class=\"aligncenter wp-image-3063\" src=\"https:\/\/mountlaser.com\/wp-content\/uploads\/2025\/10\/1-3RT1026.webp\" alt=\"rt102 Reflective Target sheet with holder\" width=\"500\" height=\"500\" srcset=\"https:\/\/mountlaser.com\/wp-content\/uploads\/2025\/10\/1-3RT1026.webp 1000w, https:\/\/mountlaser.com\/wp-content\/uploads\/2025\/10\/1-3RT1026-300x300.webp 300w, https:\/\/mountlaser.com\/wp-content\/uploads\/2025\/10\/1-3RT1026-400x400.webp 400w, https:\/\/mountlaser.com\/wp-content\/uploads\/2025\/10\/1-3RT1026-800x800.webp 800w, https:\/\/mountlaser.com\/wp-content\/uploads\/2025\/10\/1-3RT1026-600x600.webp 600w, https:\/\/mountlaser.com\/wp-content\/uploads\/2025\/10\/1-3RT1026-150x150.webp 150w, https:\/\/mountlaser.com\/wp-content\/uploads\/2025\/10\/1-3RT1026-768x768.webp 768w, https:\/\/mountlaser.com\/wp-content\/uploads\/2025\/10\/1-3RT1026-12x12.webp 12w\" sizes=\"(max-width: 500px) 100vw, 500px\" \/><\/p>\n<p>RT102 \/ RT103 de Mount Laser<a href=\"https:\/\/mountlaser.com\/fr_fr\/contact-us\/\"> Feuille cible r\u00e9fl\u00e9chissante avec support<\/a> Alliant la pr\u00e9cision de la r\u00e9flectivit\u00e9 3M \u00e0 la robustesse du nylon, cette cible offre une visibilit\u00e9 optimale et un alignement pr\u00e9cis. La feuille de cible r\u00e9fl\u00e9chissante avec r\u00e9ticule imprim\u00e9 garantit des mesures pr\u00e9cises \u00e0 diff\u00e9rentes distances et dans divers environnements\u00a0: un choix fiable pour les professionnels exigeants en mati\u00e8re de pr\u00e9cision et de r\u00e9sistance.<\/p>","protected":false},"excerpt":{"rendered":"<ul>\n<li>Cible r\u00e9fl\u00e9chissante professionnelle avec support en mat\u00e9riau r\u00e9fl\u00e9chissant 3M<\/li>\n<li>Disponible en blanc (RT102) et en jaune (RT103) avec surfaces r\u00e9fl\u00e9chissantes<\/li>\n<li>Feuille cible r\u00e9fl\u00e9chissante avec r\u00e9ticule imprim\u00e9 pour un alignement laser pr\u00e9cis<\/li>\n<\/ul>","protected":false},"featured_media":3057,"comment_status":"open","ping_status":"closed","template":"","meta":[],"product_brand":[],"product_cat":[72,104],"product_tag":[],"class_list":{"0":"post-3055","1":"product","2":"type-product","3":"status-publish","4":"has-post-thumbnail","6":"product_cat-reflective-target-prism","7":"product_cat-reflective-target","9":"first","10":"instock","11":"shipping-taxable","12":"product-type-simple"},"_links":{"self":[{"href":"https:\/\/mountlaser.com\/fr_fr\/wp-json\/wp\/v2\/product\/3055","targetHints":{"allow":["GET"]}}],"collection":[{"href":"https:\/\/mountlaser.com\/fr_fr\/wp-json\/wp\/v2\/product"}],"about":[{"href":"https:\/\/mountlaser.com\/fr_fr\/wp-json\/wp\/v2\/types\/product"}],"replies":[{"embeddable":true,"href":"https:\/\/mountlaser.com\/fr_fr\/wp-json\/wp\/v2\/comments?post=3055"}],"wp:featuredmedia":[{"embeddable":true,"href":"https:\/\/mountlaser.com\/fr_fr\/wp-json\/wp\/v2\/media\/3057"}],"wp:attachment":[{"href":"https:\/\/mountlaser.com\/fr_fr\/wp-json\/wp\/v2\/media?parent=3055"}],"wp:term":[{"taxonomy":"product_brand","embeddable":true,"href":"https:\/\/mountlaser.com\/fr_fr\/wp-json\/wp\/v2\/product_brand?post=3055"},{"taxonomy":"product_cat","embeddable":true,"href":"https:\/\/mountlaser.com\/fr_fr\/wp-json\/wp\/v2\/product_cat?post=3055"},{"taxonomy":"product_tag","embeddable":true,"href":"https:\/\/mountlaser.com\/fr_fr\/wp-json\/wp\/v2\/product_tag?post=3055"}],"curies":[{"name":"wp","href":"https:\/\/api.w.org\/{rel}","templated":true}]}}