{"id":3042,"date":"2025-10-31T05:17:25","date_gmt":"2025-10-31T05:17:25","guid":{"rendered":"https:\/\/mountlaser.com\/?post_type=product&#038;p=3042"},"modified":"2025-11-28T04:49:09","modified_gmt":"2025-11-28T04:49:09","slug":"rt-reflective-target","status":"publish","type":"product","link":"https:\/\/mountlaser.com\/fr_fr\/produit\/rt-reflective-target\/","title":{"rendered":"Cible r\u00e9fl\u00e9chissante RT101"},"content":{"rendered":"<p>Cible r\u00e9fl\u00e9chissante RT101 RT \u2013 La pr\u00e9cision alli\u00e9e \u00e0 la durabilit\u00e9<\/p>\n<p>Le RT101 <a href=\"https:\/\/mountlaser.com\/fr_fr\/\"><strong>S\u00e9rie de cibles r\u00e9fl\u00e9chissantes RT<\/strong><\/a> Le syst\u00e8me laser Mount Laser est con\u00e7u pour les professionnels exigeant pr\u00e9cision, stabilit\u00e9 et fiabilit\u00e9 en mati\u00e8re d&#039;alignement et de mesure laser. Fabriqu\u00e9 avec des composants haut de gamme. <a href=\"https:\/\/mountlaser.com\/fr_fr\/products\/\"><strong>Cible r\u00e9fl\u00e9chissante 3M<\/strong><\/a> Fabriqu\u00e9 avec un mat\u00e9riau de qualit\u00e9 et un corps en nylon haute r\u00e9sistance, le RT101 offre une r\u00e9flectivit\u00e9 exceptionnelle et des performances durables sur le terrain.<\/p>\n<p>La gamme comprend trois mod\u00e8les adapt\u00e9s \u00e0 diff\u00e9rents besoins professionnels\u00a0:<\/p>\n<p>RT101S \u2013 Conception simple face, zone r\u00e9fl\u00e9chissante de 30\u00d730 mm, compact et l\u00e9ger.<\/p>\n<p>RT101D \u2013 Mod\u00e8le double face pour une flexibilit\u00e9 accrue et une plage de r\u00e9flexion plus large.<\/p>\n<p>RT101SD \u2013 Configuration double face avec structure am\u00e9lior\u00e9e pour une durabilit\u00e9 et une pr\u00e9cision sup\u00e9rieures.<\/p>\n<p>Chaque cible r\u00e9fl\u00e9chissante RT pr\u00e9sente un corps principal de 100 \u00d7 35 \u00d7 30 mm, offrant une structure robuste et r\u00e9sistante aux chocs, adapt\u00e9e aux environnements difficiles. Le mat\u00e9riau r\u00e9fl\u00e9chissant 3M garantit une visibilit\u00e9 optimale et un retour pr\u00e9cis du signal laser, m\u00eame \u00e0 longue distance, ce qui la rend id\u00e9ale pour les applications de construction, de topographie et d&#039;\u00e9talonnage industriel.<\/p>\n<p><img fetchpriority=\"high\" decoding=\"async\" class=\"aligncenter wp-image-3050\" src=\"https:\/\/mountlaser.com\/wp-content\/uploads\/2025\/10\/1-2RT1017.webp\" alt=\"RT101S Laser reflective target\" width=\"500\" height=\"500\" srcset=\"https:\/\/mountlaser.com\/wp-content\/uploads\/2025\/10\/1-2RT1017.webp 1000w, https:\/\/mountlaser.com\/wp-content\/uploads\/2025\/10\/1-2RT1017-300x300.webp 300w, https:\/\/mountlaser.com\/wp-content\/uploads\/2025\/10\/1-2RT1017-400x400.webp 400w, https:\/\/mountlaser.com\/wp-content\/uploads\/2025\/10\/1-2RT1017-800x800.webp 800w, https:\/\/mountlaser.com\/wp-content\/uploads\/2025\/10\/1-2RT1017-600x600.webp 600w, https:\/\/mountlaser.com\/wp-content\/uploads\/2025\/10\/1-2RT1017-150x150.webp 150w, https:\/\/mountlaser.com\/wp-content\/uploads\/2025\/10\/1-2RT1017-768x768.webp 768w, https:\/\/mountlaser.com\/wp-content\/uploads\/2025\/10\/1-2RT1017-12x12.webp 12w\" sizes=\"(max-width: 500px) 100vw, 500px\" \/>Mont Laser<a href=\"https:\/\/mountlaser.com\/fr_fr\/contact-us\/\"> Cible r\u00e9fl\u00e9chissante RT101 RT<\/a> Ce produit combine la technologie de cible r\u00e9fl\u00e9chissante 3M \u00e0 une construction robuste en nylon pour offrir une r\u00e9flexion stable et haute visibilit\u00e9, id\u00e9ale pour les travaux de mesure professionnels. Une solution parfaite pour les ing\u00e9nieurs et les g\u00e9om\u00e8tres exigeant une pr\u00e9cision fiable et une durabilit\u00e9 \u00e0 long terme.<\/p>","protected":false},"excerpt":{"rendered":"<ul>\n<li>Mat\u00e9riau cible r\u00e9fl\u00e9chissant 3M authentique pour une r\u00e9flexion laser constante<\/li>\n<li>Disponible en mod\u00e8les simple ou double face (RT101S, RT101D, RT101SD)<\/li>\n<li>Corps en nylon haute r\u00e9sistance pour une excellente durabilit\u00e9<\/li>\n<li>Performances fiables dans diverses conditions de mesure<\/li>\n<\/ul>","protected":false},"featured_media":3046,"comment_status":"open","ping_status":"closed","template":"","meta":[],"product_brand":[],"product_cat":[72,104],"product_tag":[],"class_list":{"0":"post-3042","1":"product","2":"type-product","3":"status-publish","4":"has-post-thumbnail","6":"product_cat-reflective-target-prism","7":"product_cat-reflective-target","9":"first","10":"instock","11":"shipping-taxable","12":"product-type-simple"},"_links":{"self":[{"href":"https:\/\/mountlaser.com\/fr_fr\/wp-json\/wp\/v2\/product\/3042","targetHints":{"allow":["GET"]}}],"collection":[{"href":"https:\/\/mountlaser.com\/fr_fr\/wp-json\/wp\/v2\/product"}],"about":[{"href":"https:\/\/mountlaser.com\/fr_fr\/wp-json\/wp\/v2\/types\/product"}],"replies":[{"embeddable":true,"href":"https:\/\/mountlaser.com\/fr_fr\/wp-json\/wp\/v2\/comments?post=3042"}],"wp:featuredmedia":[{"embeddable":true,"href":"https:\/\/mountlaser.com\/fr_fr\/wp-json\/wp\/v2\/media\/3046"}],"wp:attachment":[{"href":"https:\/\/mountlaser.com\/fr_fr\/wp-json\/wp\/v2\/media?parent=3042"}],"wp:term":[{"taxonomy":"product_brand","embeddable":true,"href":"https:\/\/mountlaser.com\/fr_fr\/wp-json\/wp\/v2\/product_brand?post=3042"},{"taxonomy":"product_cat","embeddable":true,"href":"https:\/\/mountlaser.com\/fr_fr\/wp-json\/wp\/v2\/product_cat?post=3042"},{"taxonomy":"product_tag","embeddable":true,"href":"https:\/\/mountlaser.com\/fr_fr\/wp-json\/wp\/v2\/product_tag?post=3042"}],"curies":[{"name":"wp","href":"https:\/\/api.w.org\/{rel}","templated":true}]}}