{"id":3038,"date":"2025-10-31T01:59:59","date_gmt":"2025-10-31T01:59:59","guid":{"rendered":"https:\/\/mountlaser.com\/?post_type=product&#038;p=3038"},"modified":"2025-11-28T04:51:00","modified_gmt":"2025-11-28T04:51:00","slug":"rt010m-reflective-sheet","status":"publish","type":"product","link":"https:\/\/mountlaser.com\/fr_fr\/produit\/rt010m-reflective-sheet\/","title":{"rendered":"Feuille r\u00e9fl\u00e9chissante RT010M"},"content":{"rendered":"<p>Feuille r\u00e9fl\u00e9chissante haute visibilit\u00e9 RT010M \u2013 Cible de pr\u00e9cision pour mesures professionnelles<\/p>\n<p>Le RT010M <a href=\"https:\/\/mountlaser.com\/fr_fr\/\"><strong>Feuille de r\u00e9flexion<\/strong><\/a> Le syst\u00e8me Mount Laser est con\u00e7u pour offrir des performances de r\u00e9flexion et une pr\u00e9cision exceptionnelles pour les syst\u00e8mes laser et de topographie. Utilisant des composants authentiques <a href=\"https:\/\/mountlaser.com\/fr_fr\/products\/\"><strong>feuille r\u00e9fl\u00e9chissante 3M<\/strong><\/a> Gr\u00e2ce \u00e0 ses mat\u00e9riaux, ce produit assure une visibilit\u00e9 constante m\u00eame sur de longues distances ou dans des conditions de faible luminosit\u00e9.<\/p>\n<p>Cette feuille r\u00e9fl\u00e9chissante haute visibilit\u00e9 pr\u00e9sente une taille cible compacte de 10 \u00d7 10 mm et un syst\u00e8me de fixation magn\u00e9tique puissant, lui permettant d&#039;adh\u00e9rer fermement aux surfaces m\u00e9talliques pour des mesures stables. Disponible en plusieurs tailles (20\/30\/40\/50\/60\/80\/100\/150 mm), elle est compatible avec divers instruments de mesure et d&#039;alignement laser.<\/p>\n<p><img fetchpriority=\"high\" decoding=\"async\" class=\"aligncenter wp-image-3039\" src=\"https:\/\/mountlaser.com\/wp-content\/uploads\/2025\/10\/05.webp\" alt=\"High Visibility Reflective Sheet\" width=\"500\" height=\"500\" srcset=\"https:\/\/mountlaser.com\/wp-content\/uploads\/2025\/10\/05.webp 1000w, https:\/\/mountlaser.com\/wp-content\/uploads\/2025\/10\/05-300x300.webp 300w, https:\/\/mountlaser.com\/wp-content\/uploads\/2025\/10\/05-400x400.webp 400w, https:\/\/mountlaser.com\/wp-content\/uploads\/2025\/10\/05-800x800.webp 800w, https:\/\/mountlaser.com\/wp-content\/uploads\/2025\/10\/05-600x600.webp 600w, https:\/\/mountlaser.com\/wp-content\/uploads\/2025\/10\/05-150x150.webp 150w, https:\/\/mountlaser.com\/wp-content\/uploads\/2025\/10\/05-768x768.webp 768w, https:\/\/mountlaser.com\/wp-content\/uploads\/2025\/10\/05-12x12.webp 12w\" sizes=\"(max-width: 500px) 100vw, 500px\" \/><\/p>\n<p>Le gris <a href=\"https:\/\/mountlaser.com\/fr_fr\/contact-us\/\">feuille r\u00e9fl\u00e9chissante 3M<\/a> Sa surface offre une excellente r\u00e9flexion de la lumi\u00e8re, am\u00e9liorant ainsi la puissance du signal et la fiabilit\u00e9 des mesures. Utilis\u00e9e dans le b\u00e2timent, l&#039;alignement industriel ou l&#039;\u00e9talonnage d&#039;\u00e9quipements, la feuille r\u00e9fl\u00e9chissante haute visibilit\u00e9 garantit une pr\u00e9cision professionnelle et une durabilit\u00e9 \u00e0 long terme.<\/p>","protected":false},"excerpt":{"rendered":"<ul>\n<li>Fixation magn\u00e9tique pour une installation facile et une fixation s\u00e9curis\u00e9e<\/li>\n<li>Plusieurs options de taille pour des applications polyvalentes<\/li>\n<li>R\u00e9flectivit\u00e9 fiable pour les mesures laser \u00e0 courte et longue port\u00e9e<\/li>\n<\/ul>","protected":false},"featured_media":3039,"comment_status":"open","ping_status":"closed","template":"","meta":[],"product_brand":[],"product_cat":[72,104],"product_tag":[],"class_list":{"0":"post-3038","1":"product","2":"type-product","3":"status-publish","4":"has-post-thumbnail","6":"product_cat-reflective-target-prism","7":"product_cat-reflective-target","9":"first","10":"instock","11":"shipping-taxable","12":"product-type-simple"},"_links":{"self":[{"href":"https:\/\/mountlaser.com\/fr_fr\/wp-json\/wp\/v2\/product\/3038","targetHints":{"allow":["GET"]}}],"collection":[{"href":"https:\/\/mountlaser.com\/fr_fr\/wp-json\/wp\/v2\/product"}],"about":[{"href":"https:\/\/mountlaser.com\/fr_fr\/wp-json\/wp\/v2\/types\/product"}],"replies":[{"embeddable":true,"href":"https:\/\/mountlaser.com\/fr_fr\/wp-json\/wp\/v2\/comments?post=3038"}],"wp:featuredmedia":[{"embeddable":true,"href":"https:\/\/mountlaser.com\/fr_fr\/wp-json\/wp\/v2\/media\/3039"}],"wp:attachment":[{"href":"https:\/\/mountlaser.com\/fr_fr\/wp-json\/wp\/v2\/media?parent=3038"}],"wp:term":[{"taxonomy":"product_brand","embeddable":true,"href":"https:\/\/mountlaser.com\/fr_fr\/wp-json\/wp\/v2\/product_brand?post=3038"},{"taxonomy":"product_cat","embeddable":true,"href":"https:\/\/mountlaser.com\/fr_fr\/wp-json\/wp\/v2\/product_cat?post=3038"},{"taxonomy":"product_tag","embeddable":true,"href":"https:\/\/mountlaser.com\/fr_fr\/wp-json\/wp\/v2\/product_tag?post=3038"}],"curies":[{"name":"wp","href":"https:\/\/api.w.org\/{rel}","templated":true}]}}