{"id":3032,"date":"2025-10-30T09:13:49","date_gmt":"2025-10-30T09:13:49","guid":{"rendered":"https:\/\/mountlaser.com\/?post_type=product&#038;p=3032"},"modified":"2025-11-28T04:52:13","modified_gmt":"2025-11-28T04:52:13","slug":"rt010-reflective-sheet","status":"publish","type":"product","link":"https:\/\/mountlaser.com\/fr_fr\/produit\/rt010-reflective-sheet\/","title":{"rendered":"Feuille r\u00e9fl\u00e9chissante RT010"},"content":{"rendered":"<p>Assurez-vous que vos cibles topographiques soient visibles avec une clart\u00e9 et une pr\u00e9cision maximales gr\u00e2ce au MountLaser. <a href=\"https:\/\/mountlaser.com\/fr_fr\/\"><strong>Feuille r\u00e9fl\u00e9chissante RT010<\/strong><\/a>. Con\u00e7ue pour les professionnels exigeant une visibilit\u00e9 sans compromis, cette feuille haute performance utilise de v\u00e9ritables <a href=\"https:\/\/mountlaser.com\/fr_fr\/products\/\"><strong>feuille r\u00e9fl\u00e9chissante 3M<\/strong><\/a> Fabriqu\u00e9 par Material, leader du secteur en mati\u00e8re de technologie r\u00e9tror\u00e9fl\u00e9chissante, le film r\u00e9fl\u00e9chissant RT010 est disponible en jaune haute visibilit\u00e9 et en blanc standard. Il offre un retour de signal exceptionnel pour une large gamme d&#039;instruments de mesure \u00e9lectroniques, ce qui en fait un film r\u00e9fl\u00e9chissant haute visibilit\u00e9 indispensable pour tous vos travaux de terrain.<\/p>\n<p><img fetchpriority=\"high\" decoding=\"async\" class=\"aligncenter wp-image-3035\" src=\"https:\/\/mountlaser.com\/wp-content\/uploads\/2025\/10\/03.webp\" alt=\"3m reflective sheet\" width=\"500\" height=\"500\" srcset=\"https:\/\/mountlaser.com\/wp-content\/uploads\/2025\/10\/03.webp 1000w, https:\/\/mountlaser.com\/wp-content\/uploads\/2025\/10\/03-300x300.webp 300w, https:\/\/mountlaser.com\/wp-content\/uploads\/2025\/10\/03-400x400.webp 400w, https:\/\/mountlaser.com\/wp-content\/uploads\/2025\/10\/03-800x800.webp 800w, https:\/\/mountlaser.com\/wp-content\/uploads\/2025\/10\/03-600x600.webp 600w, https:\/\/mountlaser.com\/wp-content\/uploads\/2025\/10\/03-150x150.webp 150w, https:\/\/mountlaser.com\/wp-content\/uploads\/2025\/10\/03-768x768.webp 768w, https:\/\/mountlaser.com\/wp-content\/uploads\/2025\/10\/03-12x12.webp 12w\" sizes=\"(max-width: 500px) 100vw, 500px\" \/><\/p>\n<p>Le principal atout de ce produit r\u00e9side dans sa qualit\u00e9 sup\u00e9rieure. <a href=\"https:\/\/mountlaser.com\/fr_fr\/contact-us\/\">feuille r\u00e9fl\u00e9chissante 3M<\/a> Le rev\u00eatement RT010 offre une luminosit\u00e9 intense et une d\u00e9tection longue port\u00e9e, m\u00eame en faible luminosit\u00e9. Vos prismes et cibles sont ainsi facilement acquis par les stations totales et les scanners laser, ce qui am\u00e9liore l&#039;efficacit\u00e9 et la pr\u00e9cision sur le chantier. Feuille r\u00e9fl\u00e9chissante haute visibilit\u00e9 polyvalente, la RT010 est dot\u00e9e d&#039;un adh\u00e9sif puissant permettant une fixation rapide et permanente sur diverses surfaces propres et s\u00e8ches. La taille standard des cibles est de 10 x 10 mm, mais nous offrons une flexibilit\u00e9 in\u00e9gal\u00e9e avec une large gamme de tailles optionnelles\u00a0: 20, 30, 40, 50, 60, 80, 100 et 150 mm. Vous trouverez ainsi la feuille r\u00e9fl\u00e9chissante 3M id\u00e9ale pour chaque application sp\u00e9cifique.<\/p>","protected":false},"excerpt":{"rendered":"<ul>\n<li>Offre une luminosit\u00e9 intense et une visibilit\u00e9 \u00e0 longue port\u00e9e sup\u00e9rieure pour les instruments de topographie.<\/li>\n<li>Disponible en jaune haute visibilit\u00e9 et en blanc standard pour r\u00e9pondre \u00e0 diff\u00e9rents besoins d&#039;application et s&#039;adapter \u00e0 diff\u00e9rents environnements.<\/li>\n<li>Am\u00e9lioration de l&#039;efficacit\u00e9 des lev\u00e9s topographiques\u00a0: Am\u00e9liore la vitesse et la pr\u00e9cision du verrouillage de l&#039;instrument, r\u00e9duisant ainsi le temps consacr\u00e9 \u00e0 l&#039;acquisition de la cible.<\/li>\n<\/ul>","protected":false},"featured_media":3033,"comment_status":"open","ping_status":"closed","template":"","meta":[],"product_brand":[],"product_cat":[72,104],"product_tag":[],"class_list":{"0":"post-3032","1":"product","2":"type-product","3":"status-publish","4":"has-post-thumbnail","6":"product_cat-reflective-target-prism","7":"product_cat-reflective-target","9":"first","10":"instock","11":"shipping-taxable","12":"product-type-simple"},"_links":{"self":[{"href":"https:\/\/mountlaser.com\/fr_fr\/wp-json\/wp\/v2\/product\/3032","targetHints":{"allow":["GET"]}}],"collection":[{"href":"https:\/\/mountlaser.com\/fr_fr\/wp-json\/wp\/v2\/product"}],"about":[{"href":"https:\/\/mountlaser.com\/fr_fr\/wp-json\/wp\/v2\/types\/product"}],"replies":[{"embeddable":true,"href":"https:\/\/mountlaser.com\/fr_fr\/wp-json\/wp\/v2\/comments?post=3032"}],"wp:featuredmedia":[{"embeddable":true,"href":"https:\/\/mountlaser.com\/fr_fr\/wp-json\/wp\/v2\/media\/3033"}],"wp:attachment":[{"href":"https:\/\/mountlaser.com\/fr_fr\/wp-json\/wp\/v2\/media?parent=3032"}],"wp:term":[{"taxonomy":"product_brand","embeddable":true,"href":"https:\/\/mountlaser.com\/fr_fr\/wp-json\/wp\/v2\/product_brand?post=3032"},{"taxonomy":"product_cat","embeddable":true,"href":"https:\/\/mountlaser.com\/fr_fr\/wp-json\/wp\/v2\/product_cat?post=3032"},{"taxonomy":"product_tag","embeddable":true,"href":"https:\/\/mountlaser.com\/fr_fr\/wp-json\/wp\/v2\/product_tag?post=3032"}],"curies":[{"name":"wp","href":"https:\/\/api.w.org\/{rel}","templated":true}]}}