{"id":3031,"date":"2025-10-30T08:41:56","date_gmt":"2025-10-30T08:41:56","guid":{"rendered":"https:\/\/mountlaser.com\/?post_type=product&#038;p=3031"},"modified":"2025-11-28T04:53:35","modified_gmt":"2025-11-28T04:53:35","slug":"n22002-heavy-duty-carbon-fiber-tripod","status":"publish","type":"product","link":"https:\/\/mountlaser.com\/fr_fr\/produit\/n22002-heavy-duty-carbon-fiber-tripod\/","title":{"rendered":"Tr\u00e9pied en fibre de carbone ultra-r\u00e9sistant N22002"},"content":{"rendered":"<p>Am\u00e9liorez la pr\u00e9cision de vos lev\u00e9s topographiques avec le MountLaser <a href=\"https:\/\/mountlaser.com\/fr_fr\/\"><strong>Tr\u00e9pied en fibre de carbone ultra-r\u00e9sistant N22002<\/strong><\/a>, Le choix id\u00e9al pour les professionnels qui refusent tout compromis entre stabilit\u00e9 et portabilit\u00e9. Ce n&#039;est pas un tr\u00e9pied comme les autres\u00a0; le tr\u00e9pied N22002 en fibre de carbone haute r\u00e9sistance est une plateforme de qualit\u00e9 topographique con\u00e7ue pour les chantiers les plus exigeants.<\/p>\n<p>Au c\u0153ur de sa conception se trouve le syst\u00e8me de tr\u00e9pied robuste en fibre de carbone \u00e0 double pince. Cette innovation combine une large pince rapide en aluminium pour des r\u00e9glages rapides avec une vis \u00e0 ailettes en laiton de pr\u00e9cision pour un ajustement fin et un verrouillage optimal, garantissant une stabilit\u00e9 in\u00e9gal\u00e9e et une longue dur\u00e9e de vie. Associ\u00e9 \u00e0 des pieds en fibre de carbone haute r\u00e9sistance, ce tr\u00e9pied offre une stabilit\u00e9 exceptionnelle. <a href=\"https:\/\/mountlaser.com\/fr_fr\/about-us\/\"><strong>Tr\u00e9pied robuste en fibre de carbone \u00e0 t\u00eate ronde<\/strong><\/a> Elle offre une r\u00e9sistance remarquable tout en conservant un poids minimal, ce qui en fait votre partenaire id\u00e9al pour de longues heures sur le terrain.<img fetchpriority=\"high\" decoding=\"async\" class=\"aligncenter wp-image-3024\" src=\"https:\/\/mountlaser.com\/wp-content\/uploads\/2025\/10\/N220022.webp\" alt=\"Heavy Duty Carbon Fiber Round Head Tripod\" width=\"500\" height=\"500\" srcset=\"https:\/\/mountlaser.com\/wp-content\/uploads\/2025\/10\/N220022.webp 1000w, https:\/\/mountlaser.com\/wp-content\/uploads\/2025\/10\/N220022-300x300.webp 300w, https:\/\/mountlaser.com\/wp-content\/uploads\/2025\/10\/N220022-400x400.webp 400w, https:\/\/mountlaser.com\/wp-content\/uploads\/2025\/10\/N220022-800x800.webp 800w, https:\/\/mountlaser.com\/wp-content\/uploads\/2025\/10\/N220022-600x600.webp 600w, https:\/\/mountlaser.com\/wp-content\/uploads\/2025\/10\/N220022-150x150.webp 150w, https:\/\/mountlaser.com\/wp-content\/uploads\/2025\/10\/N220022-768x768.webp 768w, https:\/\/mountlaser.com\/wp-content\/uploads\/2025\/10\/N220022-12x12.webp 12w\" sizes=\"(max-width: 500px) 100vw, 500px\" \/><\/p>\n<p>La polyvalence de ceci <a href=\"https:\/\/mountlaser.com\/fr_fr\/contact-us\/\">Tr\u00e9pied robuste en fibre de carbone \u00e0 t\u00eate ronde<\/a> Sa fixation standard par filetage en laiton 5\/8\u2033-11 garantit un maintien parfait et s\u00e9curis\u00e9 de tout instrument de topographie. Chaque d\u00e9tail est con\u00e7u pour durer, des vis de fixation enti\u00e8rement en acier inoxydable au syst\u00e8me de maintien des pieds qui emp\u00eache tout d\u00e9chaussement accidentel sur les surfaces glissantes. Pour plus de s\u00e9curit\u00e9 et de praticit\u00e9, il est fourni avec une bandouli\u00e8re munie d&#039;une bande r\u00e9fl\u00e9chissante et d&#039;un coussinet. Un sac de transport robuste en nylon 1200D (SC85013) est disponible s\u00e9par\u00e9ment pour une protection optimale.<\/p>\n<p>Sp\u00e9cifications des tr\u00e9pieds en fibre de carbone haute r\u00e9sistance<\/p>\n<table style=\"border-collapse: collapse; width: 548.27pt;\" border=\"0\" width=\"731\" cellspacing=\"0\" cellpadding=\"0\">\n<tbody>\n<tr style=\"height: 14.25pt;\">\n<td class=\"et2\" style=\"height: 14.25pt; width: 54.00pt;\" width=\"72\" height=\"19\">NOMBRE<\/td>\n<td class=\"et2\" style=\"width: 82.50pt;\" width=\"110\">TYPE DE SERRURE<\/td>\n<td class=\"et2\" style=\"width: 87.75pt;\" width=\"117\">JAMBES<\/td>\n<td class=\"et2\" style=\"width: 93.75pt;\" width=\"125\">POIDS<\/td>\n<td class=\"et2\" style=\"width: 87.00pt;\" width=\"116\">EXTENSION<\/td>\n<td class=\"et2\" style=\"width: 89.25pt;\" width=\"119\">T\u00caTE<\/td>\n<td class=\"et2\" style=\"width: 54.00pt;\" width=\"72\">MAT\u00c9RIEL<\/td>\n<\/tr>\n<tr style=\"height: 14.25pt;\">\n<td class=\"et2\" style=\"height: 14.25pt;\" height=\"19\">N22002<\/td>\n<td class=\"et2\">Double pince<\/td>\n<td class=\"et2\">Fibre de carbone<\/td>\n<td class=\"et2\">6,35 kg<\/td>\n<td class=\"et2\">179 cm<\/td>\n<td class=\"et2\">Rond<\/td>\n<td class=\"et2\">Flo orange<\/td>\n<\/tr>\n<\/tbody>\n<\/table>","protected":false},"excerpt":{"rendered":"<ul>\n<li>Syst\u00e8me de double serrage\u00a0: comprend \u00e0 la fois un grand collier de serrage rapide en aluminium et une vis \u00e0 ailettes en laiton pour une stabilit\u00e9 accrue et une dur\u00e9e de vie prolong\u00e9e.<\/li>\n<li>Compatibilit\u00e9 universelle : le goujon filet\u00e9 standard en laiton 5\/8\u2033-11 convient \u00e0 tous les instruments d&#039;arpentage.<\/li>\n<li>S\u00e9curit\u00e9 renforc\u00e9e : le syst\u00e8me de retenue emp\u00eache les mouvements de jambe et les chutes accidentelles.<\/li>\n<\/ul>","protected":false},"featured_media":3025,"comment_status":"open","ping_status":"closed","template":"","meta":[],"product_brand":[],"product_cat":[91,110],"product_tag":[],"class_list":{"0":"post-3031","1":"product","2":"type-product","3":"status-publish","4":"has-post-thumbnail","6":"product_cat-bipod-tripod","7":"product_cat-carbon-fiber-tripod","9":"first","10":"instock","11":"shipping-taxable","12":"product-type-simple"},"_links":{"self":[{"href":"https:\/\/mountlaser.com\/fr_fr\/wp-json\/wp\/v2\/product\/3031","targetHints":{"allow":["GET"]}}],"collection":[{"href":"https:\/\/mountlaser.com\/fr_fr\/wp-json\/wp\/v2\/product"}],"about":[{"href":"https:\/\/mountlaser.com\/fr_fr\/wp-json\/wp\/v2\/types\/product"}],"replies":[{"embeddable":true,"href":"https:\/\/mountlaser.com\/fr_fr\/wp-json\/wp\/v2\/comments?post=3031"}],"wp:featuredmedia":[{"embeddable":true,"href":"https:\/\/mountlaser.com\/fr_fr\/wp-json\/wp\/v2\/media\/3025"}],"wp:attachment":[{"href":"https:\/\/mountlaser.com\/fr_fr\/wp-json\/wp\/v2\/media?parent=3031"}],"wp:term":[{"taxonomy":"product_brand","embeddable":true,"href":"https:\/\/mountlaser.com\/fr_fr\/wp-json\/wp\/v2\/product_brand?post=3031"},{"taxonomy":"product_cat","embeddable":true,"href":"https:\/\/mountlaser.com\/fr_fr\/wp-json\/wp\/v2\/product_cat?post=3031"},{"taxonomy":"product_tag","embeddable":true,"href":"https:\/\/mountlaser.com\/fr_fr\/wp-json\/wp\/v2\/product_tag?post=3031"}],"curies":[{"name":"wp","href":"https:\/\/api.w.org\/{rel}","templated":true}]}}