{"id":3014,"date":"2025-10-29T09:13:37","date_gmt":"2025-10-29T09:13:37","guid":{"rendered":"https:\/\/mountlaser.com\/?post_type=product&#038;p=3014"},"modified":"2025-11-28T04:54:52","modified_gmt":"2025-11-28T04:54:52","slug":"cls33c-carbon-fiber-thumb-release-tripod","status":"publish","type":"product","link":"https:\/\/mountlaser.com\/fr_fr\/produit\/cls33c-carbon-fiber-thumb-release-tripod\/","title":{"rendered":"Tr\u00e9pied en fibre de carbone CLS33C \u00e0 d\u00e9clenchement par pouce"},"content":{"rendered":"<p><a href=\"https:\/\/mountlaser.com\/fr_fr\/\"><strong>Tr\u00e9pied en fibre de carbone CLS33C \u00e0 d\u00e9clenchement par pouce<\/strong><\/a> Con\u00e7u par Mount Laser pour le g\u00e9om\u00e8tre moderne \u00e9voluant sur des terrains exigeants, ce tr\u00e9pied de pointe en fibre de carbone avec syst\u00e8me de d\u00e9verrouillage par pouce red\u00e9finit la portabilit\u00e9 sans compromettre la stabilit\u00e9. Solution de support id\u00e9ale pour votre canne \u00e0 prisme, il offre un gain de poids significatif par rapport aux mod\u00e8les traditionnels en aluminium, facilitant ainsi son transport lors de longues journ\u00e9es de travail sans sacrifier la moindre pr\u00e9cision.<\/p>\n<p>&nbsp;<\/p>\n<p><img fetchpriority=\"high\" decoding=\"async\" class=\"aligncenter wp-image-3019\" src=\"https:\/\/mountlaser.com\/wp-content\/uploads\/2025\/10\/CLS33C-5.webp\" alt=\"Carbon Fiber Tripod with Thumb Release\" width=\"500\" height=\"500\" srcset=\"https:\/\/mountlaser.com\/wp-content\/uploads\/2025\/10\/CLS33C-5.webp 1000w, https:\/\/mountlaser.com\/wp-content\/uploads\/2025\/10\/CLS33C-5-300x300.webp 300w, https:\/\/mountlaser.com\/wp-content\/uploads\/2025\/10\/CLS33C-5-400x400.webp 400w, https:\/\/mountlaser.com\/wp-content\/uploads\/2025\/10\/CLS33C-5-800x800.webp 800w, https:\/\/mountlaser.com\/wp-content\/uploads\/2025\/10\/CLS33C-5-600x600.webp 600w, https:\/\/mountlaser.com\/wp-content\/uploads\/2025\/10\/CLS33C-5-150x150.webp 150w, https:\/\/mountlaser.com\/wp-content\/uploads\/2025\/10\/CLS33C-5-768x768.webp 768w, https:\/\/mountlaser.com\/wp-content\/uploads\/2025\/10\/CLS33C-5-12x12.webp 12w\" sizes=\"(max-width: 500px) 100vw, 500px\" \/><\/p>\n<p>Le CLS33C est con\u00e7u pour l&#039;excellence, avec un tube int\u00e9rieur robuste en aluminium noir poli (diam\u00e8tre ext\u00e9rieur 18 mm) associ\u00e9 \u00e0 un tube ext\u00e9rieur en fibre de carbone haute r\u00e9sistance (diam\u00e8tre ext\u00e9rieur 25 mm). Cette construction innovante lui conf\u00e8re une robustesse et une l\u00e9g\u00e8ret\u00e9 exceptionnelles. <a href=\"https:\/\/mountlaser.com\/fr_fr\/products\/\"><strong>Tr\u00e9pied en fibre de carbone avec d\u00e9clencheur \u00e0 pouce<\/strong><\/a>, Ce tr\u00e9pied minimise efficacement les vibrations pour des mesures plus pr\u00e9cises. Son extension de 180 cm lui permet de s&#039;adapter \u00e0 toutes les situations sur les chantiers. Le m\u00e9canisme de d\u00e9verrouillage rapide par simple pression du pouce assure un d\u00e9ploiement rapide et facile d&#039;une seule main, confirmant ainsi sa position de tr\u00e9pied haut de gamme en fibre de carbone, id\u00e9al pour les interventions sur le terrain. Ses pieds amovibles, qui offrent une excellente stabilit\u00e9 sur les surfaces irr\u00e9guli\u00e8res et facilitent le transport, renforcent sa polyvalence.<\/p>","protected":false},"excerpt":{"rendered":"<ul>\n<li>Pieds en caoutchouc amovibles\u00a0: offrent une stabilit\u00e9 accrue sur les terrains accident\u00e9s et permettent un entretien facile et un rangement compact.<\/li>\n<li>Kit portable complet : comprend une housse de transport souple et une bo\u00eete int\u00e9rieure pour un transport pratique et prot\u00e9g\u00e9.<\/li>\n<\/ul>","protected":false},"featured_media":3016,"comment_status":"open","ping_status":"closed","template":"","meta":[],"product_brand":[],"product_cat":[109,110,91],"product_tag":[],"class_list":{"0":"post-3014","1":"product","2":"type-product","3":"status-publish","4":"has-post-thumbnail","6":"product_cat-thumb-release-tripod-for-pole","7":"product_cat-carbon-fiber-tripod","8":"product_cat-bipod-tripod","10":"first","11":"instock","12":"shipping-taxable","13":"product-type-simple"},"_links":{"self":[{"href":"https:\/\/mountlaser.com\/fr_fr\/wp-json\/wp\/v2\/product\/3014","targetHints":{"allow":["GET"]}}],"collection":[{"href":"https:\/\/mountlaser.com\/fr_fr\/wp-json\/wp\/v2\/product"}],"about":[{"href":"https:\/\/mountlaser.com\/fr_fr\/wp-json\/wp\/v2\/types\/product"}],"replies":[{"embeddable":true,"href":"https:\/\/mountlaser.com\/fr_fr\/wp-json\/wp\/v2\/comments?post=3014"}],"wp:featuredmedia":[{"embeddable":true,"href":"https:\/\/mountlaser.com\/fr_fr\/wp-json\/wp\/v2\/media\/3016"}],"wp:attachment":[{"href":"https:\/\/mountlaser.com\/fr_fr\/wp-json\/wp\/v2\/media?parent=3014"}],"wp:term":[{"taxonomy":"product_brand","embeddable":true,"href":"https:\/\/mountlaser.com\/fr_fr\/wp-json\/wp\/v2\/product_brand?post=3014"},{"taxonomy":"product_cat","embeddable":true,"href":"https:\/\/mountlaser.com\/fr_fr\/wp-json\/wp\/v2\/product_cat?post=3014"},{"taxonomy":"product_tag","embeddable":true,"href":"https:\/\/mountlaser.com\/fr_fr\/wp-json\/wp\/v2\/product_tag?post=3014"}],"curies":[{"name":"wp","href":"https:\/\/api.w.org\/{rel}","templated":true}]}}