{"id":3006,"date":"2025-10-29T08:53:57","date_gmt":"2025-10-29T08:53:57","guid":{"rendered":"https:\/\/mountlaser.com\/?post_type=product&#038;p=3006"},"modified":"2025-11-28T04:56:07","modified_gmt":"2025-11-28T04:56:07","slug":"cls33a-thumb-release-tripod-for-pole","status":"publish","type":"product","link":"https:\/\/mountlaser.com\/fr_fr\/produit\/cls33a-thumb-release-tripod-for-pole\/","title":{"rendered":"Tr\u00e9pied \u00e0 d\u00e9clenchement par pouce CLS33A pour perche"},"content":{"rendered":"<p>Pr\u00e9sentation de <a href=\"https:\/\/mountlaser.com\/fr_fr\/\"><strong>Tr\u00e9pied \u00e0 d\u00e9clenchement par pouce CLS33A pour perche<\/strong><\/a>, Con\u00e7u pour les g\u00e9om\u00e8tres exigeant rapidit\u00e9 et stabilit\u00e9 \u00e0 toute \u00e9preuve sur le terrain, ce tr\u00e9pied de topographie professionnel \u00e0 d\u00e9clenchement par pouce est id\u00e9al pour optimiser votre flux de travail. Disponible en deux coloris haute visibilit\u00e9\u00a0: CLS33A-RD (rouge) et CLS33A-GN (vert). Le tr\u00e9pied CLS33A repr\u00e9sente la nouvelle g\u00e9n\u00e9ration de syst\u00e8mes de support portables, alliant robustesse et innovation centr\u00e9e sur l&#039;utilisateur.<\/p>\n<p><img fetchpriority=\"high\" decoding=\"async\" class=\"aligncenter wp-image-3010\" src=\"https:\/\/mountlaser.com\/wp-content\/uploads\/2025\/10\/\u7eff\u8272-CLS33A-2.webp\" alt=\"Thumb Release Surveying Tripod\" width=\"500\" height=\"500\" srcset=\"https:\/\/mountlaser.com\/wp-content\/uploads\/2025\/10\/\u7eff\u8272-CLS33A-2.webp 1000w, https:\/\/mountlaser.com\/wp-content\/uploads\/2025\/10\/\u7eff\u8272-CLS33A-2-300x300.webp 300w, https:\/\/mountlaser.com\/wp-content\/uploads\/2025\/10\/\u7eff\u8272-CLS33A-2-400x400.webp 400w, https:\/\/mountlaser.com\/wp-content\/uploads\/2025\/10\/\u7eff\u8272-CLS33A-2-800x800.webp 800w, https:\/\/mountlaser.com\/wp-content\/uploads\/2025\/10\/\u7eff\u8272-CLS33A-2-600x600.webp 600w, https:\/\/mountlaser.com\/wp-content\/uploads\/2025\/10\/\u7eff\u8272-CLS33A-2-150x150.webp 150w, https:\/\/mountlaser.com\/wp-content\/uploads\/2025\/10\/\u7eff\u8272-CLS33A-2-768x768.webp 768w, https:\/\/mountlaser.com\/wp-content\/uploads\/2025\/10\/\u7eff\u8272-CLS33A-2-12x12.webp 12w\" sizes=\"(max-width: 500px) 100vw, 500px\" \/><\/p>\n<p>Con\u00e7u pour durer, le tr\u00e9pied CLS33A est dot\u00e9 d&#039;un tube int\u00e9rieur en aluminium noir poli (diam\u00e8tre ext\u00e9rieur 18 mm) et d&#039;un tube ext\u00e9rieur en aluminium color\u00e9 plus \u00e9pais (diam\u00e8tre ext\u00e9rieur 25 mm). Ce tr\u00e9pied de topographie robuste \u00e0 d\u00e9clenchement par pouce offre une extension maximale de 180 cm, vous permettant d&#039;atteindre la hauteur n\u00e9cessaire pour les terrains difficiles. Son atout principal r\u00e9side dans son m\u00e9canisme de d\u00e9clenchement par pouce rapide, qui permet des r\u00e9glages rapides et faciles d&#039;une seule main, confirmant ainsi son statut d&#039;outil indispensable. <a href=\"https:\/\/mountlaser.com\/fr_fr\/about-us\/\"><strong>Tr\u00e9pied de topographie \u00e0 d\u00e9clenchement par pouce<\/strong><\/a> Id\u00e9al pour les chantiers les plus exigeants, ce tr\u00e9pied se distingue par ses pieds amovibles qui assurent une excellente stabilit\u00e9 sur les surfaces irr\u00e9guli\u00e8res et facilitent l&#039;entretien et le transport. Livr\u00e9 avec une housse souple et une bo\u00eete int\u00e9rieure, il deviendra votre alli\u00e9 indispensable pour des mesures pr\u00e9cises et efficaces.<\/p>","protected":false},"excerpt":{"rendered":"<ul>\n<li>Offre une plage de hauteur exceptionnelle pour s&#039;adapter \u00e0 divers besoins topographiques et \u00e0 des environnements difficiles.<\/li>\n<li>Offre une adaptabilit\u00e9 sup\u00e9rieure sur terrain accident\u00e9 et permet un nettoyage ou un remplacement facile.<\/li>\n<li>Comprend une housse de transport souple et une bo\u00eete int\u00e9rieure pour un transport et un rangement pratiques et prot\u00e9g\u00e9s.<\/li>\n<\/ul>","protected":false},"featured_media":3007,"comment_status":"open","ping_status":"closed","template":"","meta":[],"product_brand":[],"product_cat":[91,109],"product_tag":[],"class_list":{"0":"post-3006","1":"product","2":"type-product","3":"status-publish","4":"has-post-thumbnail","6":"product_cat-bipod-tripod","7":"product_cat-thumb-release-tripod-for-pole","9":"first","10":"instock","11":"shipping-taxable","12":"product-type-simple"},"_links":{"self":[{"href":"https:\/\/mountlaser.com\/fr_fr\/wp-json\/wp\/v2\/product\/3006","targetHints":{"allow":["GET"]}}],"collection":[{"href":"https:\/\/mountlaser.com\/fr_fr\/wp-json\/wp\/v2\/product"}],"about":[{"href":"https:\/\/mountlaser.com\/fr_fr\/wp-json\/wp\/v2\/types\/product"}],"replies":[{"embeddable":true,"href":"https:\/\/mountlaser.com\/fr_fr\/wp-json\/wp\/v2\/comments?post=3006"}],"wp:featuredmedia":[{"embeddable":true,"href":"https:\/\/mountlaser.com\/fr_fr\/wp-json\/wp\/v2\/media\/3007"}],"wp:attachment":[{"href":"https:\/\/mountlaser.com\/fr_fr\/wp-json\/wp\/v2\/media?parent=3006"}],"wp:term":[{"taxonomy":"product_brand","embeddable":true,"href":"https:\/\/mountlaser.com\/fr_fr\/wp-json\/wp\/v2\/product_brand?post=3006"},{"taxonomy":"product_cat","embeddable":true,"href":"https:\/\/mountlaser.com\/fr_fr\/wp-json\/wp\/v2\/product_cat?post=3006"},{"taxonomy":"product_tag","embeddable":true,"href":"https:\/\/mountlaser.com\/fr_fr\/wp-json\/wp\/v2\/product_tag?post=3006"}],"curies":[{"name":"wp","href":"https:\/\/api.w.org\/{rel}","templated":true}]}}