{"id":2997,"date":"2025-10-29T08:41:11","date_gmt":"2025-10-29T08:41:11","guid":{"rendered":"https:\/\/mountlaser.com\/?post_type=product&#038;p=2997"},"modified":"2025-11-28T04:57:27","modified_gmt":"2025-11-28T04:57:27","slug":"dz33a-thumb-release-tripod-for-pole","status":"publish","type":"product","link":"https:\/\/mountlaser.com\/fr_fr\/produit\/dz33a-thumb-release-tripod-for-pole\/","title":{"rendered":"Tr\u00e9pied \u00e0 d\u00e9clenchement par pouce DZ33A pour perche"},"content":{"rendered":"<p>Rencontrez le <a href=\"https:\/\/mountlaser.com\/fr_fr\/\"><strong>Tr\u00e9pied \u00e0 d\u00e9clenchement par pouce DZ33A pour perche<\/strong><\/a>, Solution id\u00e9ale pour les g\u00e9om\u00e8tres exigeants qui refusent tout compromis entre stabilit\u00e9 et rapidit\u00e9 de d\u00e9ploiement, ce tr\u00e9pied \u00e0 perche prismatique \u00e0 d\u00e9clenchement par pouce est con\u00e7u pour les professionnels. Disponible en trois coloris haute visibilit\u00e9 (rouge\/blanc, jaune et noir), il allie style et s\u00e9curit\u00e9 sur le chantier. Sa structure robuste en aluminium lui conf\u00e8re une stabilit\u00e9 \u00e0 toute \u00e9preuve pour vos mesures les plus pr\u00e9cises.<img fetchpriority=\"high\" decoding=\"async\" class=\"aligncenter wp-image-3002\" src=\"https:\/\/mountlaser.com\/wp-content\/uploads\/2025\/10\/DZ33A-\u7ea2\u767d3.webp\" alt=\"Aluminum Prism Pole Tripod\" width=\"500\" height=\"500\" srcset=\"https:\/\/mountlaser.com\/wp-content\/uploads\/2025\/10\/DZ33A-\u7ea2\u767d3.webp 1000w, https:\/\/mountlaser.com\/wp-content\/uploads\/2025\/10\/DZ33A-\u7ea2\u767d3-300x300.webp 300w, https:\/\/mountlaser.com\/wp-content\/uploads\/2025\/10\/DZ33A-\u7ea2\u767d3-400x400.webp 400w, https:\/\/mountlaser.com\/wp-content\/uploads\/2025\/10\/DZ33A-\u7ea2\u767d3-800x800.webp 800w, https:\/\/mountlaser.com\/wp-content\/uploads\/2025\/10\/DZ33A-\u7ea2\u767d3-600x600.webp 600w, https:\/\/mountlaser.com\/wp-content\/uploads\/2025\/10\/DZ33A-\u7ea2\u767d3-150x150.webp 150w, https:\/\/mountlaser.com\/wp-content\/uploads\/2025\/10\/DZ33A-\u7ea2\u767d3-768x768.webp 768w, https:\/\/mountlaser.com\/wp-content\/uploads\/2025\/10\/DZ33A-\u7ea2\u767d3-12x12.webp 12w\" sizes=\"(max-width: 500px) 100vw, 500px\" \/><\/p>\n<p>Fabriqu\u00e9 avec un tube int\u00e9rieur robuste en aluminium argent\u00e9 (diam\u00e8tre ext\u00e9rieur 18 mm) et un tube ext\u00e9rieur plus \u00e9pais (diam\u00e8tre ext\u00e9rieur 25 mm) disponible dans la couleur de votre choix, le tr\u00e9pied DZ33A est con\u00e7u pour durer et r\u00e9sister aux chocs. Ce tr\u00e9pied \u00e0 perche prismatique en aluminium offre une extension impressionnante de 180 cm, permettant une hauteur exceptionnelle pour s&#039;attaquer aux terrains difficiles et aux configurations complexes. Son m\u00e9canisme de d\u00e9verrouillage innovant par simple pression du pouce en est la caract\u00e9ristique principale. <a href=\"https:\/\/mountlaser.com\/fr_fr\/about-us\/\"><strong>Tr\u00e9pied \u00e0 prisme \u00e0 d\u00e9verrouillage par pouce<\/strong><\/a>, Ce syst\u00e8me permet des r\u00e9glages incroyablement rapides et faciles d&#039;une seule main, sans compromettre la stabilit\u00e9 \u00e0 toute \u00e9preuve dont vous avez besoin. Ses pieds fixes antid\u00e9rapants assurent une adh\u00e9rence optimale sur toutes les surfaces, garantissant ainsi une stabilit\u00e9 parfaite de votre perche prismatique. Une fois le transport termin\u00e9, tout se range facilement dans l&#039;\u00e9tui souple et la bo\u00eete int\u00e9rieure fournis.<\/p>","protected":false},"excerpt":{"rendered":"<ul>\n<li>Options de couleurs haute visibilit\u00e9 : Disponibles en rouge\/blanc, jaune et noir pour une s\u00e9curit\u00e9 accrue sur le chantier et selon les pr\u00e9f\u00e9rences personnelles.<\/li>\n<li>Kit portable complet : comprend une housse de transport souple et une bo\u00eete int\u00e9rieure pour un transport et un rangement pratiques et prot\u00e9g\u00e9s.<\/li>\n<\/ul>","protected":false},"featured_media":2998,"comment_status":"open","ping_status":"closed","template":"","meta":[],"product_brand":[],"product_cat":[91,109],"product_tag":[],"class_list":{"0":"post-2997","1":"product","2":"type-product","3":"status-publish","4":"has-post-thumbnail","6":"product_cat-bipod-tripod","7":"product_cat-thumb-release-tripod-for-pole","9":"first","10":"instock","11":"shipping-taxable","12":"product-type-simple"},"_links":{"self":[{"href":"https:\/\/mountlaser.com\/fr_fr\/wp-json\/wp\/v2\/product\/2997","targetHints":{"allow":["GET"]}}],"collection":[{"href":"https:\/\/mountlaser.com\/fr_fr\/wp-json\/wp\/v2\/product"}],"about":[{"href":"https:\/\/mountlaser.com\/fr_fr\/wp-json\/wp\/v2\/types\/product"}],"replies":[{"embeddable":true,"href":"https:\/\/mountlaser.com\/fr_fr\/wp-json\/wp\/v2\/comments?post=2997"}],"wp:featuredmedia":[{"embeddable":true,"href":"https:\/\/mountlaser.com\/fr_fr\/wp-json\/wp\/v2\/media\/2998"}],"wp:attachment":[{"href":"https:\/\/mountlaser.com\/fr_fr\/wp-json\/wp\/v2\/media?parent=2997"}],"wp:term":[{"taxonomy":"product_brand","embeddable":true,"href":"https:\/\/mountlaser.com\/fr_fr\/wp-json\/wp\/v2\/product_brand?post=2997"},{"taxonomy":"product_cat","embeddable":true,"href":"https:\/\/mountlaser.com\/fr_fr\/wp-json\/wp\/v2\/product_cat?post=2997"},{"taxonomy":"product_tag","embeddable":true,"href":"https:\/\/mountlaser.com\/fr_fr\/wp-json\/wp\/v2\/product_tag?post=2997"}],"curies":[{"name":"wp","href":"https:\/\/api.w.org\/{rel}","templated":true}]}}