{"id":2990,"date":"2025-10-29T08:10:07","date_gmt":"2025-10-29T08:10:07","guid":{"rendered":"https:\/\/mountlaser.com\/?post_type=product&#038;p=2990"},"modified":"2025-11-28T04:58:53","modified_gmt":"2025-11-28T04:58:53","slug":"mnt02a-thumb-release-mini-tripod","status":"publish","type":"product","link":"https:\/\/mountlaser.com\/fr_fr\/produit\/mnt02a-thumb-release-mini-tripod\/","title":{"rendered":"Mini tr\u00e9pied \u00e0 d\u00e9clenchement par pouce MNT02A"},"content":{"rendered":"<p>Am\u00e9liorez votre installation sur le terrain avec le<a href=\"https:\/\/mountlaser.com\/fr_fr\/about-us\/\"><strong> Mini tr\u00e9pied \u00e0 d\u00e9clenchement par pouce MNT02A<\/strong><\/a> Con\u00e7u par Mount Laser, ce tr\u00e9pied compact et performant est id\u00e9al pour les professionnels exigeant pr\u00e9cision et portabilit\u00e9. Il offre une base ultra-stable pour vos perches, scanners et autres accessoires de mesure essentiels. Fabriqu\u00e9 en aluminium haut de gamme, ce mini-tr\u00e9pied est con\u00e7u pour r\u00e9sister aux conditions difficiles du terrain sans vous encombrer.<\/p>\n<p>Dot\u00e9 d&#039;une \u00e9l\u00e9gante finition noire polie, le MNT02A poss\u00e8de un tube int\u00e9rieur robuste en aluminium (diam\u00e8tre ext\u00e9rieur 18 mm), garantissant une durabilit\u00e9 et une stabilit\u00e9 exceptionnelles. <a href=\"https:\/\/mountlaser.com\/fr_fr\/products\/\">mini tr\u00e9pied en aluminium<\/a> D&#039;une hauteur de 29 cm, ce support offre une plus grande flexibilit\u00e9 pour un positionnement optimal de l&#039;instrument. Ses pieds en caoutchouc fixes assurent une adh\u00e9rence s\u00fbre et antid\u00e9rapante sur diverses surfaces, garantissant ainsi des mesures d&#039;une pr\u00e9cision absolue.<img fetchpriority=\"high\" decoding=\"async\" class=\"aligncenter wp-image-2992\" src=\"https:\/\/mountlaser.com\/wp-content\/uploads\/2025\/10\/MNT02-3.webp\" alt=\"Aluminum mini tripod\" width=\"500\" height=\"500\" srcset=\"https:\/\/mountlaser.com\/wp-content\/uploads\/2025\/10\/MNT02-3.webp 1000w, https:\/\/mountlaser.com\/wp-content\/uploads\/2025\/10\/MNT02-3-300x300.webp 300w, https:\/\/mountlaser.com\/wp-content\/uploads\/2025\/10\/MNT02-3-400x400.webp 400w, https:\/\/mountlaser.com\/wp-content\/uploads\/2025\/10\/MNT02-3-800x800.webp 800w, https:\/\/mountlaser.com\/wp-content\/uploads\/2025\/10\/MNT02-3-600x600.webp 600w, https:\/\/mountlaser.com\/wp-content\/uploads\/2025\/10\/MNT02-3-150x150.webp 150w, https:\/\/mountlaser.com\/wp-content\/uploads\/2025\/10\/MNT02-3-768x768.webp 768w, https:\/\/mountlaser.com\/wp-content\/uploads\/2025\/10\/MNT02-3-12x12.webp 12w\" sizes=\"(max-width: 500px) 100vw, 500px\" \/><\/p>\n<p>Son atout majeur r\u00e9side dans son m\u00e9canisme de d\u00e9verrouillage intuitif par le pouce, permettant un d\u00e9ploiement et un r\u00e9glage en hauteur rapides et faciles d&#039;une seule main. Fini les installations fastidieuses\u00a0: une simple pression et un glissement suffisent pour fixer votre perche et la rendre pr\u00eate \u00e0 l&#039;emploi. Et pour la d\u00e9placer, ce mod\u00e8le compact se range facilement.<a href=\"https:\/\/mountlaser.com\/fr_fr\/contact-us\/\"><strong> mini tr\u00e9pied en aluminium<\/strong><\/a> Elle se d\u00e9monte rapidement et se range en toute s\u00e9curit\u00e9 dans l&#039;\u00e9tui souple et la bo\u00eete int\u00e9rieure inclus, ce qui en fait le produit id\u00e9al.<\/p>\n<p>&nbsp;<\/p>","protected":false},"excerpt":{"rendered":"<ul>\n<li>Hauteur \u00e9tendue\u00a0: Offre une extension de 29\u00a0cm, offrant une plus grande flexibilit\u00e9 de positionnement pour votre \u00e9quipement.<\/li>\n<li>S\u00fbr et portable : Dot\u00e9 de pieds antid\u00e9rapants fixes pour une stabilit\u00e9 optimale et livr\u00e9 avec une housse de transport souple pour un transport facile et prot\u00e9g\u00e9.<\/li>\n<\/ul>","protected":false},"featured_media":2991,"comment_status":"open","ping_status":"closed","template":"","meta":[],"product_brand":[],"product_cat":[91,109],"product_tag":[],"class_list":{"0":"post-2990","1":"product","2":"type-product","3":"status-publish","4":"has-post-thumbnail","6":"product_cat-bipod-tripod","7":"product_cat-thumb-release-tripod-for-pole","9":"first","10":"instock","11":"shipping-taxable","12":"product-type-simple"},"_links":{"self":[{"href":"https:\/\/mountlaser.com\/fr_fr\/wp-json\/wp\/v2\/product\/2990","targetHints":{"allow":["GET"]}}],"collection":[{"href":"https:\/\/mountlaser.com\/fr_fr\/wp-json\/wp\/v2\/product"}],"about":[{"href":"https:\/\/mountlaser.com\/fr_fr\/wp-json\/wp\/v2\/types\/product"}],"replies":[{"embeddable":true,"href":"https:\/\/mountlaser.com\/fr_fr\/wp-json\/wp\/v2\/comments?post=2990"}],"wp:featuredmedia":[{"embeddable":true,"href":"https:\/\/mountlaser.com\/fr_fr\/wp-json\/wp\/v2\/media\/2991"}],"wp:attachment":[{"href":"https:\/\/mountlaser.com\/fr_fr\/wp-json\/wp\/v2\/media?parent=2990"}],"wp:term":[{"taxonomy":"product_brand","embeddable":true,"href":"https:\/\/mountlaser.com\/fr_fr\/wp-json\/wp\/v2\/product_brand?post=2990"},{"taxonomy":"product_cat","embeddable":true,"href":"https:\/\/mountlaser.com\/fr_fr\/wp-json\/wp\/v2\/product_cat?post=2990"},{"taxonomy":"product_tag","embeddable":true,"href":"https:\/\/mountlaser.com\/fr_fr\/wp-json\/wp\/v2\/product_tag?post=2990"}],"curies":[{"name":"wp","href":"https:\/\/api.w.org\/{rel}","templated":true}]}}