{"id":2983,"date":"2025-10-29T07:40:17","date_gmt":"2025-10-29T07:40:17","guid":{"rendered":"https:\/\/mountlaser.com\/?post_type=product&#038;p=2983"},"modified":"2025-11-28T05:01:49","modified_gmt":"2025-11-28T05:01:49","slug":"mnt01a-thumb-release-mini-tripod","status":"publish","type":"product","link":"https:\/\/mountlaser.com\/fr_fr\/produit\/mnt01a-thumb-release-mini-tripod\/","title":{"rendered":"Mini tr\u00e9pied \u00e0 d\u00e9clenchement par pouce MNT01A"},"content":{"rendered":"<p>Chez Mount Laser, nous savons que la pr\u00e9cision sur le terrain exige la fiabilit\u00e9 de chaque \u00e9quipement. Voici le <a href=\"https:\/\/mountlaser.com\/fr_fr\/\"><strong>Mini tr\u00e9pied \u00e0 d\u00e9clenchement par pouce MNT01A<\/strong><\/a>, Voici la solution de support compacte par excellence pour vos perches, scanners et petits instruments. Ce mini tr\u00e9pied robuste en aluminium est con\u00e7u pour le professionnel exigeant qui ne fait aucun compromis sur la stabilit\u00e9 ou la portabilit\u00e9.<\/p>\n<p>Fabriqu\u00e9 en aluminium de haute qualit\u00e9, le MNT01A allie l\u00e9g\u00e8ret\u00e9 et robustesse. Le c\u0153ur de ce <a href=\"https:\/\/mountlaser.com\/fr_fr\/products\/\">mini tr\u00e9pied en aluminium<\/a> Dot\u00e9 d&#039;une chambre \u00e0 air de 18 mm de diam\u00e8tre, ce tr\u00e9pied offre une base solide tout en minimisant son poids. Gr\u00e2ce \u00e0 son extension de 22 cm et \u00e0 ses pieds fixes, il assure une stabilit\u00e9 optimale sur tous types de terrains, garantissant ainsi des mesures d&#039;une pr\u00e9cision in\u00e9branlable.<\/p>\n<p>&nbsp;<\/p>\n<p><img fetchpriority=\"high\" decoding=\"async\" class=\"aligncenter wp-image-2986\" src=\"https:\/\/mountlaser.com\/wp-content\/uploads\/2025\/10\/MNT01-6.webp\" alt=\"Aluminum mini tripod\" width=\"500\" height=\"500\" srcset=\"https:\/\/mountlaser.com\/wp-content\/uploads\/2025\/10\/MNT01-6.webp 1000w, https:\/\/mountlaser.com\/wp-content\/uploads\/2025\/10\/MNT01-6-300x300.webp 300w, https:\/\/mountlaser.com\/wp-content\/uploads\/2025\/10\/MNT01-6-400x400.webp 400w, https:\/\/mountlaser.com\/wp-content\/uploads\/2025\/10\/MNT01-6-800x800.webp 800w, https:\/\/mountlaser.com\/wp-content\/uploads\/2025\/10\/MNT01-6-600x600.webp 600w, https:\/\/mountlaser.com\/wp-content\/uploads\/2025\/10\/MNT01-6-150x150.webp 150w, https:\/\/mountlaser.com\/wp-content\/uploads\/2025\/10\/MNT01-6-768x768.webp 768w, https:\/\/mountlaser.com\/wp-content\/uploads\/2025\/10\/MNT01-6-12x12.webp 12w\" sizes=\"(max-width: 500px) 100vw, 500px\" \/><\/p>\n<p>Son atout majeur r\u00e9side dans son m\u00e9canisme de d\u00e9verrouillage rapide par simple pression du pouce, permettant d&#039;installer et de r\u00e9gler la hauteur de votre \u00e9quipement sur perche en quelques secondes. Fini les manipulations fastidieuses de verrous\u00a0: une simple pression et un glissement intuitifs suffisent pour une efficacit\u00e9 maximale sur le terrain. Une fois le travail termin\u00e9, il se replie facilement et se range dans un \u00e9tui souple et une bo\u00eete int\u00e9rieure pour un rangement s\u00fbr et pratique dans n&#039;importe quel sac de mat\u00e9riel. Optez pour le MNT01A, la r\u00e9f\u00e9rence professionnelle. <a href=\"https:\/\/mountlaser.com\/fr_fr\/about-us\/\"><strong>mini tr\u00e9pied en aluminium<\/strong><\/a> qui se distingue par sa pr\u00e9cision.<\/p>","protected":false},"excerpt":{"rendered":"<ul>\n<li>M\u00e9canisme de d\u00e9verrouillage par le pouce\u00a0: permet une installation et un r\u00e9glage en hauteur rapides et \u00e0 une main pour une efficacit\u00e9 in\u00e9gal\u00e9e sur le terrain.<\/li>\n<li>Livr\u00e9 avec une housse de transport : Comprend une housse souple de protection et une bo\u00eete int\u00e9rieure pour un transport facile et s\u00fbr, ce qui en fait un compagnon de voyage id\u00e9al.<\/li>\n<\/ul>","protected":false},"featured_media":2984,"comment_status":"open","ping_status":"closed","template":"","meta":[],"product_brand":[],"product_cat":[91,109],"product_tag":[],"class_list":{"0":"post-2983","1":"product","2":"type-product","3":"status-publish","4":"has-post-thumbnail","6":"product_cat-bipod-tripod","7":"product_cat-thumb-release-tripod-for-pole","9":"first","10":"instock","11":"shipping-taxable","12":"product-type-simple"},"_links":{"self":[{"href":"https:\/\/mountlaser.com\/fr_fr\/wp-json\/wp\/v2\/product\/2983","targetHints":{"allow":["GET"]}}],"collection":[{"href":"https:\/\/mountlaser.com\/fr_fr\/wp-json\/wp\/v2\/product"}],"about":[{"href":"https:\/\/mountlaser.com\/fr_fr\/wp-json\/wp\/v2\/types\/product"}],"replies":[{"embeddable":true,"href":"https:\/\/mountlaser.com\/fr_fr\/wp-json\/wp\/v2\/comments?post=2983"}],"wp:featuredmedia":[{"embeddable":true,"href":"https:\/\/mountlaser.com\/fr_fr\/wp-json\/wp\/v2\/media\/2984"}],"wp:attachment":[{"href":"https:\/\/mountlaser.com\/fr_fr\/wp-json\/wp\/v2\/media?parent=2983"}],"wp:term":[{"taxonomy":"product_brand","embeddable":true,"href":"https:\/\/mountlaser.com\/fr_fr\/wp-json\/wp\/v2\/product_brand?post=2983"},{"taxonomy":"product_cat","embeddable":true,"href":"https:\/\/mountlaser.com\/fr_fr\/wp-json\/wp\/v2\/product_cat?post=2983"},{"taxonomy":"product_tag","embeddable":true,"href":"https:\/\/mountlaser.com\/fr_fr\/wp-json\/wp\/v2\/product_tag?post=2983"}],"curies":[{"name":"wp","href":"https:\/\/api.w.org\/{rel}","templated":true}]}}