{"id":2972,"date":"2025-10-28T03:23:03","date_gmt":"2025-10-28T03:23:03","guid":{"rendered":"https:\/\/mountlaser.com\/?post_type=product&#038;p=2972"},"modified":"2025-11-28T05:03:37","modified_gmt":"2025-11-28T05:03:37","slug":"cls22c-carbon-fiber-bipod","status":"publish","type":"product","link":"https:\/\/mountlaser.com\/fr_fr\/produit\/cls22c-carbon-fiber-bipod\/","title":{"rendered":"Bipied en fibre de carbone CLS22C"},"content":{"rendered":"<p>Am\u00e9liorez la pr\u00e9cision de vos lev\u00e9s topographiques gr\u00e2ce \u00e0 <a href=\"https:\/\/mountlaser.com\/fr_fr\/\"><strong>Bipied en fibre de carbone CLS22C<\/strong><\/a> Con\u00e7u par Mount Laser, ce bipied est id\u00e9al pour les professionnels exigeant performance et portabilit\u00e9. Il offre une base d&#039;une stabilit\u00e9 in\u00e9gal\u00e9e pour vos mires de niveau, en Invar ou laser. Son m\u00e9canisme de d\u00e9ploiement et d&#039;installation rapide, actionn\u00e9 par le pouce, est au c\u0153ur de sa conception ergonomique.<\/p>\n<p>Comporte un tube ext\u00e9rieur en fibre de carbone (OD25mm) pour une r\u00e9sistance l\u00e9g\u00e8re et un tube int\u00e9rieur en aluminium (OD18mm) pour une extension en douceur.<\/p>\n<p>Offre une extension maximale de 180 cm pour une hauteur de travail polyvalente.<\/p>\n<p>&nbsp;<\/p>\n<p><img fetchpriority=\"high\" decoding=\"async\" class=\"aligncenter wp-image-2975\" src=\"https:\/\/mountlaser.com\/wp-content\/uploads\/2025\/10\/CLS22C-3.webp\" alt=\"Thumb release bipod\" width=\"500\" height=\"500\" srcset=\"https:\/\/mountlaser.com\/wp-content\/uploads\/2025\/10\/CLS22C-3.webp 1000w, https:\/\/mountlaser.com\/wp-content\/uploads\/2025\/10\/CLS22C-3-300x300.webp 300w, https:\/\/mountlaser.com\/wp-content\/uploads\/2025\/10\/CLS22C-3-400x400.webp 400w, https:\/\/mountlaser.com\/wp-content\/uploads\/2025\/10\/CLS22C-3-800x800.webp 800w, https:\/\/mountlaser.com\/wp-content\/uploads\/2025\/10\/CLS22C-3-600x600.webp 600w, https:\/\/mountlaser.com\/wp-content\/uploads\/2025\/10\/CLS22C-3-150x150.webp 150w, https:\/\/mountlaser.com\/wp-content\/uploads\/2025\/10\/CLS22C-3-768x768.webp 768w, https:\/\/mountlaser.com\/wp-content\/uploads\/2025\/10\/CLS22C-3-12x12.webp 12w\" sizes=\"(max-width: 500px) 100vw, 500px\" \/><\/p>\n<p>Fabriqu\u00e9 avec un tube ext\u00e9rieur en fibre de carbone, le CLS22C offre un rapport r\u00e9sistance\/poids exceptionnel, r\u00e9duisant la fatigue de l&#039;utilisateur lors de longues heures de travail sans compromettre la rigidit\u00e9 ni la stabilit\u00e9. Son syst\u00e8me de bipied innovant \u00e0 d\u00e9verrouillage par le pouce permet un r\u00e9glage rapide et s\u00fbr de la hauteur d&#039;une seule main. <a href=\"https:\/\/mountlaser.com\/fr_fr\/products\/\"><strong>bipied \u00e0 d\u00e9clenchement par pouce<\/strong><\/a> Le manche est con\u00e7u pour la simplicit\u00e9, vous permettant de verrouiller instantan\u00e9ment et fermement les pieds en place, afin que vous puissiez vous concentrer sur la mesure et non sur l&#039;\u00e9quipement.<\/p>","protected":false},"excerpt":{"rendered":"<ul>\n<li>Pieds amovibles : \u00c9quip\u00e9 de pieds amovibles pour faciliter le transport et l&#039;adaptation \u00e0 diff\u00e9rentes surfaces.<\/li>\n<li>Emballage complet : Comprend une housse de transport souple et une bo\u00eete int\u00e9rieure pour un rangement et un transport s\u00e9curis\u00e9s.<\/li>\n<\/ul>","protected":false},"featured_media":2973,"comment_status":"open","ping_status":"closed","template":"","meta":[],"product_brand":[],"product_cat":[91,108],"product_tag":[],"class_list":{"0":"post-2972","1":"product","2":"type-product","3":"status-publish","4":"has-post-thumbnail","6":"product_cat-bipod-tripod","7":"product_cat-thumb-release-bipod","9":"first","10":"instock","11":"shipping-taxable","12":"product-type-simple"},"_links":{"self":[{"href":"https:\/\/mountlaser.com\/fr_fr\/wp-json\/wp\/v2\/product\/2972","targetHints":{"allow":["GET"]}}],"collection":[{"href":"https:\/\/mountlaser.com\/fr_fr\/wp-json\/wp\/v2\/product"}],"about":[{"href":"https:\/\/mountlaser.com\/fr_fr\/wp-json\/wp\/v2\/types\/product"}],"replies":[{"embeddable":true,"href":"https:\/\/mountlaser.com\/fr_fr\/wp-json\/wp\/v2\/comments?post=2972"}],"wp:featuredmedia":[{"embeddable":true,"href":"https:\/\/mountlaser.com\/fr_fr\/wp-json\/wp\/v2\/media\/2973"}],"wp:attachment":[{"href":"https:\/\/mountlaser.com\/fr_fr\/wp-json\/wp\/v2\/media?parent=2972"}],"wp:term":[{"taxonomy":"product_brand","embeddable":true,"href":"https:\/\/mountlaser.com\/fr_fr\/wp-json\/wp\/v2\/product_brand?post=2972"},{"taxonomy":"product_cat","embeddable":true,"href":"https:\/\/mountlaser.com\/fr_fr\/wp-json\/wp\/v2\/product_cat?post=2972"},{"taxonomy":"product_tag","embeddable":true,"href":"https:\/\/mountlaser.com\/fr_fr\/wp-json\/wp\/v2\/product_tag?post=2972"}],"curies":[{"name":"wp","href":"https:\/\/api.w.org\/{rel}","templated":true}]}}