{"id":2964,"date":"2025-10-28T02:47:43","date_gmt":"2025-10-28T02:47:43","guid":{"rendered":"https:\/\/mountlaser.com\/?post_type=product&#038;p=2964"},"modified":"2025-11-28T05:04:25","modified_gmt":"2025-11-28T05:04:25","slug":"cls22a-aluminum-bipod","status":"publish","type":"product","link":"https:\/\/mountlaser.com\/fr_fr\/produit\/cls22a-aluminum-bipod\/","title":{"rendered":"Bipied en aluminium CLS22A"},"content":{"rendered":"<p>Chez Mount Laser, nous savons que la pr\u00e9cision des lev\u00e9s topographiques repose sur un \u00e9quipement stable et fiable. <a href=\"https:\/\/mountlaser.com\/fr_fr\/\"><strong>Bipied en aluminium CLS22A<\/strong><\/a> Con\u00e7u pour offrir une base solide et stable \u00e0 vos mires de nivellement, en Invar ou laser, ce bipied robuste et r\u00e9glable en aluminium est destin\u00e9 aux professionnels exigeants qui refusent tout compromis sur la performance sur le terrain.<\/p>\n<p>Fabriqu\u00e9 en aluminium de haute qualit\u00e9, le CLS22A allie l\u00e9g\u00e8ret\u00e9 et portabilit\u00e9 \u00e0 une durabilit\u00e9 exceptionnelle. Son m\u00e9canisme unique de bipied \u00e0 d\u00e9verrouillage par le pouce permet un r\u00e9glage rapide et sans effort de la hauteur, pour une installation pr\u00e9cise et rapide de votre instrument. Fini les manipulations fastidieuses\u00a0: une simple pression du pouce suffit pour verrouiller les pieds en toute s\u00e9curit\u00e9.<\/p>\n<p><strong><img fetchpriority=\"high\" decoding=\"async\" class=\"aligncenter wp-image-2969\" src=\"https:\/\/mountlaser.com\/wp-content\/uploads\/2025\/10\/CLS22A-\u7eff\u82721.webp\" alt=\"Aluminum Thumb Release Bipod\" width=\"500\" height=\"500\" srcset=\"https:\/\/mountlaser.com\/wp-content\/uploads\/2025\/10\/CLS22A-\u7eff\u82721.webp 1000w, https:\/\/mountlaser.com\/wp-content\/uploads\/2025\/10\/CLS22A-\u7eff\u82721-300x300.webp 300w, https:\/\/mountlaser.com\/wp-content\/uploads\/2025\/10\/CLS22A-\u7eff\u82721-400x400.webp 400w, https:\/\/mountlaser.com\/wp-content\/uploads\/2025\/10\/CLS22A-\u7eff\u82721-800x800.webp 800w, https:\/\/mountlaser.com\/wp-content\/uploads\/2025\/10\/CLS22A-\u7eff\u82721-600x600.webp 600w, https:\/\/mountlaser.com\/wp-content\/uploads\/2025\/10\/CLS22A-\u7eff\u82721-150x150.webp 150w, https:\/\/mountlaser.com\/wp-content\/uploads\/2025\/10\/CLS22A-\u7eff\u82721-768x768.webp 768w, https:\/\/mountlaser.com\/wp-content\/uploads\/2025\/10\/CLS22A-\u7eff\u82721-12x12.webp 12w\" sizes=\"(max-width: 500px) 100vw, 500px\" \/><\/strong><\/p>\n<p><a href=\"https:\/\/mountlaser.com\/fr_fr\/products\/\"><strong>Bipied en aluminium \u00e0 d\u00e9clenchement par pouce<\/strong><\/a> Comporte un tube int\u00e9rieur en aluminium noir poli (OD18mm) et un tube ext\u00e9rieur en aluminium color\u00e9 (OD25mm), disponible en rouge tr\u00e8s visible (CLS22A-RD) ou en vert (CLS22A-GN).<\/p>\n<p>Offre une extension maximale de 180 cm, assurant une plateforme stable sur diff\u00e9rents types de terrains.<\/p>","protected":false},"excerpt":{"rendered":"<ul>\n<li>D\u00e9verrouillage pratique par le pouce\u00a0: Le m\u00e9canisme de bipied en aluminium \u00e0 d\u00e9verrouillage par le pouce assure un fonctionnement rapide et sans outil.<\/li>\n<li>Pieds amovibles\u00a0: Les pieds du bipied sont amovibles, ce qui facilite le transport et le rangement tout en offrant une grande polyvalence pour diff\u00e9rentes conditions de terrain.<\/li>\n<li>Emballage : Comprend une housse de transport souple et une bo\u00eete int\u00e9rieure pour une protection et une portabilit\u00e9 optimales.<\/li>\n<\/ul>","protected":false},"featured_media":2967,"comment_status":"open","ping_status":"closed","template":"","meta":[],"product_brand":[],"product_cat":[91,108],"product_tag":[],"class_list":{"0":"post-2964","1":"product","2":"type-product","3":"status-publish","4":"has-post-thumbnail","6":"product_cat-bipod-tripod","7":"product_cat-thumb-release-bipod","9":"first","10":"instock","11":"shipping-taxable","12":"product-type-simple"},"_links":{"self":[{"href":"https:\/\/mountlaser.com\/fr_fr\/wp-json\/wp\/v2\/product\/2964","targetHints":{"allow":["GET"]}}],"collection":[{"href":"https:\/\/mountlaser.com\/fr_fr\/wp-json\/wp\/v2\/product"}],"about":[{"href":"https:\/\/mountlaser.com\/fr_fr\/wp-json\/wp\/v2\/types\/product"}],"replies":[{"embeddable":true,"href":"https:\/\/mountlaser.com\/fr_fr\/wp-json\/wp\/v2\/comments?post=2964"}],"wp:featuredmedia":[{"embeddable":true,"href":"https:\/\/mountlaser.com\/fr_fr\/wp-json\/wp\/v2\/media\/2967"}],"wp:attachment":[{"href":"https:\/\/mountlaser.com\/fr_fr\/wp-json\/wp\/v2\/media?parent=2964"}],"wp:term":[{"taxonomy":"product_brand","embeddable":true,"href":"https:\/\/mountlaser.com\/fr_fr\/wp-json\/wp\/v2\/product_brand?post=2964"},{"taxonomy":"product_cat","embeddable":true,"href":"https:\/\/mountlaser.com\/fr_fr\/wp-json\/wp\/v2\/product_cat?post=2964"},{"taxonomy":"product_tag","embeddable":true,"href":"https:\/\/mountlaser.com\/fr_fr\/wp-json\/wp\/v2\/product_tag?post=2964"}],"curies":[{"name":"wp","href":"https:\/\/api.w.org\/{rel}","templated":true}]}}