{"id":2939,"date":"2025-10-24T09:03:27","date_gmt":"2025-10-24T09:03:27","guid":{"rendered":"https:\/\/mountlaser.com\/?post_type=product&#038;p=2939"},"modified":"2025-11-28T05:13:21","modified_gmt":"2025-11-28T05:13:21","slug":"mnb01a-aluminum-mini-bipod","status":"publish","type":"product","link":"https:\/\/mountlaser.com\/fr_fr\/produit\/mnb01a-aluminum-mini-bipod\/","title":{"rendered":"Mini bipied en aluminium MNB01A"},"content":{"rendered":"<p>Le <a href=\"https:\/\/mountlaser.com\/fr_fr\/\"><strong>Mini bipied en aluminium MNB01A<\/strong> <\/a>Ce bipied polyvalent en aluminium pour mini-prismes \u00e9tablit une nouvelle norme en mati\u00e8re de solutions de support compactes pour les applications de mesure de pr\u00e9cision. Fabriqu\u00e9 avec expertise en aluminium argent\u00e9 de 18 mm de diam\u00e8tre ext\u00e9rieur, il offre une durabilit\u00e9 exceptionnelle tout en conservant une l\u00e9g\u00e8ret\u00e9 remarquable. Con\u00e7u sp\u00e9cifiquement pour les mini-perches prismatiques, ce bipied professionnel assure une stabilit\u00e9 fiable gr\u00e2ce \u00e0 sa hauteur optimis\u00e9e de 22 cm, ce qui le rend id\u00e9al pour diverses t\u00e2ches de topographie et de construction.<\/p>\n<p>&nbsp;<\/p>\n<p><img fetchpriority=\"high\" decoding=\"async\" class=\"aligncenter wp-image-2941\" src=\"https:\/\/mountlaser.com\/wp-content\/uploads\/2025\/10\/MNB01-2.webp\" alt=\"Mini Prism Aluminum Bipod\" width=\"500\" height=\"500\" srcset=\"https:\/\/mountlaser.com\/wp-content\/uploads\/2025\/10\/MNB01-2.webp 1000w, https:\/\/mountlaser.com\/wp-content\/uploads\/2025\/10\/MNB01-2-300x300.webp 300w, https:\/\/mountlaser.com\/wp-content\/uploads\/2025\/10\/MNB01-2-400x400.webp 400w, https:\/\/mountlaser.com\/wp-content\/uploads\/2025\/10\/MNB01-2-800x800.webp 800w, https:\/\/mountlaser.com\/wp-content\/uploads\/2025\/10\/MNB01-2-600x600.webp 600w, https:\/\/mountlaser.com\/wp-content\/uploads\/2025\/10\/MNB01-2-150x150.webp 150w, https:\/\/mountlaser.com\/wp-content\/uploads\/2025\/10\/MNB01-2-768x768.webp 768w, https:\/\/mountlaser.com\/wp-content\/uploads\/2025\/10\/MNB01-2-12x12.webp 12w\" sizes=\"(max-width: 500px) 100vw, 500px\" \/><\/p>\n<p>Con\u00e7u avec pr\u00e9cision et praticit\u00e9 dans un souci constant, ce dispositif avanc\u00e9 <a href=\"https:\/\/mountlaser.com\/fr_fr\/products\/\"><strong>Mini bipied en aluminium Prism<\/strong><\/a> Ce mini bipied assure un support stable \u00e0 votre mini-prisme dans divers environnements de travail. Sa construction en aluminium \u00e0 l&#039;oxyde d&#039;argent renforce sa r\u00e9sistance \u00e0 la corrosion et garantit une performance durable, m\u00eame dans des conditions exigeantes. Compact et robuste, il offre un \u00e9quilibre parfait entre portabilit\u00e9 et fonctionnalit\u00e9, assurant ainsi un positionnement optimal de vos instruments de mesure pour une acquisition de donn\u00e9es pr\u00e9cise.<\/p>","protected":false},"excerpt":{"rendered":"<ul>\n<li>Fournit un support stable pour les mini-poteaux prismatiques<\/li>\n<li>Construction en aluminium \u00e0 oxyde d&#039;argent pour une durabilit\u00e9 accrue<\/li>\n<li>Hauteur compacte de 22 cm pour un positionnement polyvalent<\/li>\n<li>Conception l\u00e9g\u00e8re pour une portabilit\u00e9 ais\u00e9e<\/li>\n<\/ul>","protected":false},"featured_media":2942,"comment_status":"open","ping_status":"closed","template":"","meta":[],"product_brand":[],"product_cat":[91,108],"product_tag":[],"class_list":{"0":"post-2939","1":"product","2":"type-product","3":"status-publish","4":"has-post-thumbnail","6":"product_cat-bipod-tripod","7":"product_cat-thumb-release-bipod","9":"first","10":"instock","11":"shipping-taxable","12":"product-type-simple"},"_links":{"self":[{"href":"https:\/\/mountlaser.com\/fr_fr\/wp-json\/wp\/v2\/product\/2939","targetHints":{"allow":["GET"]}}],"collection":[{"href":"https:\/\/mountlaser.com\/fr_fr\/wp-json\/wp\/v2\/product"}],"about":[{"href":"https:\/\/mountlaser.com\/fr_fr\/wp-json\/wp\/v2\/types\/product"}],"replies":[{"embeddable":true,"href":"https:\/\/mountlaser.com\/fr_fr\/wp-json\/wp\/v2\/comments?post=2939"}],"wp:featuredmedia":[{"embeddable":true,"href":"https:\/\/mountlaser.com\/fr_fr\/wp-json\/wp\/v2\/media\/2942"}],"wp:attachment":[{"href":"https:\/\/mountlaser.com\/fr_fr\/wp-json\/wp\/v2\/media?parent=2939"}],"wp:term":[{"taxonomy":"product_brand","embeddable":true,"href":"https:\/\/mountlaser.com\/fr_fr\/wp-json\/wp\/v2\/product_brand?post=2939"},{"taxonomy":"product_cat","embeddable":true,"href":"https:\/\/mountlaser.com\/fr_fr\/wp-json\/wp\/v2\/product_cat?post=2939"},{"taxonomy":"product_tag","embeddable":true,"href":"https:\/\/mountlaser.com\/fr_fr\/wp-json\/wp\/v2\/product_tag?post=2939"}],"curies":[{"name":"wp","href":"https:\/\/api.w.org\/{rel}","templated":true}]}}