{"id":2929,"date":"2025-10-24T08:48:43","date_gmt":"2025-10-24T08:48:43","guid":{"rendered":"https:\/\/mountlaser.com\/?post_type=product&#038;p=2929"},"modified":"2025-11-28T05:15:52","modified_gmt":"2025-11-28T05:15:52","slug":"fpps-aluminum-pole-tripod","status":"publish","type":"product","link":"https:\/\/mountlaser.com\/fr_fr\/produit\/fpps-aluminum-pole-tripod\/","title":{"rendered":"Tr\u00e9pied \u00e0 perche en aluminium FPPS"},"content":{"rendered":"<p>Le <a href=\"https:\/\/mountlaser.com\/fr_fr\/\"><strong>Tr\u00e9pied \u00e0 perche en aluminium FPPS<\/strong><\/a> Offrant une stabilit\u00e9 et une polyvalence professionnelles pour les applications topographiques modernes, ce tr\u00e9pied t\u00e9lescopique en aluminium robuste assure un support exceptionnel pour les mini-prismes avec leurs hampes, les hampes prismatiques et les niveaux. Fabriqu\u00e9 en aluminium haute r\u00e9sistance, ce tr\u00e9pied durable allie l\u00e9g\u00e8ret\u00e9 et robustesse, ce qui le rend id\u00e9al pour une utilisation prolong\u00e9e sur le terrain.<\/p>\n<p><img fetchpriority=\"high\" decoding=\"async\" class=\"aligncenter wp-image-2930\" src=\"https:\/\/mountlaser.com\/wp-content\/uploads\/2025\/10\/FPPS2-1.webp\" alt=\"Aluminum Telescoping Pole TriPod\" width=\"500\" height=\"500\" srcset=\"https:\/\/mountlaser.com\/wp-content\/uploads\/2025\/10\/FPPS2-1.webp 1000w, https:\/\/mountlaser.com\/wp-content\/uploads\/2025\/10\/FPPS2-1-300x300.webp 300w, https:\/\/mountlaser.com\/wp-content\/uploads\/2025\/10\/FPPS2-1-400x400.webp 400w, https:\/\/mountlaser.com\/wp-content\/uploads\/2025\/10\/FPPS2-1-800x800.webp 800w, https:\/\/mountlaser.com\/wp-content\/uploads\/2025\/10\/FPPS2-1-600x600.webp 600w, https:\/\/mountlaser.com\/wp-content\/uploads\/2025\/10\/FPPS2-1-150x150.webp 150w, https:\/\/mountlaser.com\/wp-content\/uploads\/2025\/10\/FPPS2-1-768x768.webp 768w, https:\/\/mountlaser.com\/wp-content\/uploads\/2025\/10\/FPPS2-1-12x12.webp 12w\" sizes=\"(max-width: 500px) 100vw, 500px\" \/><\/p>\n<p>Dot\u00e9 d&#039;une t\u00eate coulissante extra-longue de 150 mm et d&#039;une t\u00eate de type ciseaux \u00e0 mouvement libre, cet outil avanc\u00e9 <a href=\"https:\/\/mountlaser.com\/fr_fr\/about-us\/\"><strong>Tr\u00e9pied t\u00e9lescopique en aluminium<\/strong><\/a> Ce tr\u00e9pied offre une flexibilit\u00e9 de r\u00e9glage sup\u00e9rieure et un positionnement pr\u00e9cis des instruments. Gr\u00e2ce \u00e0 son impressionnante extension de 128 cm et sa construction robuste (diam\u00e8tre ext\u00e9rieur 18\/25 mm), il garantit des performances fiables sur tous types de terrains. Le syst\u00e8me de verrouillage par compression assure une installation rapide et un verrouillage s\u00e9curis\u00e9, tandis que le porte-tube universel accepte facilement les tubes de 25 \u00e0 30 mm de diam\u00e8tre et de 8 \u00e0 10 mm de diam\u00e8tre. L&#039;emballage complet comprend une housse de protection souple et une bo\u00eete int\u00e9rieure pour un transport ais\u00e9.<\/p>","protected":false},"excerpt":{"rendered":"<ul>\n<li>Construction l\u00e9g\u00e8re en aluminium avec un excellent rapport r\u00e9sistance\/poids<\/li>\n<li>Glissi\u00e8re \u00e0 t\u00eate de 150 mm avec t\u00eate de type ciseaux pour des r\u00e9glages pr\u00e9cis<\/li>\n<li>Extension de 128 cm avec m\u00e9canisme de verrouillage par compression<\/li>\n<li>Porte-filetage universel pour poteaux de \u044425-30 mm ou \u04448-10 mm<\/li>\n<\/ul>","protected":false},"featured_media":2932,"comment_status":"open","ping_status":"closed","template":"","meta":[],"product_brand":[],"product_cat":[91,107],"product_tag":[],"class_list":{"0":"post-2929","1":"product","2":"type-product","3":"status-publish","4":"has-post-thumbnail","6":"product_cat-bipod-tripod","7":"product_cat-aluminum-pole-tripod","9":"first","10":"instock","11":"shipping-taxable","12":"product-type-simple"},"_links":{"self":[{"href":"https:\/\/mountlaser.com\/fr_fr\/wp-json\/wp\/v2\/product\/2929","targetHints":{"allow":["GET"]}}],"collection":[{"href":"https:\/\/mountlaser.com\/fr_fr\/wp-json\/wp\/v2\/product"}],"about":[{"href":"https:\/\/mountlaser.com\/fr_fr\/wp-json\/wp\/v2\/types\/product"}],"replies":[{"embeddable":true,"href":"https:\/\/mountlaser.com\/fr_fr\/wp-json\/wp\/v2\/comments?post=2929"}],"wp:featuredmedia":[{"embeddable":true,"href":"https:\/\/mountlaser.com\/fr_fr\/wp-json\/wp\/v2\/media\/2932"}],"wp:attachment":[{"href":"https:\/\/mountlaser.com\/fr_fr\/wp-json\/wp\/v2\/media?parent=2929"}],"wp:term":[{"taxonomy":"product_brand","embeddable":true,"href":"https:\/\/mountlaser.com\/fr_fr\/wp-json\/wp\/v2\/product_brand?post=2929"},{"taxonomy":"product_cat","embeddable":true,"href":"https:\/\/mountlaser.com\/fr_fr\/wp-json\/wp\/v2\/product_cat?post=2929"},{"taxonomy":"product_tag","embeddable":true,"href":"https:\/\/mountlaser.com\/fr_fr\/wp-json\/wp\/v2\/product_tag?post=2929"}],"curies":[{"name":"wp","href":"https:\/\/api.w.org\/{rel}","templated":true}]}}