{"id":2922,"date":"2025-10-24T08:26:07","date_gmt":"2025-10-24T08:26:07","guid":{"rendered":"https:\/\/mountlaser.com\/?post_type=product&#038;p=2922"},"modified":"2025-11-28T05:16:56","modified_gmt":"2025-11-28T05:16:56","slug":"mpps-aluminum-pole-tripod","status":"publish","type":"product","link":"https:\/\/mountlaser.com\/fr_fr\/produit\/mpps-aluminum-pole-tripod\/","title":{"rendered":"Tr\u00e9pied \u00e0 perche en aluminium MPPS"},"content":{"rendered":"<p>Le <a href=\"https:\/\/mountlaser.com\/fr_fr\/\"><strong>Tr\u00e9pied \u00e0 perche en aluminium MPPS<\/strong> <\/a>Ce tr\u00e9pied de pr\u00e9cision pour jalonneurs est con\u00e7u pour les g\u00e9om\u00e8tres professionnels exigeant fiabilit\u00e9 et polyvalence sur le terrain. Robuste, il offre une stabilit\u00e9 exceptionnelle aux mini-prismes avec hampe, aux hampes prismatiques et aux mires de nivellement. Fabriqu\u00e9 en aluminium de haute qualit\u00e9, ce tr\u00e9pied allie l\u00e9g\u00e8ret\u00e9 et durabilit\u00e9 remarquable, ce qui le rend id\u00e9al pour les applications les plus exigeantes.<\/p>\n<p><img fetchpriority=\"high\" decoding=\"async\" class=\"aligncenter wp-image-2923\" src=\"https:\/\/mountlaser.com\/wp-content\/uploads\/2025\/10\/MPPS-2.webp\" alt=\"Aluminum Range Pole Tripod\" width=\"500\" height=\"500\" srcset=\"https:\/\/mountlaser.com\/wp-content\/uploads\/2025\/10\/MPPS-2.webp 1000w, https:\/\/mountlaser.com\/wp-content\/uploads\/2025\/10\/MPPS-2-300x300.webp 300w, https:\/\/mountlaser.com\/wp-content\/uploads\/2025\/10\/MPPS-2-400x400.webp 400w, https:\/\/mountlaser.com\/wp-content\/uploads\/2025\/10\/MPPS-2-800x800.webp 800w, https:\/\/mountlaser.com\/wp-content\/uploads\/2025\/10\/MPPS-2-600x600.webp 600w, https:\/\/mountlaser.com\/wp-content\/uploads\/2025\/10\/MPPS-2-150x150.webp 150w, https:\/\/mountlaser.com\/wp-content\/uploads\/2025\/10\/MPPS-2-768x768.webp 768w, https:\/\/mountlaser.com\/wp-content\/uploads\/2025\/10\/MPPS-2-12x12.webp 12w\" sizes=\"(max-width: 500px) 100vw, 500px\" \/><\/p>\n<p>Dot\u00e9 d&#039;un rail de t\u00eate de 80 mm et d&#039;une t\u00eate de type ciseaux \u00e0 mouvement libre, ce<a href=\"https:\/\/mountlaser.com\/fr_fr\/about-us\/\"> <strong>Tr\u00e9pied en aluminium pour perche de gamme<\/strong><\/a> Ce tr\u00e9pied permet des r\u00e9glages pr\u00e9cis et un alignement optimal des instruments topographiques. Ses pieds t\u00e9lescopiques, s\u00e9curis\u00e9s par un syst\u00e8me de verrouillage \u00e0 compression, s&#039;\u00e9tendent jusqu&#039;\u00e0 90 cm tout en conservant leur rigidit\u00e9. Avec un diam\u00e8tre ext\u00e9rieur de 18\/25 mm, il assure une stabilit\u00e9 parfaite sur tous types de terrains. Pour plus de praticit\u00e9, il est fourni avec une housse de transport souple et une bo\u00eete int\u00e9rieure, offrant protection et facilit\u00e9 de transport.<\/p>","protected":false},"excerpt":{"rendered":"<ul>\n<li>Fournit un support stable pour les mini-prismes avec poteaux, les poteaux prismatiques et les mires de nivellement.<\/li>\n<li>Construction l\u00e9g\u00e8re en aluminium pour une portabilit\u00e9 accrue et une utilisation \u00e0 long terme<\/li>\n<li>T\u00eate de type ciseaux avec curseur de 80 mm pour des r\u00e9glages flexibles et pr\u00e9cis.<\/li>\n<\/ul>","protected":false},"featured_media":2925,"comment_status":"open","ping_status":"closed","template":"","meta":[],"product_brand":[],"product_cat":[91,107],"product_tag":[],"class_list":{"0":"post-2922","1":"product","2":"type-product","3":"status-publish","4":"has-post-thumbnail","6":"product_cat-bipod-tripod","7":"product_cat-aluminum-pole-tripod","9":"first","10":"instock","11":"shipping-taxable","12":"product-type-simple"},"_links":{"self":[{"href":"https:\/\/mountlaser.com\/fr_fr\/wp-json\/wp\/v2\/product\/2922","targetHints":{"allow":["GET"]}}],"collection":[{"href":"https:\/\/mountlaser.com\/fr_fr\/wp-json\/wp\/v2\/product"}],"about":[{"href":"https:\/\/mountlaser.com\/fr_fr\/wp-json\/wp\/v2\/types\/product"}],"replies":[{"embeddable":true,"href":"https:\/\/mountlaser.com\/fr_fr\/wp-json\/wp\/v2\/comments?post=2922"}],"wp:featuredmedia":[{"embeddable":true,"href":"https:\/\/mountlaser.com\/fr_fr\/wp-json\/wp\/v2\/media\/2925"}],"wp:attachment":[{"href":"https:\/\/mountlaser.com\/fr_fr\/wp-json\/wp\/v2\/media?parent=2922"}],"wp:term":[{"taxonomy":"product_brand","embeddable":true,"href":"https:\/\/mountlaser.com\/fr_fr\/wp-json\/wp\/v2\/product_brand?post=2922"},{"taxonomy":"product_cat","embeddable":true,"href":"https:\/\/mountlaser.com\/fr_fr\/wp-json\/wp\/v2\/product_cat?post=2922"},{"taxonomy":"product_tag","embeddable":true,"href":"https:\/\/mountlaser.com\/fr_fr\/wp-json\/wp\/v2\/product_tag?post=2922"}],"curies":[{"name":"wp","href":"https:\/\/api.w.org\/{rel}","templated":true}]}}