{"id":2913,"date":"2025-10-24T08:19:59","date_gmt":"2025-10-24T08:19:59","guid":{"rendered":"https:\/\/mountlaser.com\/?post_type=product&#038;p=2913"},"modified":"2025-11-28T05:18:24","modified_gmt":"2025-11-28T05:18:24","slug":"pps-aluminum-pole-tripod","status":"publish","type":"product","link":"https:\/\/mountlaser.com\/fr_fr\/produit\/pps-aluminum-pole-tripod\/","title":{"rendered":"Tr\u00e9pied en aluminium PPS"},"content":{"rendered":"<p>Le <a href=\"https:\/\/mountlaser.com\/fr_fr\/\"><strong>Tr\u00e9pied en aluminium PPS<\/strong><\/a> Offre une stabilit\u00e9 et une polyvalence de niveau professionnel pour les applications topographiques modernes. Con\u00e7u pour \u00eatre fiable <a href=\"https:\/\/mountlaser.com\/fr_fr\/products\/\"><strong>Tr\u00e9pied en aluminium avec pince<\/strong><\/a>, Ce tr\u00e9pied \u00e0 perche en aluminium avec pince est dot\u00e9 d&#039;un syst\u00e8me de verrouillage par compression robuste qui assure un positionnement s\u00fbr et une installation rapide. Fabriqu\u00e9 en aluminium haute r\u00e9sistance, il offre un \u00e9quilibre optimal entre l\u00e9g\u00e8ret\u00e9 et durabilit\u00e9, ce qui le rend id\u00e9al pour une utilisation prolong\u00e9e sur le terrain avec des mini-prismes, des perches \u00e0 prisme et des niveaux.<\/p>\n<p>&nbsp;<\/p>\n<p><img fetchpriority=\"high\" decoding=\"async\" class=\"aligncenter wp-image-2917\" src=\"https:\/\/mountlaser.com\/wp-content\/uploads\/2025\/10\/PPS-5-1.webp\" alt=\"Prism Pole Tripod \" width=\"500\" height=\"500\" srcset=\"https:\/\/mountlaser.com\/wp-content\/uploads\/2025\/10\/PPS-5-1.webp 1000w, https:\/\/mountlaser.com\/wp-content\/uploads\/2025\/10\/PPS-5-1-300x300.webp 300w, https:\/\/mountlaser.com\/wp-content\/uploads\/2025\/10\/PPS-5-1-400x400.webp 400w, https:\/\/mountlaser.com\/wp-content\/uploads\/2025\/10\/PPS-5-1-800x800.webp 800w, https:\/\/mountlaser.com\/wp-content\/uploads\/2025\/10\/PPS-5-1-600x600.webp 600w, https:\/\/mountlaser.com\/wp-content\/uploads\/2025\/10\/PPS-5-1-150x150.webp 150w, https:\/\/mountlaser.com\/wp-content\/uploads\/2025\/10\/PPS-5-1-768x768.webp 768w, https:\/\/mountlaser.com\/wp-content\/uploads\/2025\/10\/PPS-5-1-12x12.webp 12w\" sizes=\"(max-width: 500px) 100vw, 500px\" \/><\/p>\n<p>Le <a href=\"https:\/\/mountlaser.com\/fr_fr\/contact-us\/\">Tr\u00e9pied \u00e0 prisme<\/a>\u2018Ce tr\u00e9pied professionnel en aluminium avec pince offre une stabilit\u00e9 exceptionnelle sur tous types de terrains et dans toutes les conditions de travail. Sa conception avanc\u00e9e comprend une t\u00eate coulissante de 115 mm associ\u00e9e \u00e0 une rotule \u00e0 ciseaux mobile, pour une flexibilit\u00e9 de r\u00e9glage optimale et un alignement pr\u00e9cis des instruments. Gr\u00e2ce \u00e0 son extension g\u00e9n\u00e9reuse de 120 cm et sa construction robuste (diam\u00e8tre ext\u00e9rieur 18\/25 mm), il est dot\u00e9 de pieds t\u00e9lescopiques avec syst\u00e8me de verrouillage par compression. Les pieds t\u00e9lescopiques assurent un support fiable, tandis que l&#039;\u00e9tui souple et la bo\u00eete int\u00e9rieure inclus facilitent le transport et le rangement.<\/p>","protected":false},"excerpt":{"rendered":"<ul>\n<li>Syst\u00e8me de verrouillage par pince de compression pour tr\u00e9pied \u00e0 perche prismatique, assurant une installation s\u00fbre et rapide.<\/li>\n<li>Curseur \u00e0 t\u00eate de 115 mm avec t\u00eate de type ciseaux pour des r\u00e9glages pr\u00e9cis<\/li>\n<li>Construction l\u00e9g\u00e8re en aluminium avec un rapport r\u00e9sistance\/poids \u00e9lev\u00e9<\/li>\n<\/ul>","protected":false},"featured_media":2915,"comment_status":"open","ping_status":"closed","template":"","meta":[],"product_brand":[],"product_cat":[91,107],"product_tag":[],"class_list":{"0":"post-2913","1":"product","2":"type-product","3":"status-publish","4":"has-post-thumbnail","6":"product_cat-bipod-tripod","7":"product_cat-aluminum-pole-tripod","9":"first","10":"instock","11":"shipping-taxable","12":"product-type-simple"},"_links":{"self":[{"href":"https:\/\/mountlaser.com\/fr_fr\/wp-json\/wp\/v2\/product\/2913","targetHints":{"allow":["GET"]}}],"collection":[{"href":"https:\/\/mountlaser.com\/fr_fr\/wp-json\/wp\/v2\/product"}],"about":[{"href":"https:\/\/mountlaser.com\/fr_fr\/wp-json\/wp\/v2\/types\/product"}],"replies":[{"embeddable":true,"href":"https:\/\/mountlaser.com\/fr_fr\/wp-json\/wp\/v2\/comments?post=2913"}],"wp:featuredmedia":[{"embeddable":true,"href":"https:\/\/mountlaser.com\/fr_fr\/wp-json\/wp\/v2\/media\/2915"}],"wp:attachment":[{"href":"https:\/\/mountlaser.com\/fr_fr\/wp-json\/wp\/v2\/media?parent=2913"}],"wp:term":[{"taxonomy":"product_brand","embeddable":true,"href":"https:\/\/mountlaser.com\/fr_fr\/wp-json\/wp\/v2\/product_brand?post=2913"},{"taxonomy":"product_cat","embeddable":true,"href":"https:\/\/mountlaser.com\/fr_fr\/wp-json\/wp\/v2\/product_cat?post=2913"},{"taxonomy":"product_tag","embeddable":true,"href":"https:\/\/mountlaser.com\/fr_fr\/wp-json\/wp\/v2\/product_tag?post=2913"}],"curies":[{"name":"wp","href":"https:\/\/api.w.org\/{rel}","templated":true}]}}