{"id":2906,"date":"2025-10-24T08:07:11","date_gmt":"2025-10-24T08:07:11","guid":{"rendered":"https:\/\/mountlaser.com\/?post_type=product&#038;p=2906"},"modified":"2025-11-28T05:19:19","modified_gmt":"2025-11-28T05:19:19","slug":"qpps-aluminum-pole-tripod","status":"publish","type":"product","link":"https:\/\/mountlaser.com\/fr_fr\/produit\/qpps-aluminum-pole-tripod\/","title":{"rendered":"Tr\u00e9pied en aluminium QPPS"},"content":{"rendered":"<p>Le <a href=\"https:\/\/mountlaser.com\/fr_fr\/\"><strong>Tr\u00e9pied en aluminium QPPS<\/strong><\/a> Ce tr\u00e9pied \u00e0 perche en aluminium avec pince \u00e9tablit une nouvelle norme d&#039;efficacit\u00e9 pour les \u00e9quipements de topographie. Son m\u00e9canisme de fixation rapide innovant r\u00e9duit consid\u00e9rablement le temps d&#039;installation tout en assurant une stabilit\u00e9 exceptionnelle pour les mini-prismes avec perche, les perches prismatiques et les nivelles. Fabriqu\u00e9 avec des mat\u00e9riaux en aluminium de haute qualit\u00e9, ce tr\u00e9pied professionnel offre un \u00e9quilibre parfait entre l\u00e9g\u00e8ret\u00e9 et robustesse, garantissant des performances fiables m\u00eame dans les conditions de terrain les plus exigeantes.<\/p>\n<p><img fetchpriority=\"high\" decoding=\"async\" class=\"aligncenter wp-image-2909\" src=\"https:\/\/mountlaser.com\/wp-content\/uploads\/2025\/10\/QPPS-5.webp\" alt=\"Aluminum Pole Tripod with Clamp\" width=\"500\" height=\"500\" srcset=\"https:\/\/mountlaser.com\/wp-content\/uploads\/2025\/10\/QPPS-5.webp 1000w, https:\/\/mountlaser.com\/wp-content\/uploads\/2025\/10\/QPPS-5-300x300.webp 300w, https:\/\/mountlaser.com\/wp-content\/uploads\/2025\/10\/QPPS-5-400x400.webp 400w, https:\/\/mountlaser.com\/wp-content\/uploads\/2025\/10\/QPPS-5-800x800.webp 800w, https:\/\/mountlaser.com\/wp-content\/uploads\/2025\/10\/QPPS-5-600x600.webp 600w, https:\/\/mountlaser.com\/wp-content\/uploads\/2025\/10\/QPPS-5-150x150.webp 150w, https:\/\/mountlaser.com\/wp-content\/uploads\/2025\/10\/QPPS-5-768x768.webp 768w, https:\/\/mountlaser.com\/wp-content\/uploads\/2025\/10\/QPPS-5-12x12.webp 12w\" sizes=\"(max-width: 500px) 100vw, 500px\" \/><\/p>\n<p>La caract\u00e9ristique distinctive de ce tr\u00e9pied est son syst\u00e8me de fixation rapide, qui permet un d\u00e9ploiement rapide et un verrouillage s\u00fbr des jambes t\u00e9lescopiques. Combin\u00e9 \u00e0 la t\u00eate \u00e0 ciseaux \u00e0 mouvement libre, ce syst\u00e8me offre une grande flexibilit\u00e9 d&#039;utilisation. <a href=\"https:\/\/mountlaser.com\/fr_fr\/products\/\"><strong>Tr\u00e9pied en aluminium avec pince<\/strong><\/a> Offrant une flexibilit\u00e9 de r\u00e9glage in\u00e9gal\u00e9e et un positionnement pr\u00e9cis des instruments, ce support t\u00e9lescopique s&#039;adapte \u00e0 diff\u00e9rentes hauteurs de travail gr\u00e2ce \u00e0 son impressionnante extension de 120 cm. Sa construction robuste de 18\/25 mm de diam\u00e8tre ext\u00e9rieur assure une stabilit\u00e9 optimale. Livr\u00e9 avec une housse de protection souple et une bo\u00eete int\u00e9rieure, il est id\u00e9al pour le transport et le rangement.<\/p>","protected":false},"excerpt":{"rendered":"<ul>\n<li>M\u00e9canisme de serrage \u00e0 d\u00e9gagement rapide pour un d\u00e9ploiement rapide et un verrouillage s\u00e9curis\u00e9<\/li>\n<li>Supporte les mini-prismes avec des poteaux, les poteaux prismatiques et les niveleurs.<\/li>\n<li>Construction l\u00e9g\u00e8re en aluminium avec un rapport r\u00e9sistance\/poids \u00e9lev\u00e9<\/li>\n<li>Extension de 120 cm avec syst\u00e8me de but\u00e9e pour pieds t\u00e9lescopiques<\/li>\n<\/ul>","protected":false},"featured_media":2907,"comment_status":"open","ping_status":"closed","template":"","meta":[],"product_brand":[],"product_cat":[91,107],"product_tag":[],"class_list":{"0":"post-2906","1":"product","2":"type-product","3":"status-publish","4":"has-post-thumbnail","6":"product_cat-bipod-tripod","7":"product_cat-aluminum-pole-tripod","9":"first","10":"instock","11":"shipping-taxable","12":"product-type-simple"},"_links":{"self":[{"href":"https:\/\/mountlaser.com\/fr_fr\/wp-json\/wp\/v2\/product\/2906","targetHints":{"allow":["GET"]}}],"collection":[{"href":"https:\/\/mountlaser.com\/fr_fr\/wp-json\/wp\/v2\/product"}],"about":[{"href":"https:\/\/mountlaser.com\/fr_fr\/wp-json\/wp\/v2\/types\/product"}],"replies":[{"embeddable":true,"href":"https:\/\/mountlaser.com\/fr_fr\/wp-json\/wp\/v2\/comments?post=2906"}],"wp:featuredmedia":[{"embeddable":true,"href":"https:\/\/mountlaser.com\/fr_fr\/wp-json\/wp\/v2\/media\/2907"}],"wp:attachment":[{"href":"https:\/\/mountlaser.com\/fr_fr\/wp-json\/wp\/v2\/media?parent=2906"}],"wp:term":[{"taxonomy":"product_brand","embeddable":true,"href":"https:\/\/mountlaser.com\/fr_fr\/wp-json\/wp\/v2\/product_brand?post=2906"},{"taxonomy":"product_cat","embeddable":true,"href":"https:\/\/mountlaser.com\/fr_fr\/wp-json\/wp\/v2\/product_cat?post=2906"},{"taxonomy":"product_tag","embeddable":true,"href":"https:\/\/mountlaser.com\/fr_fr\/wp-json\/wp\/v2\/product_tag?post=2906"}],"curies":[{"name":"wp","href":"https:\/\/api.w.org\/{rel}","templated":true}]}}