{"id":2899,"date":"2025-10-24T07:49:14","date_gmt":"2025-10-24T07:49:14","guid":{"rendered":"https:\/\/mountlaser.com\/?post_type=product&#038;p=2899"},"modified":"2025-11-28T05:20:44","modified_gmt":"2025-11-28T05:20:44","slug":"cpps-aluminum-pole-tripod","status":"publish","type":"product","link":"https:\/\/mountlaser.com\/fr_fr\/produit\/cpps-aluminum-pole-tripod\/","title":{"rendered":"Tr\u00e9pied en aluminium CPPS"},"content":{"rendered":"<p>Le tr\u00e9pied \u00e0 perche en aluminium CPPS est un syst\u00e8me de support de qualit\u00e9 professionnelle con\u00e7u sp\u00e9cifiquement pour les applications topographiques. Ce tr\u00e9pied polyvalent <a href=\"https:\/\/mountlaser.com\/fr_fr\/about-us\/\"><strong>Tr\u00e9pied \u00e0 prisme en aluminium<\/strong><\/a> Ce tr\u00e9pied pour prisme assure une stabilisation fiable des mini-prismes avec perche, des perches \u00e0 prisme standard et des niveleurs. Fabriqu\u00e9 en alliage d&#039;aluminium de haute qualit\u00e9, il offre un \u00e9quilibre optimal entre l\u00e9g\u00e8ret\u00e9, portabilit\u00e9 et robustesse exceptionnelle, garantissant une performance durable m\u00eame dans des conditions de terrain exigeantes.<\/p>\n<p>Ce tr\u00e9pied est dot\u00e9 d&#039;une t\u00eate articul\u00e9e \u00e0 ciseaux permettant des r\u00e9glages pr\u00e9cis et fluides de vos instruments de mesure. Gr\u00e2ce \u00e0 son syst\u00e8me de blocage t\u00e9lescopique pratique, les pieds se d\u00e9ploient et se verrouillent en toute s\u00e9curit\u00e9, assurant une stabilit\u00e9 optimale sur tous types de terrains. Le m\u00e9canisme de verrouillage par compression garantit une installation rapide et un fonctionnement fiable. Pour un transport et un rangement ais\u00e9s, le kit complet comprend une housse de protection souple et une bo\u00eete int\u00e9rieure, faisant de ce tr\u00e9pied \u00e0 prisme en aluminium le compagnon id\u00e9al des g\u00e9om\u00e8tres itin\u00e9rants.<\/p>\n<p><strong><a href=\"https:\/\/mountlaser.com\/fr_fr\/contact-us\/\">Tr\u00e9pied en aluminium CPPS<\/a>:<\/strong><\/p>\n<p>EXTENSION : 60 cm<\/p>\n<p>DIAM\u00c8TRE : OD 18\/25 mm<\/p>\n<p>VERROUILLAGE : Compression<\/p>\n<p>&nbsp;<\/p>\n<p><img fetchpriority=\"high\" decoding=\"async\" class=\"aligncenter wp-image-2901\" src=\"https:\/\/mountlaser.com\/wp-content\/uploads\/2025\/10\/CPPS-2.webp\" alt=\"Aluminum Prism Pole Tripod\" width=\"500\" height=\"500\" srcset=\"https:\/\/mountlaser.com\/wp-content\/uploads\/2025\/10\/CPPS-2.webp 1000w, https:\/\/mountlaser.com\/wp-content\/uploads\/2025\/10\/CPPS-2-300x300.webp 300w, https:\/\/mountlaser.com\/wp-content\/uploads\/2025\/10\/CPPS-2-400x400.webp 400w, https:\/\/mountlaser.com\/wp-content\/uploads\/2025\/10\/CPPS-2-800x800.webp 800w, https:\/\/mountlaser.com\/wp-content\/uploads\/2025\/10\/CPPS-2-600x600.webp 600w, https:\/\/mountlaser.com\/wp-content\/uploads\/2025\/10\/CPPS-2-150x150.webp 150w, https:\/\/mountlaser.com\/wp-content\/uploads\/2025\/10\/CPPS-2-768x768.webp 768w, https:\/\/mountlaser.com\/wp-content\/uploads\/2025\/10\/CPPS-2-12x12.webp 12w\" sizes=\"(max-width: 500px) 100vw, 500px\" \/><\/p>","protected":false},"excerpt":{"rendered":"<ul>\n<li>Fournit un support stable pour les mini-prismes avec poteaux, les poteaux prismatiques et les mires de nivellement.<\/li>\n<li>Construction l\u00e9g\u00e8re en aluminium avec un rapport r\u00e9sistance\/poids \u00e9lev\u00e9<\/li>\n<li>Pieds t\u00e9lescopiques avec syst\u00e8me de verrouillage par compression pour un positionnement s\u00e9curis\u00e9<\/li>\n<\/ul>","protected":false},"featured_media":2902,"comment_status":"open","ping_status":"closed","template":"","meta":[],"product_brand":[],"product_cat":[91,107],"product_tag":[],"class_list":{"0":"post-2899","1":"product","2":"type-product","3":"status-publish","4":"has-post-thumbnail","6":"product_cat-bipod-tripod","7":"product_cat-aluminum-pole-tripod","9":"first","10":"instock","11":"shipping-taxable","12":"product-type-simple"},"_links":{"self":[{"href":"https:\/\/mountlaser.com\/fr_fr\/wp-json\/wp\/v2\/product\/2899","targetHints":{"allow":["GET"]}}],"collection":[{"href":"https:\/\/mountlaser.com\/fr_fr\/wp-json\/wp\/v2\/product"}],"about":[{"href":"https:\/\/mountlaser.com\/fr_fr\/wp-json\/wp\/v2\/types\/product"}],"replies":[{"embeddable":true,"href":"https:\/\/mountlaser.com\/fr_fr\/wp-json\/wp\/v2\/comments?post=2899"}],"wp:featuredmedia":[{"embeddable":true,"href":"https:\/\/mountlaser.com\/fr_fr\/wp-json\/wp\/v2\/media\/2902"}],"wp:attachment":[{"href":"https:\/\/mountlaser.com\/fr_fr\/wp-json\/wp\/v2\/media?parent=2899"}],"wp:term":[{"taxonomy":"product_brand","embeddable":true,"href":"https:\/\/mountlaser.com\/fr_fr\/wp-json\/wp\/v2\/product_brand?post=2899"},{"taxonomy":"product_cat","embeddable":true,"href":"https:\/\/mountlaser.com\/fr_fr\/wp-json\/wp\/v2\/product_cat?post=2899"},{"taxonomy":"product_tag","embeddable":true,"href":"https:\/\/mountlaser.com\/fr_fr\/wp-json\/wp\/v2\/product_tag?post=2899"}],"curies":[{"name":"wp","href":"https:\/\/api.w.org\/{rel}","templated":true}]}}