{"id":2878,"date":"2025-10-23T08:18:04","date_gmt":"2025-10-23T08:18:04","guid":{"rendered":"https:\/\/mountlaser.com\/?post_type=product&#038;p=2878"},"modified":"2025-11-28T05:24:11","modified_gmt":"2025-11-28T05:24:11","slug":"tps02-sl-triangle-prism-support","status":"publish","type":"product","link":"https:\/\/mountlaser.com\/fr_fr\/produit\/tps02-sl-triangle-prism-support\/","title":{"rendered":"Support de prisme triangulaire TPS02-SL"},"content":{"rendered":"<p>Garantissez une pr\u00e9cision sup\u00e9rieure pour les lev\u00e9s topographiques \u00e0 faible hauteur gr\u00e2ce au laser de montage <a href=\"https:\/\/mountlaser.com\/fr_fr\/\"><strong>Support de prisme triangulaire TPS02-SL<\/strong><\/a>. Cet accessoire de conception professionnelle offre une stabilit\u00e9 exceptionnelle \u00e0 votre prisme dans les situations o\u00f9 les supports de prisme standard sont inadapt\u00e9s. Enti\u00e8rement fabriqu\u00e9 en acier inoxydable durable, le TPS02-SL est con\u00e7u pour r\u00e9sister aux conditions difficiles des chantiers tout en garantissant des performances fiables.<\/p>\n<p>Le <a href=\"https:\/\/mountlaser.com\/fr_fr\/about-us\/\"><strong>Support pour mini prisme triangulaire<\/strong> <\/a>Ce niveleur \u00e0 deux niveaux \u00e0 bulle longs est dot\u00e9 d&#039;un syst\u00e8me de nivellement avanc\u00e9 avec deux niveaux \u00e0 bulle longs et pr\u00e9cis, permettant un alignement pr\u00e9cis sur plusieurs axes. Cette caract\u00e9ristique essentielle, associ\u00e9e \u00e0 deux vis de r\u00e9glage des pieds, permet aux g\u00e9om\u00e8tres d&#039;obtenir un nivellement parfait rapidement et efficacement, m\u00eame sur des terrains accident\u00e9s. Sa construction robuste en acier inoxydable garantit une durabilit\u00e9 \u00e0 long terme, faisant de ce support un outil fiable pour tous vos travaux de lev\u00e9s topographiques en hauteur.<\/p>\n<p><img fetchpriority=\"high\" decoding=\"async\" class=\"aligncenter wp-image-2883\" src=\"https:\/\/mountlaser.com\/wp-content\/uploads\/2025\/10\/TPS02-AL5.webp\" alt=\"TPS02-SL Triangle prism support\" width=\"500\" height=\"500\" srcset=\"https:\/\/mountlaser.com\/wp-content\/uploads\/2025\/10\/TPS02-AL5.webp 1000w, https:\/\/mountlaser.com\/wp-content\/uploads\/2025\/10\/TPS02-AL5-300x300.webp 300w, https:\/\/mountlaser.com\/wp-content\/uploads\/2025\/10\/TPS02-AL5-400x400.webp 400w, https:\/\/mountlaser.com\/wp-content\/uploads\/2025\/10\/TPS02-AL5-800x800.webp 800w, https:\/\/mountlaser.com\/wp-content\/uploads\/2025\/10\/TPS02-AL5-600x600.webp 600w, https:\/\/mountlaser.com\/wp-content\/uploads\/2025\/10\/TPS02-AL5-150x150.webp 150w, https:\/\/mountlaser.com\/wp-content\/uploads\/2025\/10\/TPS02-AL5-768x768.webp 768w, https:\/\/mountlaser.com\/wp-content\/uploads\/2025\/10\/TPS02-AL5-12x12.webp 12w\" sizes=\"(max-width: 500px) 100vw, 500px\" \/><\/p>\n<p>En tant que polyvalent <a href=\"https:\/\/mountlaser.com\/fr_fr\/contact-us\/\">Support pour mini prisme triangulaire<\/a> Avec ses deux niveaux \u00e0 bulle allong\u00e9s, le support de prisme triangulaire TPS02-SL excelle dans diverses applications, notamment les lev\u00e9s topographiques de pr\u00e9cision, l&#039;implantation de chantiers et autres travaux de mesure de haute pr\u00e9cision au ras du sol. Son filetage suisse garantit une compatibilit\u00e9 parfaite avec votre \u00e9quipement topographique, vous assurant une s\u00e9r\u00e9nit\u00e9 totale lors de vos mesures critiques. Optez pour ce mini support de prisme triangulaire professionnel \u00e0 deux niveaux \u00e0 bulle allong\u00e9s pour une pr\u00e9cision et une fiabilit\u00e9 in\u00e9gal\u00e9es dans tous vos projets topographiques.<\/p>","protected":false},"excerpt":{"rendered":"<p>\u2022 Comporte deux vis de r\u00e9glage pour un nivellement facile et pr\u00e9cis<br \/>\n\u2022 Int\u00e8gre deux longues bulles pour un alignement multi-axes pr\u00e9cis<br \/>\n\u2022 Fabriqu\u00e9 en acier inoxydable durable pour une dur\u00e9e de vie prolong\u00e9e<br \/>\n\u2022 Utilise un filetage suisse pour une compatibilit\u00e9 s\u00e9curis\u00e9e avec les \u00e9quipements<\/p>","protected":false},"featured_media":2882,"comment_status":"open","ping_status":"closed","template":"","meta":[],"product_brand":[],"product_cat":[106,91],"product_tag":[],"class_list":{"0":"post-2878","1":"product","2":"type-product","3":"status-publish","4":"has-post-thumbnail","6":"product_cat-triangle-prism-support","7":"product_cat-bipod-tripod","9":"first","10":"instock","11":"shipping-taxable","12":"product-type-simple"},"_links":{"self":[{"href":"https:\/\/mountlaser.com\/fr_fr\/wp-json\/wp\/v2\/product\/2878","targetHints":{"allow":["GET"]}}],"collection":[{"href":"https:\/\/mountlaser.com\/fr_fr\/wp-json\/wp\/v2\/product"}],"about":[{"href":"https:\/\/mountlaser.com\/fr_fr\/wp-json\/wp\/v2\/types\/product"}],"replies":[{"embeddable":true,"href":"https:\/\/mountlaser.com\/fr_fr\/wp-json\/wp\/v2\/comments?post=2878"}],"wp:featuredmedia":[{"embeddable":true,"href":"https:\/\/mountlaser.com\/fr_fr\/wp-json\/wp\/v2\/media\/2882"}],"wp:attachment":[{"href":"https:\/\/mountlaser.com\/fr_fr\/wp-json\/wp\/v2\/media?parent=2878"}],"wp:term":[{"taxonomy":"product_brand","embeddable":true,"href":"https:\/\/mountlaser.com\/fr_fr\/wp-json\/wp\/v2\/product_brand?post=2878"},{"taxonomy":"product_cat","embeddable":true,"href":"https:\/\/mountlaser.com\/fr_fr\/wp-json\/wp\/v2\/product_cat?post=2878"},{"taxonomy":"product_tag","embeddable":true,"href":"https:\/\/mountlaser.com\/fr_fr\/wp-json\/wp\/v2\/product_tag?post=2878"}],"curies":[{"name":"wp","href":"https:\/\/api.w.org\/{rel}","templated":true}]}}