{"id":2871,"date":"2025-10-23T07:44:04","date_gmt":"2025-10-23T07:44:04","guid":{"rendered":"https:\/\/mountlaser.com\/?post_type=product&#038;p=2871"},"modified":"2025-11-28T05:26:16","modified_gmt":"2025-11-28T05:26:16","slug":"tps01-ss-triangle-prism-support","status":"publish","type":"product","link":"https:\/\/mountlaser.com\/fr_fr\/produit\/tps01-ss-triangle-prism-support\/","title":{"rendered":"Support de prisme triangulaire TPS01-SS"},"content":{"rendered":"<p>B\u00e9n\u00e9ficiez d&#039;une stabilit\u00e9 et d&#039;une pr\u00e9cision in\u00e9gal\u00e9es lors de lev\u00e9s topographiques \u00e0 basse altitude gr\u00e2ce au support laser. <a href=\"https:\/\/mountlaser.com\/fr_fr\/\"><strong>Support de prisme triangulaire TPS01-SS<\/strong><\/a>. Con\u00e7u pour durer, ce support est la solution id\u00e9ale pour les travaux de pr\u00e9cision, le tra\u00e7age et autres applications o\u00f9 une perche prismatique standard n&#039;est pas envisageable.<\/p>\n<p>Le TPS01-SS est un appareil robuste <a href=\"https:\/\/mountlaser.com\/fr_fr\/about-us\/\"><strong>Support pour mini prisme triangulaire en acier inoxydable<\/strong><\/a> Sa construction robuste lui permet de r\u00e9sister \u00e0 la corrosion et aux conditions difficiles des chantiers. Deux vis de r\u00e9glage permettent une mise \u00e0 niveau rapide et facile sur les terrains accident\u00e9s, garantissant ainsi une verticalit\u00e9 parfaite du prisme pour une collecte de donn\u00e9es pr\u00e9cise. Un niveau \u00e0 bulle int\u00e9gr\u00e9 assure une v\u00e9rification visuelle instantan\u00e9e.<\/p>\n<p><img fetchpriority=\"high\" decoding=\"async\" class=\"aligncenter wp-image-2875\" src=\"https:\/\/mountlaser.com\/wp-content\/uploads\/2025\/10\/TPS-PS-4.webp\" alt=\"Mini Triangle Prism Support with Stainless steel\" width=\"500\" height=\"500\" srcset=\"https:\/\/mountlaser.com\/wp-content\/uploads\/2025\/10\/TPS-PS-4.webp 1000w, https:\/\/mountlaser.com\/wp-content\/uploads\/2025\/10\/TPS-PS-4-300x300.webp 300w, https:\/\/mountlaser.com\/wp-content\/uploads\/2025\/10\/TPS-PS-4-400x400.webp 400w, https:\/\/mountlaser.com\/wp-content\/uploads\/2025\/10\/TPS-PS-4-800x800.webp 800w, https:\/\/mountlaser.com\/wp-content\/uploads\/2025\/10\/TPS-PS-4-600x600.webp 600w, https:\/\/mountlaser.com\/wp-content\/uploads\/2025\/10\/TPS-PS-4-150x150.webp 150w, https:\/\/mountlaser.com\/wp-content\/uploads\/2025\/10\/TPS-PS-4-768x768.webp 768w, https:\/\/mountlaser.com\/wp-content\/uploads\/2025\/10\/TPS-PS-4-12x12.webp 12w\" sizes=\"(max-width: 500px) 100vw, 500px\" \/><\/p>\n<p>Enti\u00e8rement fabriqu\u00e9 \u00e0 partir de mat\u00e9riaux de haute qualit\u00e9, ce support garantit une fiabilit\u00e9 \u00e0 long terme. Pour une pr\u00e9cision et une fiabilit\u00e9 optimales. <a href=\"https:\/\/mountlaser.com\/fr_fr\/contact-us\/\">Support pour mini prisme triangulaire en acier inoxydable<\/a> Le TPS01-SS, particuli\u00e8rement performant dans les espaces restreints, est le choix id\u00e9al. Son filetage 5\/8\u2033-11 offre une large compatibilit\u00e9 avec vos prismes topographiques, ce qui en fait un outil indispensable pour les professionnels exigeants.<\/p>","protected":false},"excerpt":{"rendered":"<ul>\n<li>Fournit une base stable et discr\u00e8te pour les prismes lors des lev\u00e9s topographiques \u00e0 basse hauteur.<\/li>\n<li>Comporte deux vis de r\u00e9glage pour un nivellement simple et pr\u00e9cis sur terrain in\u00e9gal.<\/li>\n<li>Enti\u00e8rement fabriqu\u00e9 en acier inoxydable durable et r\u00e9sistant \u00e0 la corrosion.<\/li>\n<\/ul>","protected":false},"featured_media":2873,"comment_status":"open","ping_status":"closed","template":"","meta":[],"product_brand":[],"product_cat":[91,106],"product_tag":[],"class_list":{"0":"post-2871","1":"product","2":"type-product","3":"status-publish","4":"has-post-thumbnail","6":"product_cat-bipod-tripod","7":"product_cat-triangle-prism-support","9":"first","10":"instock","11":"shipping-taxable","12":"product-type-simple"},"_links":{"self":[{"href":"https:\/\/mountlaser.com\/fr_fr\/wp-json\/wp\/v2\/product\/2871","targetHints":{"allow":["GET"]}}],"collection":[{"href":"https:\/\/mountlaser.com\/fr_fr\/wp-json\/wp\/v2\/product"}],"about":[{"href":"https:\/\/mountlaser.com\/fr_fr\/wp-json\/wp\/v2\/types\/product"}],"replies":[{"embeddable":true,"href":"https:\/\/mountlaser.com\/fr_fr\/wp-json\/wp\/v2\/comments?post=2871"}],"wp:featuredmedia":[{"embeddable":true,"href":"https:\/\/mountlaser.com\/fr_fr\/wp-json\/wp\/v2\/media\/2873"}],"wp:attachment":[{"href":"https:\/\/mountlaser.com\/fr_fr\/wp-json\/wp\/v2\/media?parent=2871"}],"wp:term":[{"taxonomy":"product_brand","embeddable":true,"href":"https:\/\/mountlaser.com\/fr_fr\/wp-json\/wp\/v2\/product_brand?post=2871"},{"taxonomy":"product_cat","embeddable":true,"href":"https:\/\/mountlaser.com\/fr_fr\/wp-json\/wp\/v2\/product_cat?post=2871"},{"taxonomy":"product_tag","embeddable":true,"href":"https:\/\/mountlaser.com\/fr_fr\/wp-json\/wp\/v2\/product_tag?post=2871"}],"curies":[{"name":"wp","href":"https:\/\/api.w.org\/{rel}","templated":true}]}}