{"id":2870,"date":"2025-10-23T07:26:48","date_gmt":"2025-10-23T07:26:48","guid":{"rendered":"https:\/\/mountlaser.com\/?post_type=product&#038;p=2870"},"modified":"2025-11-28T05:27:56","modified_gmt":"2025-11-28T05:27:56","slug":"tps01-sl-triangle-prism-support","status":"publish","type":"product","link":"https:\/\/mountlaser.com\/fr_fr\/produit\/tps01-sl-triangle-prism-support\/","title":{"rendered":"Support de prisme triangulaire TPS01-SL"},"content":{"rendered":"<p>Garantissez une pr\u00e9cision optimale lors des lev\u00e9s topographiques \u00e0 basse altitude gr\u00e2ce au laser de montage <a href=\"https:\/\/mountlaser.com\/fr_fr\/about-us\/\"><strong>Support de prisme triangulaire TPS01-SL<\/strong><\/a>. Cet accessoire robuste et compact est con\u00e7u pour offrir stabilit\u00e9 et facilit\u00e9 d&#039;utilisation dans les applications o\u00f9 une perche prismatique standard est trop haute ou peu pratique.<\/p>\n<p>Le support pour mini-triangle TPS01-SL est id\u00e9al pour les lev\u00e9s topographiques de pr\u00e9cision, l&#039;implantation et le tra\u00e7age de chantiers au ras du sol. Son profil bas garantit la stabilit\u00e9 et le positionnement parfait du prisme pour une collecte de donn\u00e9es pr\u00e9cise.<\/p>\n<p><img fetchpriority=\"high\" decoding=\"async\" class=\"aligncenter wp-image-2863\" src=\"https:\/\/mountlaser.com\/wp-content\/uploads\/2025\/10\/TPS-PL-2.webp\" alt=\"Mini Triangle Prism Support\" width=\"500\" height=\"500\" srcset=\"https:\/\/mountlaser.com\/wp-content\/uploads\/2025\/10\/TPS-PL-2.webp 1000w, https:\/\/mountlaser.com\/wp-content\/uploads\/2025\/10\/TPS-PL-2-300x300.webp 300w, https:\/\/mountlaser.com\/wp-content\/uploads\/2025\/10\/TPS-PL-2-400x400.webp 400w, https:\/\/mountlaser.com\/wp-content\/uploads\/2025\/10\/TPS-PL-2-800x800.webp 800w, https:\/\/mountlaser.com\/wp-content\/uploads\/2025\/10\/TPS-PL-2-600x600.webp 600w, https:\/\/mountlaser.com\/wp-content\/uploads\/2025\/10\/TPS-PL-2-150x150.webp 150w, https:\/\/mountlaser.com\/wp-content\/uploads\/2025\/10\/TPS-PL-2-768x768.webp 768w, https:\/\/mountlaser.com\/wp-content\/uploads\/2025\/10\/TPS-PL-2-12x12.webp 12w\" sizes=\"(max-width: 500px) 100vw, 500px\" \/><\/p>\n<p>Fabriqu\u00e9 en acier inoxydable robuste, ce support est con\u00e7u pour r\u00e9sister aux conditions difficiles des chantiers. Il est dot\u00e9 de deux vis de r\u00e9glage pour une mise \u00e0 niveau rapide et facile sur les surfaces irr\u00e9guli\u00e8res, garantissant ainsi une verticalit\u00e9 parfaite de votre prisme. Une bulle int\u00e9gr\u00e9e permet un contr\u00f4le visuel, tandis que le filetage suisse de haute qualit\u00e9 assure une fixation universelle et s\u00e9curis\u00e9e \u00e0 votre prisme.<\/p>\n<p>Pour des performances fiables dans les espaces confin\u00e9s, ce <a href=\"https:\/\/mountlaser.com\/fr_fr\/products\/\"><strong>Support pour mini prisme triangulaire<\/strong><\/a> est un outil indispensable. Choisissez le TPS01-SL pour un \u00e9quilibre parfait entre durabilit\u00e9, pr\u00e9cision et portabilit\u00e9.<\/p>","protected":false},"excerpt":{"rendered":"<ul>\n<li>Fournit une base stable et de faible hauteur pour les prismes lors des lev\u00e9s topographiques.<\/li>\n<li>Comporte deux vis de r\u00e9glage pour un nivellement simple et pr\u00e9cis.<\/li>\n<li>Comprend une bulle ronde pour la v\u00e9rification visuelle du niveau.<\/li>\n<li>Fabriqu\u00e9 en acier inoxydable durable pour une utilisation prolong\u00e9e.<\/li>\n<\/ul>","protected":false},"featured_media":2869,"comment_status":"open","ping_status":"closed","template":"","meta":[],"product_brand":[],"product_cat":[91,106],"product_tag":[],"class_list":{"0":"post-2870","1":"product","2":"type-product","3":"status-publish","4":"has-post-thumbnail","6":"product_cat-bipod-tripod","7":"product_cat-triangle-prism-support","9":"first","10":"instock","11":"shipping-taxable","12":"product-type-simple"},"_links":{"self":[{"href":"https:\/\/mountlaser.com\/fr_fr\/wp-json\/wp\/v2\/product\/2870","targetHints":{"allow":["GET"]}}],"collection":[{"href":"https:\/\/mountlaser.com\/fr_fr\/wp-json\/wp\/v2\/product"}],"about":[{"href":"https:\/\/mountlaser.com\/fr_fr\/wp-json\/wp\/v2\/types\/product"}],"replies":[{"embeddable":true,"href":"https:\/\/mountlaser.com\/fr_fr\/wp-json\/wp\/v2\/comments?post=2870"}],"wp:featuredmedia":[{"embeddable":true,"href":"https:\/\/mountlaser.com\/fr_fr\/wp-json\/wp\/v2\/media\/2869"}],"wp:attachment":[{"href":"https:\/\/mountlaser.com\/fr_fr\/wp-json\/wp\/v2\/media?parent=2870"}],"wp:term":[{"taxonomy":"product_brand","embeddable":true,"href":"https:\/\/mountlaser.com\/fr_fr\/wp-json\/wp\/v2\/product_brand?post=2870"},{"taxonomy":"product_cat","embeddable":true,"href":"https:\/\/mountlaser.com\/fr_fr\/wp-json\/wp\/v2\/product_cat?post=2870"},{"taxonomy":"product_tag","embeddable":true,"href":"https:\/\/mountlaser.com\/fr_fr\/wp-json\/wp\/v2\/product_tag?post=2870"}],"curies":[{"name":"wp","href":"https:\/\/api.w.org\/{rel}","templated":true}]}}