{"id":2851,"date":"2025-10-21T09:09:22","date_gmt":"2025-10-21T09:09:22","guid":{"rendered":"https:\/\/mountlaser.com\/?post_type=product&#038;p=2851"},"modified":"2025-11-28T05:40:16","modified_gmt":"2025-11-28T05:40:16","slug":"swiss-style-gpr1-reflector-prism","status":"publish","type":"product","link":"https:\/\/mountlaser.com\/fr_fr\/produit\/swiss-style-gpr1-reflector-prism\/","title":{"rendered":"Prisme r\u00e9flecteur GPR1 de style suisse"},"content":{"rendered":"<p>Le Mountlaser <a href=\"https:\/\/mountlaser.com\/fr_fr\/\"><strong>Prisme r\u00e9flecteur GPR1 de style suisse<\/strong><\/a> est con\u00e7u pour r\u00e9pondre aux normes les plus \u00e9lev\u00e9es en mati\u00e8re de pr\u00e9cision et de compatibilit\u00e9.<\/p>\n<p>Cette authentique <a href=\"https:\/\/mountlaser.com\/fr_fr\/products\/\"><strong>Prisme GPR1 de style suisse<\/strong><\/a> Il pr\u00e9sente un format de \u00f864,0 mm, assurant une int\u00e9gration parfaite avec Leica et d&#039;autres syst\u00e8mes de stations totales majeurs qui n\u00e9cessitent ce type de prisme sp\u00e9cifique.<\/p>\n<p>&nbsp;<\/p>\n<p><img fetchpriority=\"high\" decoding=\"async\" class=\"aligncenter wp-image-2853\" src=\"https:\/\/mountlaser.com\/wp-content\/uploads\/2025\/10\/IMG_9467_\u526f\u672c.webp\" alt=\"Swiss Style GPR1 Prism\" width=\"500\" height=\"500\" srcset=\"https:\/\/mountlaser.com\/wp-content\/uploads\/2025\/10\/IMG_9467_\u526f\u672c.webp 1000w, https:\/\/mountlaser.com\/wp-content\/uploads\/2025\/10\/IMG_9467_\u526f\u672c-300x300.webp 300w, https:\/\/mountlaser.com\/wp-content\/uploads\/2025\/10\/IMG_9467_\u526f\u672c-400x400.webp 400w, https:\/\/mountlaser.com\/wp-content\/uploads\/2025\/10\/IMG_9467_\u526f\u672c-800x800.webp 800w, https:\/\/mountlaser.com\/wp-content\/uploads\/2025\/10\/IMG_9467_\u526f\u672c-600x600.webp 600w, https:\/\/mountlaser.com\/wp-content\/uploads\/2025\/10\/IMG_9467_\u526f\u672c-150x150.webp 150w, https:\/\/mountlaser.com\/wp-content\/uploads\/2025\/10\/IMG_9467_\u526f\u672c-768x768.webp 768w, https:\/\/mountlaser.com\/wp-content\/uploads\/2025\/10\/IMG_9467_\u526f\u672c-12x12.webp 12w\" sizes=\"(max-width: 500px) 100vw, 500px\" \/><\/p>\n<p>R\u00e9put\u00e9 pour ses performances exceptionnelles en mati\u00e8re de mesure \u00e0 longue port\u00e9e et de retour de signal, le prisme Swiss Style GPR1 est le choix par excellence pour les applications topographiques de haute pr\u00e9cision o\u00f9 la pr\u00e9cision ne peut \u00eatre compromise.<\/p>","protected":false},"excerpt":{"rendered":"<ul>\n<li>Norme suisse authentique\u00a0: garantit une compatibilit\u00e9 totale et des performances optimales avec les stations totales Leica et autres instruments con\u00e7us pour ce type de prisme.<\/li>\n<li>Optique de haute pr\u00e9cision : Le prisme en verre de \u00f864,0 mm offre une pr\u00e9cision sup\u00e9rieure et une excellente r\u00e9flectivit\u00e9 pour les mesures \u00e0 longue distance.<\/li>\n<\/ul>","protected":false},"featured_media":2852,"comment_status":"open","ping_status":"closed","template":"","meta":[],"product_brand":[],"product_cat":[72,105],"product_tag":[],"class_list":{"0":"post-2851","1":"product","2":"type-product","3":"status-publish","4":"has-post-thumbnail","6":"product_cat-reflective-target-prism","7":"product_cat-corner-cube-prisms","9":"first","10":"instock","11":"shipping-taxable","12":"product-type-simple"},"_links":{"self":[{"href":"https:\/\/mountlaser.com\/fr_fr\/wp-json\/wp\/v2\/product\/2851","targetHints":{"allow":["GET"]}}],"collection":[{"href":"https:\/\/mountlaser.com\/fr_fr\/wp-json\/wp\/v2\/product"}],"about":[{"href":"https:\/\/mountlaser.com\/fr_fr\/wp-json\/wp\/v2\/types\/product"}],"replies":[{"embeddable":true,"href":"https:\/\/mountlaser.com\/fr_fr\/wp-json\/wp\/v2\/comments?post=2851"}],"wp:featuredmedia":[{"embeddable":true,"href":"https:\/\/mountlaser.com\/fr_fr\/wp-json\/wp\/v2\/media\/2852"}],"wp:attachment":[{"href":"https:\/\/mountlaser.com\/fr_fr\/wp-json\/wp\/v2\/media?parent=2851"}],"wp:term":[{"taxonomy":"product_brand","embeddable":true,"href":"https:\/\/mountlaser.com\/fr_fr\/wp-json\/wp\/v2\/product_brand?post=2851"},{"taxonomy":"product_cat","embeddable":true,"href":"https:\/\/mountlaser.com\/fr_fr\/wp-json\/wp\/v2\/product_cat?post=2851"},{"taxonomy":"product_tag","embeddable":true,"href":"https:\/\/mountlaser.com\/fr_fr\/wp-json\/wp\/v2\/product_tag?post=2851"}],"curies":[{"name":"wp","href":"https:\/\/api.w.org\/{rel}","templated":true}]}}