{"id":2844,"date":"2025-10-21T08:42:16","date_gmt":"2025-10-21T08:42:16","guid":{"rendered":"https:\/\/mountlaser.com\/?post_type=product&#038;p=2844"},"modified":"2025-11-28T05:41:57","modified_gmt":"2025-11-28T05:41:57","slug":"pf640r-corner-cube-prism-with-canister","status":"publish","type":"product","link":"https:\/\/mountlaser.com\/fr_fr\/produit\/pf640r-corner-cube-prism-with-canister\/","title":{"rendered":"Prisme cubique d&#039;angle PF640R avec \u00e9tui"},"content":{"rendered":"<p>Le Mountlaser <a href=\"https:\/\/mountlaser.com\/fr_fr\/\"><strong>Prisme cubique d&#039;angle PF640R avec \u00e9tui<\/strong><\/a> Il s&#039;agit d&#039;une solution haute performance \u00e0 prisme rempla\u00e7able \u00e9tanche, con\u00e7ue pour une fiabilit\u00e9 optimale m\u00eame dans des conditions topographiques exigeantes. Cet ensemble robuste comprend un prisme optique de pr\u00e9cision de 64,0 mm de diam\u00e8tre, log\u00e9 dans un bo\u00eetier m\u00e9tallique rouge \u00e9tanche.<\/p>\n<p><img fetchpriority=\"high\" decoding=\"async\" class=\"aligncenter wp-image-2847\" src=\"https:\/\/mountlaser.com\/wp-content\/uploads\/2025\/10\/PF640R-4.webp\" alt=\"Waterproof Prism Replaceable \" width=\"500\" height=\"500\" srcset=\"https:\/\/mountlaser.com\/wp-content\/uploads\/2025\/10\/PF640R-4.webp 1000w, https:\/\/mountlaser.com\/wp-content\/uploads\/2025\/10\/PF640R-4-300x300.webp 300w, https:\/\/mountlaser.com\/wp-content\/uploads\/2025\/10\/PF640R-4-400x400.webp 400w, https:\/\/mountlaser.com\/wp-content\/uploads\/2025\/10\/PF640R-4-800x800.webp 800w, https:\/\/mountlaser.com\/wp-content\/uploads\/2025\/10\/PF640R-4-600x600.webp 600w, https:\/\/mountlaser.com\/wp-content\/uploads\/2025\/10\/PF640R-4-150x150.webp 150w, https:\/\/mountlaser.com\/wp-content\/uploads\/2025\/10\/PF640R-4-768x768.webp 768w, https:\/\/mountlaser.com\/wp-content\/uploads\/2025\/10\/PF640R-4-12x12.webp 12w\" sizes=\"(max-width: 500px) 100vw, 500px\" \/><\/p>\n<p>La valeur fondamentale de ceci <a href=\"https:\/\/mountlaser.com\/fr_fr\/contact-us\/\"><strong>Prisme \u00e9tanche rempla\u00e7able<\/strong><\/a> L&#039;atout majeur de cet appareil r\u00e9side dans sa conception \u00e0 double usage\u00a0: son bo\u00eetier robuste offre une protection IP contre la pluie, l&#039;humidit\u00e9 et la poussi\u00e8re, tandis que le prisme interne, un composant standard \u00e9tanche et rempla\u00e7able, facilite la maintenance sur le terrain \u00e0 moindre co\u00fbt. Ceci garantit sa durabilit\u00e9 et prot\u00e8ge votre investissement.<\/p>","protected":false},"excerpt":{"rendered":"<ul>\n<li>Protection sup\u00e9rieure contre les intemp\u00e9ries\u00a0: le bo\u00eetier m\u00e9tallique \u00e9tanche rend l\u2019ensemble prismatique totalement \u00e9tanche, id\u00e9al pour les op\u00e9rations de lev\u00e9s topographiques par tous les temps.<\/li>\n<li>Noyau rempla\u00e7able sur site : Le prisme interne de \u00f864,0 mm est con\u00e7u pour \u00eatre facilement rempla\u00e7able, simplifiant les r\u00e9parations et r\u00e9duisant les temps d&#039;arr\u00eat et les co\u00fbts \u00e0 long terme.<\/li>\n<\/ul>","protected":false},"featured_media":2845,"comment_status":"open","ping_status":"closed","template":"","meta":[],"product_brand":[],"product_cat":[72,105],"product_tag":[],"class_list":{"0":"post-2844","1":"product","2":"type-product","3":"status-publish","4":"has-post-thumbnail","6":"product_cat-reflective-target-prism","7":"product_cat-corner-cube-prisms","9":"first","10":"instock","11":"shipping-taxable","12":"product-type-simple"},"_links":{"self":[{"href":"https:\/\/mountlaser.com\/fr_fr\/wp-json\/wp\/v2\/product\/2844","targetHints":{"allow":["GET"]}}],"collection":[{"href":"https:\/\/mountlaser.com\/fr_fr\/wp-json\/wp\/v2\/product"}],"about":[{"href":"https:\/\/mountlaser.com\/fr_fr\/wp-json\/wp\/v2\/types\/product"}],"replies":[{"embeddable":true,"href":"https:\/\/mountlaser.com\/fr_fr\/wp-json\/wp\/v2\/comments?post=2844"}],"wp:featuredmedia":[{"embeddable":true,"href":"https:\/\/mountlaser.com\/fr_fr\/wp-json\/wp\/v2\/media\/2845"}],"wp:attachment":[{"href":"https:\/\/mountlaser.com\/fr_fr\/wp-json\/wp\/v2\/media?parent=2844"}],"wp:term":[{"taxonomy":"product_brand","embeddable":true,"href":"https:\/\/mountlaser.com\/fr_fr\/wp-json\/wp\/v2\/product_brand?post=2844"},{"taxonomy":"product_cat","embeddable":true,"href":"https:\/\/mountlaser.com\/fr_fr\/wp-json\/wp\/v2\/product_cat?post=2844"},{"taxonomy":"product_tag","embeddable":true,"href":"https:\/\/mountlaser.com\/fr_fr\/wp-json\/wp\/v2\/product_tag?post=2844"}],"curies":[{"name":"wp","href":"https:\/\/api.w.org\/{rel}","templated":true}]}}