{"id":2837,"date":"2025-10-21T08:10:24","date_gmt":"2025-10-21T08:10:24","guid":{"rendered":"https:\/\/mountlaser.com\/?post_type=product&#038;p=2837"},"modified":"2025-11-28T05:43:11","modified_gmt":"2025-11-28T05:43:11","slug":"pc640r-corner-cube-prism-with-canister","status":"publish","type":"product","link":"https:\/\/mountlaser.com\/fr_fr\/produit\/pc640r-corner-cube-prism-with-canister\/","title":{"rendered":"Prisme cubique d&#039;angle PC640R avec bo\u00eetier"},"content":{"rendered":"<p>Le Mountlaser <a href=\"https:\/\/mountlaser.com\/fr_fr\/products\/\"><strong>Prisme cubique d&#039;angle PC640R avec bo\u00eetier<\/strong><\/a> est un prisme SOK de haute pr\u00e9cision con\u00e7u pour une durabilit\u00e9 et une pr\u00e9cision de mesure sup\u00e9rieures.<br \/>\nCe robuste prisme cubique d&#039;angle PC640R avec bo\u00eetier comprend un prisme de \u00f864,0 mm solidement log\u00e9 dans un bo\u00eetier m\u00e9tallique de protection, ce qui en fait un remplacement direct id\u00e9al pour les prismes du fabricant d&#039;\u00e9quipement d&#039;origine (OEM).<\/p>\n<p><img fetchpriority=\"high\" decoding=\"async\" class=\"aligncenter wp-image-2838\" src=\"https:\/\/mountlaser.com\/wp-content\/uploads\/2025\/10\/PC640R-2.webp\" alt=\"PC640R Corner Cube Prism With Canister\" width=\"500\" height=\"500\" srcset=\"https:\/\/mountlaser.com\/wp-content\/uploads\/2025\/10\/PC640R-2.webp 1000w, https:\/\/mountlaser.com\/wp-content\/uploads\/2025\/10\/PC640R-2-300x300.webp 300w, https:\/\/mountlaser.com\/wp-content\/uploads\/2025\/10\/PC640R-2-400x400.webp 400w, https:\/\/mountlaser.com\/wp-content\/uploads\/2025\/10\/PC640R-2-800x800.webp 800w, https:\/\/mountlaser.com\/wp-content\/uploads\/2025\/10\/PC640R-2-600x600.webp 600w, https:\/\/mountlaser.com\/wp-content\/uploads\/2025\/10\/PC640R-2-150x150.webp 150w, https:\/\/mountlaser.com\/wp-content\/uploads\/2025\/10\/PC640R-2-768x768.webp 768w, https:\/\/mountlaser.com\/wp-content\/uploads\/2025\/10\/PC640R-2-12x12.webp 12w\" sizes=\"(max-width: 500px) 100vw, 500px\" \/><br \/>\nCon\u00e7u pour r\u00e9sister aux rigueurs d&#039;une utilisation quotidienne sur les chantiers exigeants, ce produit fiable<a href=\"https:\/\/mountlaser.com\/fr_fr\/contact-us\/\"><strong> Prisme cubique d&#039;angle PC640R avec bo\u00eetier<\/strong><\/a> garantit des performances constantes pour toutes vos applications de station totale, du piquetage de construction aux lev\u00e9s topographiques.<\/p>","protected":false},"excerpt":{"rendered":"<ul>\n<li>Compatibilit\u00e9 avec les prismes SOK : Con\u00e7u comme un prisme SOK standard (\u00f864,0 mm)<\/li>\n<li>assurer une int\u00e9gration transparente et des performances fiables avec les syst\u00e8mes de stations totales compatibles.<\/li>\n<li>Bo\u00eetier m\u00e9tallique r\u00e9sistant : Le prisme est prot\u00e9g\u00e9 par un bo\u00eetier m\u00e9tallique robuste, pr\u00e9servant ainsi l&#039;optique de pr\u00e9cision des chocs.<\/li>\n<li>r\u00e9sistant \u00e0 la poussi\u00e8re et \u00e0 l&#039;humidit\u00e9 pour une utilisation \u00e0 long terme dans des environnements difficiles.<\/li>\n<\/ul>","protected":false},"featured_media":2839,"comment_status":"open","ping_status":"closed","template":"","meta":[],"product_brand":[],"product_cat":[72,105],"product_tag":[],"class_list":{"0":"post-2837","1":"product","2":"type-product","3":"status-publish","4":"has-post-thumbnail","6":"product_cat-reflective-target-prism","7":"product_cat-corner-cube-prisms","9":"first","10":"instock","11":"shipping-taxable","12":"product-type-simple"},"_links":{"self":[{"href":"https:\/\/mountlaser.com\/fr_fr\/wp-json\/wp\/v2\/product\/2837","targetHints":{"allow":["GET"]}}],"collection":[{"href":"https:\/\/mountlaser.com\/fr_fr\/wp-json\/wp\/v2\/product"}],"about":[{"href":"https:\/\/mountlaser.com\/fr_fr\/wp-json\/wp\/v2\/types\/product"}],"replies":[{"embeddable":true,"href":"https:\/\/mountlaser.com\/fr_fr\/wp-json\/wp\/v2\/comments?post=2837"}],"wp:featuredmedia":[{"embeddable":true,"href":"https:\/\/mountlaser.com\/fr_fr\/wp-json\/wp\/v2\/media\/2839"}],"wp:attachment":[{"href":"https:\/\/mountlaser.com\/fr_fr\/wp-json\/wp\/v2\/media?parent=2837"}],"wp:term":[{"taxonomy":"product_brand","embeddable":true,"href":"https:\/\/mountlaser.com\/fr_fr\/wp-json\/wp\/v2\/product_brand?post=2837"},{"taxonomy":"product_cat","embeddable":true,"href":"https:\/\/mountlaser.com\/fr_fr\/wp-json\/wp\/v2\/product_cat?post=2837"},{"taxonomy":"product_tag","embeddable":true,"href":"https:\/\/mountlaser.com\/fr_fr\/wp-json\/wp\/v2\/product_tag?post=2837"}],"curies":[{"name":"wp","href":"https:\/\/api.w.org\/{rel}","templated":true}]}}