{"id":2830,"date":"2025-10-21T08:03:40","date_gmt":"2025-10-21T08:03:40","guid":{"rendered":"https:\/\/mountlaser.com\/?post_type=product&#038;p=2830"},"modified":"2025-12-01T09:00:41","modified_gmt":"2025-12-01T09:00:41","slug":"pb640rl-corner-cube-prism-with-canister","status":"publish","type":"product","link":"https:\/\/mountlaser.com\/fr_fr\/produit\/pb640rl-corner-cube-prism-with-canister\/","title":{"rendered":"Prisme cubique d&#039;angle PB640RL avec \u00e9tui"},"content":{"rendered":"<p>Le Mountlaser <a href=\"https:\/\/mountlaser.com\/fr_fr\/categorie-produit\/reflective-target-prism\/\"><strong>Prisme cubique d&#039;angle PB640RL avec \u00e9tui<\/strong><\/a> Cette solution r\u00e9volutionnaire est id\u00e9ale pour les lev\u00e9s topographiques en faible luminosit\u00e9 et haute visibilit\u00e9. Ce prisme cubique d&#039;angle innovant PB640RL avec bo\u00eetier int\u00e8gre une lumi\u00e8re vive et tr\u00e8s visible dans un prisme rouge standard de 64 mm, offrant ainsi l&#039;outil parfait pour une efficacit\u00e9 op\u00e9rationnelle 24 h\/24 et 7 j\/7.<\/p>\n<p>Con\u00e7u pour remplacer directement les prismes standard, cet \u00e9clairage <a href=\"https:\/\/mountlaser.com\/fr_fr\/\">Prisme cubique d&#039;angle PB640RL avec \u00e9tui<\/a> Elle garantit une nettet\u00e9 parfaite de votre cible \u00e0 l&#039;aube, au cr\u00e9puscule, lors d&#039;op\u00e9rations nocturnes ou en milieu urbain dense. Son bo\u00eetier m\u00e9tallique robuste prot\u00e8ge les composants optiques et \u00e9lectroniques de pr\u00e9cision, offrant une durabilit\u00e9 in\u00e9gal\u00e9e.<\/p>\n<p><img fetchpriority=\"high\" decoding=\"async\" class=\"aligncenter wp-image-2833\" src=\"https:\/\/mountlaser.com\/wp-content\/uploads\/2025\/10\/PB640RL-4.webp\" alt=\"PB640RL Corner Cube Prism With Canister \" width=\"500\" height=\"500\" srcset=\"https:\/\/mountlaser.com\/wp-content\/uploads\/2025\/10\/PB640RL-4.webp 1000w, https:\/\/mountlaser.com\/wp-content\/uploads\/2025\/10\/PB640RL-4-300x300.webp 300w, https:\/\/mountlaser.com\/wp-content\/uploads\/2025\/10\/PB640RL-4-400x400.webp 400w, https:\/\/mountlaser.com\/wp-content\/uploads\/2025\/10\/PB640RL-4-800x800.webp 800w, https:\/\/mountlaser.com\/wp-content\/uploads\/2025\/10\/PB640RL-4-600x600.webp 600w, https:\/\/mountlaser.com\/wp-content\/uploads\/2025\/10\/PB640RL-4-150x150.webp 150w, https:\/\/mountlaser.com\/wp-content\/uploads\/2025\/10\/PB640RL-4-768x768.webp 768w, https:\/\/mountlaser.com\/wp-content\/uploads\/2025\/10\/PB640RL-4-12x12.webp 12w\" sizes=\"(max-width: 500px) 100vw, 500px\" \/><\/p>\n<p>Ne perdez jamais de vue <a href=\"https:\/\/mountlaser.com\/fr_fr\/contact-us\/\">votre cible<\/a> Une fois de plus, repoussez les limites de ce syst\u00e8me de prisme lumineux tout-en-un, en termes de moment et de lieu.<\/p>","protected":false},"excerpt":{"rendered":"<ul>\n<li>Syst\u00e8me d&#039;\u00e9clairage int\u00e9gr\u00e9\u00a0: Comporte une lumi\u00e8re int\u00e9gr\u00e9e \u00e0 haute intensit\u00e9 qui rend le prisme tr\u00e8s visible dans des conditions de faible luminosit\u00e9, permettant ainsi des heures de travail prolong\u00e9es.<\/li>\n<li>Bo\u00eetier rouge haute visibilit\u00e9 : Sa couleur rouge distinctive offre un excellent contraste et une identification facile lors des op\u00e9rations de jour.<\/li>\n<\/ul>","protected":false},"featured_media":2831,"comment_status":"open","ping_status":"closed","template":"","meta":[],"product_brand":[],"product_cat":[105,72],"product_tag":[],"class_list":{"0":"post-2830","1":"product","2":"type-product","3":"status-publish","4":"has-post-thumbnail","6":"product_cat-corner-cube-prisms","7":"product_cat-reflective-target-prism","9":"first","10":"instock","11":"shipping-taxable","12":"product-type-simple"},"_links":{"self":[{"href":"https:\/\/mountlaser.com\/fr_fr\/wp-json\/wp\/v2\/product\/2830","targetHints":{"allow":["GET"]}}],"collection":[{"href":"https:\/\/mountlaser.com\/fr_fr\/wp-json\/wp\/v2\/product"}],"about":[{"href":"https:\/\/mountlaser.com\/fr_fr\/wp-json\/wp\/v2\/types\/product"}],"replies":[{"embeddable":true,"href":"https:\/\/mountlaser.com\/fr_fr\/wp-json\/wp\/v2\/comments?post=2830"}],"wp:featuredmedia":[{"embeddable":true,"href":"https:\/\/mountlaser.com\/fr_fr\/wp-json\/wp\/v2\/media\/2831"}],"wp:attachment":[{"href":"https:\/\/mountlaser.com\/fr_fr\/wp-json\/wp\/v2\/media?parent=2830"}],"wp:term":[{"taxonomy":"product_brand","embeddable":true,"href":"https:\/\/mountlaser.com\/fr_fr\/wp-json\/wp\/v2\/product_brand?post=2830"},{"taxonomy":"product_cat","embeddable":true,"href":"https:\/\/mountlaser.com\/fr_fr\/wp-json\/wp\/v2\/product_cat?post=2830"},{"taxonomy":"product_tag","embeddable":true,"href":"https:\/\/mountlaser.com\/fr_fr\/wp-json\/wp\/v2\/product_tag?post=2830"}],"curies":[{"name":"wp","href":"https:\/\/api.w.org\/{rel}","templated":true}]}}