{"id":2821,"date":"2025-10-21T07:53:54","date_gmt":"2025-10-21T07:53:54","guid":{"rendered":"https:\/\/mountlaser.com\/?post_type=product&#038;p=2821"},"modified":"2025-11-28T05:45:17","modified_gmt":"2025-11-28T05:45:17","slug":"pb640-corner-cube-prism-with-canister","status":"publish","type":"product","link":"https:\/\/mountlaser.com\/fr_fr\/produit\/pb640-corner-cube-prism-with-canister\/","title":{"rendered":"Prisme cubique d&#039;angle PB640 avec \u00e9tui"},"content":{"rendered":"<p>Le Mountlaser <a href=\"https:\/\/mountlaser.com\/fr_fr\/products\/\"><strong>Prisme d&#039;angle PB640 avec \u00e9tui<\/strong><\/a> est un r\u00e9tror\u00e9flecteur de haute pr\u00e9cision con\u00e7u pour des performances sup\u00e9rieures avec votre <a href=\"https:\/\/mountlaser.com\/fr_fr\/about-us\/\"><strong>station totale prismatique \u00e0 cube d&#039;angle<\/strong><\/a>. Ce kit robuste est con\u00e7u pour offrir une pr\u00e9cision de mesure fiable et \u00e0 longue port\u00e9e dans les environnements topographiques les plus exigeants.<\/p>\n<p><img fetchpriority=\"high\" decoding=\"async\" class=\"aligncenter wp-image-2822\" src=\"https:\/\/mountlaser.com\/wp-content\/uploads\/2025\/10\/PB640Y-3.webp\" alt=\"Corner Cube Prism Total Station\" width=\"500\" height=\"500\" srcset=\"https:\/\/mountlaser.com\/wp-content\/uploads\/2025\/10\/PB640Y-3.webp 1000w, https:\/\/mountlaser.com\/wp-content\/uploads\/2025\/10\/PB640Y-3-300x300.webp 300w, https:\/\/mountlaser.com\/wp-content\/uploads\/2025\/10\/PB640Y-3-400x400.webp 400w, https:\/\/mountlaser.com\/wp-content\/uploads\/2025\/10\/PB640Y-3-800x800.webp 800w, https:\/\/mountlaser.com\/wp-content\/uploads\/2025\/10\/PB640Y-3-600x600.webp 600w, https:\/\/mountlaser.com\/wp-content\/uploads\/2025\/10\/PB640Y-3-150x150.webp 150w, https:\/\/mountlaser.com\/wp-content\/uploads\/2025\/10\/PB640Y-3-768x768.webp 768w, https:\/\/mountlaser.com\/wp-content\/uploads\/2025\/10\/PB640Y-3-12x12.webp 12w\" sizes=\"(max-width: 500px) 100vw, 500px\" \/><\/p>\n<p>Disponible en deux variantes de couleurs haute visibilit\u00e9 \u2014 prisme \u00e0 cube d&#039;angle PB640Y avec \u00e9tui (jaune) et prisme \u00e0 cube d&#039;angle PB640R avec \u00e9tui (rouge) \u2014, ce prisme de \u00f864,0 mm assure une identification facile sur les chantiers encombr\u00e9s. Son \u00e9tui m\u00e9tallique robuste offre une protection essentielle \u00e0 l&#039;optique de pr\u00e9cision, ce qui en fait un remplacement id\u00e9al et durable pour tout autre prisme. <a href=\"https:\/\/mountlaser.com\/fr_fr\/contact-us\/\">station totale prismatique \u00e0 cube d&#039;angle<\/a> Configuration. Que vous travailliez sur l&#039;implantation de constructions, les lev\u00e9s topographiques ou la surveillance des d\u00e9formations, ce prisme garantit des r\u00e9sultats coh\u00e9rents et fiables.<\/p>","protected":false},"excerpt":{"rendered":"<ul>\n<li>Le bo\u00eetier m\u00e9tallique protecteur prot\u00e8ge les optiques de pr\u00e9cision des chocs, de la poussi\u00e8re et de l&#039;humidit\u00e9, assurant ainsi une fiabilit\u00e9 \u00e0 long terme.<\/li>\n<li>Sert de prisme de remplacement de haute qualit\u00e9 pour diverses applications topographiques, compatible avec les supports de prisme standard.<\/li>\n<\/ul>","protected":false},"featured_media":2827,"comment_status":"open","ping_status":"closed","template":"","meta":[],"product_brand":[],"product_cat":[105,72],"product_tag":[],"class_list":{"0":"post-2821","1":"product","2":"type-product","3":"status-publish","4":"has-post-thumbnail","6":"product_cat-corner-cube-prisms","7":"product_cat-reflective-target-prism","9":"first","10":"instock","11":"shipping-taxable","12":"product-type-simple"},"_links":{"self":[{"href":"https:\/\/mountlaser.com\/fr_fr\/wp-json\/wp\/v2\/product\/2821","targetHints":{"allow":["GET"]}}],"collection":[{"href":"https:\/\/mountlaser.com\/fr_fr\/wp-json\/wp\/v2\/product"}],"about":[{"href":"https:\/\/mountlaser.com\/fr_fr\/wp-json\/wp\/v2\/types\/product"}],"replies":[{"embeddable":true,"href":"https:\/\/mountlaser.com\/fr_fr\/wp-json\/wp\/v2\/comments?post=2821"}],"wp:featuredmedia":[{"embeddable":true,"href":"https:\/\/mountlaser.com\/fr_fr\/wp-json\/wp\/v2\/media\/2827"}],"wp:attachment":[{"href":"https:\/\/mountlaser.com\/fr_fr\/wp-json\/wp\/v2\/media?parent=2821"}],"wp:term":[{"taxonomy":"product_brand","embeddable":true,"href":"https:\/\/mountlaser.com\/fr_fr\/wp-json\/wp\/v2\/product_brand?post=2821"},{"taxonomy":"product_cat","embeddable":true,"href":"https:\/\/mountlaser.com\/fr_fr\/wp-json\/wp\/v2\/product_cat?post=2821"},{"taxonomy":"product_tag","embeddable":true,"href":"https:\/\/mountlaser.com\/fr_fr\/wp-json\/wp\/v2\/product_tag?post=2821"}],"curies":[{"name":"wp","href":"https:\/\/api.w.org\/{rel}","templated":true}]}}