{"id":2814,"date":"2025-10-21T07:19:40","date_gmt":"2025-10-21T07:19:40","guid":{"rendered":"https:\/\/mountlaser.com\/?post_type=product&#038;p=2814"},"modified":"2025-11-28T05:46:35","modified_gmt":"2025-11-28T05:46:35","slug":"pj640b-corner-cube-prism-with-canister","status":"publish","type":"product","link":"https:\/\/mountlaser.com\/fr_fr\/produit\/pj640b-corner-cube-prism-with-canister\/","title":{"rendered":"Prisme cubique d&#039;angle PJ640B avec \u00e9tui"},"content":{"rendered":"<p>Le Mountlaser <a href=\"https:\/\/mountlaser.com\/fr_fr\/\"><strong>Prisme d&#039;angle PJ640B avec bo\u00eetier<\/strong><\/a> Ce r\u00e9tror\u00e9flecteur de haute pr\u00e9cision et robuste est con\u00e7u pour les applications topographiques exigeantes. Ce kit complet de prisme \u00e0 cube d&#039;angle est con\u00e7u pour r\u00e9sister aux conditions difficiles des chantiers tout en offrant une pr\u00e9cision de mesure fiable et \u00e0 longue port\u00e9e.<\/p>\n<p>Log\u00e9 dans un bo\u00eetier m\u00e9tallique robuste, le prisme \u00e0 cube d&#039;angle de 64 mm de diam\u00e8tre est con\u00e7u pour offrir des performances exceptionnelles avec toutes les principales stations totales. Ce kit de prisme \u00e0 cube d&#039;angle constitue un remplacement id\u00e9al pour une large gamme de projets topographiques, de l&#039;implantation de chantiers au contr\u00f4le des d\u00e9formations. Le bo\u00eetier int\u00e9gr\u00e9 assure une protection optimale de l&#039;\u00e9l\u00e9ment optique, garantissant ainsi des performances constantes et une longue dur\u00e9e de vie.<\/p>\n<p><img fetchpriority=\"high\" decoding=\"async\" class=\"aligncenter wp-image-2815\" src=\"https:\/\/mountlaser.com\/wp-content\/uploads\/2025\/10\/PJ640B-1.webp\" alt=\"Corner cube prism kit\" width=\"500\" height=\"500\" srcset=\"https:\/\/mountlaser.com\/wp-content\/uploads\/2025\/10\/PJ640B-1.webp 1000w, https:\/\/mountlaser.com\/wp-content\/uploads\/2025\/10\/PJ640B-1-300x300.webp 300w, https:\/\/mountlaser.com\/wp-content\/uploads\/2025\/10\/PJ640B-1-400x400.webp 400w, https:\/\/mountlaser.com\/wp-content\/uploads\/2025\/10\/PJ640B-1-800x800.webp 800w, https:\/\/mountlaser.com\/wp-content\/uploads\/2025\/10\/PJ640B-1-600x600.webp 600w, https:\/\/mountlaser.com\/wp-content\/uploads\/2025\/10\/PJ640B-1-150x150.webp 150w, https:\/\/mountlaser.com\/wp-content\/uploads\/2025\/10\/PJ640B-1-768x768.webp 768w, https:\/\/mountlaser.com\/wp-content\/uploads\/2025\/10\/PJ640B-1-12x12.webp 12w\" sizes=\"(max-width: 500px) 100vw, 500px\" \/><\/p>\n<p>Investissez dans la fiabilit\u00e9 et la pr\u00e9cision de ce professionnel <a href=\"https:\/\/mountlaser.com\/fr_fr\/products\/\"><strong>kit prisme \u00e0 cube d&#039;angle<\/strong><\/a> pour am\u00e9liorer l&#039;efficacit\u00e9 et la pr\u00e9cision de votre travail de terrain.<\/p>","protected":false},"excerpt":{"rendered":"<ul>\n<li>Le prisme cubique d&#039;angle de \u00f864,0 mm offre des capacit\u00e9s de mesure pr\u00e9cises et \u00e0 longue distance pour les stations totales.<\/li>\n<li>Le bo\u00eetier m\u00e9tallique robuste prot\u00e8ge le prisme des chocs, de la poussi\u00e8re et de l&#039;humidit\u00e9, ce qui le rend id\u00e9al pour les environnements difficiles.<\/li>\n<\/ul>","protected":false},"featured_media":2816,"comment_status":"open","ping_status":"closed","template":"","meta":[],"product_brand":[],"product_cat":[72,105],"product_tag":[],"class_list":{"0":"post-2814","1":"product","2":"type-product","3":"status-publish","4":"has-post-thumbnail","6":"product_cat-reflective-target-prism","7":"product_cat-corner-cube-prisms","9":"first","10":"instock","11":"shipping-taxable","12":"product-type-simple"},"_links":{"self":[{"href":"https:\/\/mountlaser.com\/fr_fr\/wp-json\/wp\/v2\/product\/2814","targetHints":{"allow":["GET"]}}],"collection":[{"href":"https:\/\/mountlaser.com\/fr_fr\/wp-json\/wp\/v2\/product"}],"about":[{"href":"https:\/\/mountlaser.com\/fr_fr\/wp-json\/wp\/v2\/types\/product"}],"replies":[{"embeddable":true,"href":"https:\/\/mountlaser.com\/fr_fr\/wp-json\/wp\/v2\/comments?post=2814"}],"wp:featuredmedia":[{"embeddable":true,"href":"https:\/\/mountlaser.com\/fr_fr\/wp-json\/wp\/v2\/media\/2816"}],"wp:attachment":[{"href":"https:\/\/mountlaser.com\/fr_fr\/wp-json\/wp\/v2\/media?parent=2814"}],"wp:term":[{"taxonomy":"product_brand","embeddable":true,"href":"https:\/\/mountlaser.com\/fr_fr\/wp-json\/wp\/v2\/product_brand?post=2814"},{"taxonomy":"product_cat","embeddable":true,"href":"https:\/\/mountlaser.com\/fr_fr\/wp-json\/wp\/v2\/product_cat?post=2814"},{"taxonomy":"product_tag","embeddable":true,"href":"https:\/\/mountlaser.com\/fr_fr\/wp-json\/wp\/v2\/product_tag?post=2814"}],"curies":[{"name":"wp","href":"https:\/\/api.w.org\/{rel}","templated":true}]}}