{"id":2805,"date":"2025-10-20T09:11:18","date_gmt":"2025-10-20T09:11:18","guid":{"rendered":"https:\/\/mountlaser.com\/?post_type=product&#038;p=2805"},"modified":"2025-11-28T05:47:56","modified_gmt":"2025-11-28T05:47:56","slug":"gpr112-corner-cube-prism-with-canister","status":"publish","type":"product","link":"https:\/\/mountlaser.com\/fr_fr\/produit\/gpr112-corner-cube-prism-with-canister\/","title":{"rendered":"Prisme cubique d&#039;angle GPR112 avec \u00e9tui"},"content":{"rendered":"<p>Le <a href=\"https:\/\/mountlaser.com\/fr_fr\/products\/\"><strong>Prisme cubique d&#039;angle GPR112 avec \u00e9tui<\/strong> <\/a>Le r\u00e9flecteur \u00e0 cube d&#039;angle de Mountlaser repr\u00e9sente le summum de la pr\u00e9cision et de la durabilit\u00e9 pour les applications topographiques exigeantes. Cet appareil haut de gamme est con\u00e7u autour d&#039;un grand prisme suisse ultra-pr\u00e9cis (\u00d8 62,0 mm), reconnu pour son exceptionnelle correction de front d&#039;onde et ses performances de mesure \u00e0 longue port\u00e9e. Log\u00e9 dans un bo\u00eetier m\u00e9tallique robuste et protecteur, cet ensemble constitue l&#039;un des r\u00e9flecteurs \u00e0 cube d&#039;angle les plus fiables du march\u00e9.<\/p>\n<p>Le GPR112 est con\u00e7u comme un connecteur direct, <a href=\"https:\/\/mountlaser.com\/fr_fr\/\"><strong>prisme de remplacement haute performance<\/strong><\/a> pour les r\u00e9seaux de contr\u00f4le exigeants et la surveillance des d\u00e9formations.<\/p>\n<p><img fetchpriority=\"high\" decoding=\"async\" class=\"aligncenter wp-image-2808\" src=\"https:\/\/mountlaser.com\/wp-content\/uploads\/2025\/10\/GPR112-5.webp\" alt=\"Corner Cube Retroreflectors \" width=\"500\" height=\"500\" srcset=\"https:\/\/mountlaser.com\/wp-content\/uploads\/2025\/10\/GPR112-5.webp 1000w, https:\/\/mountlaser.com\/wp-content\/uploads\/2025\/10\/GPR112-5-300x300.webp 300w, https:\/\/mountlaser.com\/wp-content\/uploads\/2025\/10\/GPR112-5-400x400.webp 400w, https:\/\/mountlaser.com\/wp-content\/uploads\/2025\/10\/GPR112-5-800x800.webp 800w, https:\/\/mountlaser.com\/wp-content\/uploads\/2025\/10\/GPR112-5-600x600.webp 600w, https:\/\/mountlaser.com\/wp-content\/uploads\/2025\/10\/GPR112-5-150x150.webp 150w, https:\/\/mountlaser.com\/wp-content\/uploads\/2025\/10\/GPR112-5-768x768.webp 768w, https:\/\/mountlaser.com\/wp-content\/uploads\/2025\/10\/GPR112-5-12x12.webp 12w\" sizes=\"(max-width: 500px) 100vw, 500px\" \/><\/p>\n<p>En int\u00e9grant ce prisme suisse de qualit\u00e9 sup\u00e9rieure dans un bo\u00eetier robuste, Mountlaser propose un <a href=\"https:\/\/mountlaser.com\/fr_fr\/contact-us\/\"><strong>R\u00e9flecteurs r\u00e9tro-cubiques d&#039;angle<\/strong><\/a> Une solution con\u00e7ue pour une pr\u00e9cision et une long\u00e9vit\u00e9 in\u00e9gal\u00e9es, m\u00eame dans les environnements les plus difficiles.<\/p>","protected":false},"excerpt":{"rendered":"<ul>\n<li>Sert de prisme de remplacement direct et de haute pr\u00e9cision pour les syst\u00e8mes existants, offrant une voie de mise \u00e0 niveau vers des performances et une fiabilit\u00e9 sup\u00e9rieures.<\/li>\n<li>Il int\u00e8gre un filetage standard pour une int\u00e9gration parfaite avec une large gamme de perches de topographie, de tribrachs et de plateformes de montage.<\/li>\n<\/ul>","protected":false},"featured_media":2806,"comment_status":"open","ping_status":"closed","template":"","meta":[],"product_brand":[],"product_cat":[72,105],"product_tag":[],"class_list":{"0":"post-2805","1":"product","2":"type-product","3":"status-publish","4":"has-post-thumbnail","6":"product_cat-reflective-target-prism","7":"product_cat-corner-cube-prisms","9":"first","10":"instock","11":"shipping-taxable","12":"product-type-simple"},"_links":{"self":[{"href":"https:\/\/mountlaser.com\/fr_fr\/wp-json\/wp\/v2\/product\/2805","targetHints":{"allow":["GET"]}}],"collection":[{"href":"https:\/\/mountlaser.com\/fr_fr\/wp-json\/wp\/v2\/product"}],"about":[{"href":"https:\/\/mountlaser.com\/fr_fr\/wp-json\/wp\/v2\/types\/product"}],"replies":[{"embeddable":true,"href":"https:\/\/mountlaser.com\/fr_fr\/wp-json\/wp\/v2\/comments?post=2805"}],"wp:featuredmedia":[{"embeddable":true,"href":"https:\/\/mountlaser.com\/fr_fr\/wp-json\/wp\/v2\/media\/2806"}],"wp:attachment":[{"href":"https:\/\/mountlaser.com\/fr_fr\/wp-json\/wp\/v2\/media?parent=2805"}],"wp:term":[{"taxonomy":"product_brand","embeddable":true,"href":"https:\/\/mountlaser.com\/fr_fr\/wp-json\/wp\/v2\/product_brand?post=2805"},{"taxonomy":"product_cat","embeddable":true,"href":"https:\/\/mountlaser.com\/fr_fr\/wp-json\/wp\/v2\/product_cat?post=2805"},{"taxonomy":"product_tag","embeddable":true,"href":"https:\/\/mountlaser.com\/fr_fr\/wp-json\/wp\/v2\/product_tag?post=2805"}],"curies":[{"name":"wp","href":"https:\/\/api.w.org\/{rel}","templated":true}]}}