{"id":2747,"date":"2025-10-17T09:13:02","date_gmt":"2025-10-17T09:13:02","guid":{"rendered":"https:\/\/mountlaser.com\/?post_type=product&#038;p=2747"},"modified":"2025-11-28T06:22:58","modified_gmt":"2025-11-28T06:22:58","slug":"gph1p-accurate-reflective-prism","status":"publish","type":"product","link":"https:\/\/mountlaser.com\/fr_fr\/produit\/gph1p-accurate-reflective-prism\/","title":{"rendered":"Prisme r\u00e9fl\u00e9chissant pr\u00e9cis GPH1P"},"content":{"rendered":"<p><a href=\"https:\/\/mountlaser.com\/fr_fr\/\"><strong>Assemblage de prisme unique GPH1P<\/strong><\/a>Ing\u00e9nierie de pr\u00e9cision pour des lev\u00e9s topographiques exigeants<\/p>\n<p>B\u00e9n\u00e9ficiez d&#039;une pr\u00e9cision de mesure exceptionnelle avec l&#039;ensemble de prisme unique GPH1P, un prisme r\u00e9fl\u00e9chissant haut de gamme con\u00e7u pour les applications topographiques professionnelles.<br \/>\nCe <a href=\"https:\/\/mountlaser.com\/fr_fr\/about-us\/\"><strong>Prisme circulaire de haute pr\u00e9cision GPH1P avec support<\/strong><\/a> Alliant robustesse et performances optiques sup\u00e9rieures, le syst\u00e8me GPH1P garantit des r\u00e9sultats fiables m\u00eame dans des conditions de terrain difficiles. Con\u00e7u pour r\u00e9pondre aux normes les plus exigeantes, il assure une collecte de donn\u00e9es constante et de haute qualit\u00e9 pour vos projets les plus critiques.<\/p>\n<p><img fetchpriority=\"high\" decoding=\"async\" class=\"aligncenter wp-image-2751\" src=\"https:\/\/mountlaser.com\/wp-content\/uploads\/2025\/10\/GPH1P-4.webp\" alt=\"GPH1P Single Prism Assembly \" width=\"500\" height=\"500\" srcset=\"https:\/\/mountlaser.com\/wp-content\/uploads\/2025\/10\/GPH1P-4.webp 1000w, https:\/\/mountlaser.com\/wp-content\/uploads\/2025\/10\/GPH1P-4-300x300.webp 300w, https:\/\/mountlaser.com\/wp-content\/uploads\/2025\/10\/GPH1P-4-400x400.webp 400w, https:\/\/mountlaser.com\/wp-content\/uploads\/2025\/10\/GPH1P-4-800x800.webp 800w, https:\/\/mountlaser.com\/wp-content\/uploads\/2025\/10\/GPH1P-4-600x600.webp 600w, https:\/\/mountlaser.com\/wp-content\/uploads\/2025\/10\/GPH1P-4-150x150.webp 150w, https:\/\/mountlaser.com\/wp-content\/uploads\/2025\/10\/GPH1P-4-768x768.webp 768w, https:\/\/mountlaser.com\/wp-content\/uploads\/2025\/10\/GPH1P-4-12x12.webp 12w\" sizes=\"(max-width: 500px) 100vw, 500px\" \/><\/p>\n<p>Il est dot\u00e9 d&#039;un prisme de pr\u00e9cision de 64 mm avec une pr\u00e9cision s\u00e9lectionnable de 2 ou 3-4 secondes pour r\u00e9pondre \u00e0 diverses exigences d&#039;application.<\/p>\n<p>Solidement fix\u00e9 dans un support m\u00e9tallique robuste pour une stabilit\u00e9 accrue et une fiabilit\u00e9 \u00e0 long terme<\/p>","protected":false},"excerpt":{"rendered":"<ul>\n<li>Int\u00e8gre un d\u00e9calage constant de 0 mm pour une configuration simplifi\u00e9e et un r\u00e9f\u00e9rencement de mesure coh\u00e9rent.<\/li>\n<li>Dot\u00e9 d&#039;un double prisme \u00e0 rev\u00eatement de cuivre bleu pour un retour de signal et une pr\u00e9cision de mesure sup\u00e9rieurs<\/li>\n<li>Comprend une housse de protection pour un rangement et un transport s\u00e9curis\u00e9s.<\/li>\n<\/ul>","protected":false},"featured_media":2751,"comment_status":"open","ping_status":"closed","template":"","meta":[],"product_brand":[],"product_cat":[72,103],"product_tag":[],"class_list":{"0":"post-2747","1":"product","2":"type-product","3":"status-publish","4":"has-post-thumbnail","6":"product_cat-reflective-target-prism","7":"product_cat-prism-assembly","9":"first","10":"instock","11":"shipping-taxable","12":"product-type-simple"},"_links":{"self":[{"href":"https:\/\/mountlaser.com\/fr_fr\/wp-json\/wp\/v2\/product\/2747","targetHints":{"allow":["GET"]}}],"collection":[{"href":"https:\/\/mountlaser.com\/fr_fr\/wp-json\/wp\/v2\/product"}],"about":[{"href":"https:\/\/mountlaser.com\/fr_fr\/wp-json\/wp\/v2\/types\/product"}],"replies":[{"embeddable":true,"href":"https:\/\/mountlaser.com\/fr_fr\/wp-json\/wp\/v2\/comments?post=2747"}],"wp:featuredmedia":[{"embeddable":true,"href":"https:\/\/mountlaser.com\/fr_fr\/wp-json\/wp\/v2\/media\/2751"}],"wp:attachment":[{"href":"https:\/\/mountlaser.com\/fr_fr\/wp-json\/wp\/v2\/media?parent=2747"}],"wp:term":[{"taxonomy":"product_brand","embeddable":true,"href":"https:\/\/mountlaser.com\/fr_fr\/wp-json\/wp\/v2\/product_brand?post=2747"},{"taxonomy":"product_cat","embeddable":true,"href":"https:\/\/mountlaser.com\/fr_fr\/wp-json\/wp\/v2\/product_cat?post=2747"},{"taxonomy":"product_tag","embeddable":true,"href":"https:\/\/mountlaser.com\/fr_fr\/wp-json\/wp\/v2\/product_tag?post=2747"}],"curies":[{"name":"wp","href":"https:\/\/api.w.org\/{rel}","templated":true}]}}