{"id":2732,"date":"2025-10-17T08:45:27","date_gmt":"2025-10-17T08:45:27","guid":{"rendered":"https:\/\/mountlaser.com\/?post_type=product&#038;p=2732"},"modified":"2025-11-28T06:28:34","modified_gmt":"2025-11-28T06:28:34","slug":"gph1-prism-assembly","status":"publish","type":"product","link":"https:\/\/mountlaser.com\/fr_fr\/produit\/gph1-prism-assembly\/","title":{"rendered":"Assemblage du prisme GPH1"},"content":{"rendered":"<p>D\u00e9couvrez la r\u00e9f\u00e9rence en mati\u00e8re de pr\u00e9cision de mesure avec notre<a href=\"https:\/\/mountlaser.com\/fr_fr\/\"> <strong>Assemblage de prisme GPH1 Premium<\/strong><\/a>. Ce prisme de style suisse haut de gamme est con\u00e7u pour les g\u00e9om\u00e8tres exigeant une fiabilit\u00e9 et une pr\u00e9cision sans compromis dans chaque projet. Fabriqu\u00e9 avec un souci du d\u00e9tail m\u00e9ticuleux, le mod\u00e8le Premium <a href=\"https:\/\/mountlaser.com\/fr_fr\/products\/\"><strong>Assemblage du prisme GPH1<\/strong><\/a> offre des performances exceptionnelles dans une vaste gamme de conditions de terrain.<\/p>\n<p>&nbsp;<\/p>\n<p><img fetchpriority=\"high\" decoding=\"async\" class=\"aligncenter wp-image-2734\" src=\"https:\/\/mountlaser.com\/wp-content\/uploads\/2025\/10\/GPH1-3.webp\" alt=\"Premium GPH1 Prism Assembly\" width=\"500\" height=\"500\" srcset=\"https:\/\/mountlaser.com\/wp-content\/uploads\/2025\/10\/GPH1-3.webp 1000w, https:\/\/mountlaser.com\/wp-content\/uploads\/2025\/10\/GPH1-3-300x300.webp 300w, https:\/\/mountlaser.com\/wp-content\/uploads\/2025\/10\/GPH1-3-400x400.webp 400w, https:\/\/mountlaser.com\/wp-content\/uploads\/2025\/10\/GPH1-3-800x800.webp 800w, https:\/\/mountlaser.com\/wp-content\/uploads\/2025\/10\/GPH1-3-600x600.webp 600w, https:\/\/mountlaser.com\/wp-content\/uploads\/2025\/10\/GPH1-3-150x150.webp 150w, https:\/\/mountlaser.com\/wp-content\/uploads\/2025\/10\/GPH1-3-768x768.webp 768w, https:\/\/mountlaser.com\/wp-content\/uploads\/2025\/10\/GPH1-3-12x12.webp 12w\" sizes=\"(max-width: 500px) 100vw, 500px\" \/><\/p>\n<p>Optique de haute pr\u00e9cision : Comprend un prisme haut de gamme de 64 mm avec des options de pr\u00e9cision s\u00e9lectionnables de 2, 3-4 ou 5-8 secondes pour r\u00e9pondre aux exigences sp\u00e9cifiques de votre projet.<\/p>\n<p>Support en nylon durable\u00a0: Solidement mont\u00e9 dans un support en nylon r\u00e9sistant aux chocs et \u00e0 la r\u00e9sistance aux chocs, offrant une protection et une long\u00e9vit\u00e9 optimales.<\/p>\n<p>D\u00e9calage suisse v\u00e9ritable\u00a0: int\u00e8gre un d\u00e9calage suisse constant de 0\u00a0mm, simplifiant la configuration et garantissant des points de r\u00e9f\u00e9rence de mesure coh\u00e9rents et fiables.<\/p>\n<p>Options de rev\u00eatement avanc\u00e9es\u00a0: Disponible avec un rev\u00eatement en cuivre standard ou un prisme \u00e0 double rev\u00eatement en cuivre haute efficacit\u00e9 en option avec un rev\u00eatement bleu pour un retour de signal maximal.<\/p>","protected":false},"excerpt":{"rendered":"<ul>\n<li>Pour les professionnels qui refusent tout compromis sur la qualit\u00e9, cet ensemble repr\u00e9sente le choix d\u00e9finitif en mati\u00e8re d&#039;outils de mesure de pr\u00e9cision.<\/li>\n<li>\u00c9tui de transport inclus\u00a0: Livr\u00e9 avec un \u00e9tui de transport protecteur pour un rangement s\u00e9curis\u00e9 et un transport facile, prot\u00e9geant ainsi votre investissement.<\/li>\n<\/ul>","protected":false},"featured_media":2735,"comment_status":"open","ping_status":"closed","template":"","meta":[],"product_brand":[],"product_cat":[72,103],"product_tag":[],"class_list":{"0":"post-2732","1":"product","2":"type-product","3":"status-publish","4":"has-post-thumbnail","6":"product_cat-reflective-target-prism","7":"product_cat-prism-assembly","9":"first","10":"instock","11":"shipping-taxable","12":"product-type-simple"},"_links":{"self":[{"href":"https:\/\/mountlaser.com\/fr_fr\/wp-json\/wp\/v2\/product\/2732","targetHints":{"allow":["GET"]}}],"collection":[{"href":"https:\/\/mountlaser.com\/fr_fr\/wp-json\/wp\/v2\/product"}],"about":[{"href":"https:\/\/mountlaser.com\/fr_fr\/wp-json\/wp\/v2\/types\/product"}],"replies":[{"embeddable":true,"href":"https:\/\/mountlaser.com\/fr_fr\/wp-json\/wp\/v2\/comments?post=2732"}],"wp:featuredmedia":[{"embeddable":true,"href":"https:\/\/mountlaser.com\/fr_fr\/wp-json\/wp\/v2\/media\/2735"}],"wp:attachment":[{"href":"https:\/\/mountlaser.com\/fr_fr\/wp-json\/wp\/v2\/media?parent=2732"}],"wp:term":[{"taxonomy":"product_brand","embeddable":true,"href":"https:\/\/mountlaser.com\/fr_fr\/wp-json\/wp\/v2\/product_brand?post=2732"},{"taxonomy":"product_cat","embeddable":true,"href":"https:\/\/mountlaser.com\/fr_fr\/wp-json\/wp\/v2\/product_cat?post=2732"},{"taxonomy":"product_tag","embeddable":true,"href":"https:\/\/mountlaser.com\/fr_fr\/wp-json\/wp\/v2\/product_tag?post=2732"}],"curies":[{"name":"wp","href":"https:\/\/api.w.org\/{rel}","templated":true}]}}