{"id":2714,"date":"2025-10-17T08:12:34","date_gmt":"2025-10-17T08:12:34","guid":{"rendered":"https:\/\/mountlaser.com\/?post_type=product&#038;p=2714"},"modified":"2025-11-28T06:31:36","modified_gmt":"2025-11-28T06:31:36","slug":"gph3-triple-prism-assembly","status":"publish","type":"product","link":"https:\/\/mountlaser.com\/fr_fr\/produit\/gph3-triple-prism-assembly\/","title":{"rendered":"Assemblage \u00e0 triple prisme GPH3"},"content":{"rendered":"<p>D\u00e9couvrez le summum de l&#039;ing\u00e9nierie optique avec <a href=\"https:\/\/mountlaser.com\/fr_fr\/\"><strong>Assemblage \u00e0 triple prisme GPH3<\/strong><\/a>, une prime <a href=\"https:\/\/mountlaser.com\/fr_fr\/about-us\/\"><strong>Assemblage \u00e0 triple prisme de style suisse<\/strong> <\/a>r\u00e9put\u00e9e pour son exceptionnelle pr\u00e9cision et sa construction robuste.<\/p>\n<p><img fetchpriority=\"high\" decoding=\"async\" class=\"aligncenter wp-image-2716\" src=\"https:\/\/mountlaser.com\/wp-content\/uploads\/2025\/10\/GPH3-2.webp\" alt=\"Swiss-Style Triple Prism Assembly\" width=\"500\" height=\"500\" srcset=\"https:\/\/mountlaser.com\/wp-content\/uploads\/2025\/10\/GPH3-2.webp 1000w, https:\/\/mountlaser.com\/wp-content\/uploads\/2025\/10\/GPH3-2-300x300.webp 300w, https:\/\/mountlaser.com\/wp-content\/uploads\/2025\/10\/GPH3-2-400x400.webp 400w, https:\/\/mountlaser.com\/wp-content\/uploads\/2025\/10\/GPH3-2-800x800.webp 800w, https:\/\/mountlaser.com\/wp-content\/uploads\/2025\/10\/GPH3-2-600x600.webp 600w, https:\/\/mountlaser.com\/wp-content\/uploads\/2025\/10\/GPH3-2-150x150.webp 150w, https:\/\/mountlaser.com\/wp-content\/uploads\/2025\/10\/GPH3-2-768x768.webp 768w, https:\/\/mountlaser.com\/wp-content\/uploads\/2025\/10\/GPH3-2-12x12.webp 12w\" sizes=\"(max-width: 500px) 100vw, 500px\" \/><\/p>\n<p>Options de pr\u00e9cision sup\u00e9rieures : Dot\u00e9 de trois prismes de haute pr\u00e9cision de 64 mm, il offre une flexibilit\u00e9 in\u00e9gal\u00e9e avec un choix de pr\u00e9cision de 2, 3-4 ou 5-8 secondes pour r\u00e9pondre aux exigences de tout projet.<\/p>\n<p>Fixation durable et stable\u00a0: les prismes sont solidement fix\u00e9s dans un support en nylon robuste, offrant une excellente r\u00e9sistance aux chocs et une stabilit\u00e9 \u00e0 long terme.<\/p>\n<p>V\u00e9ritable d\u00e9calage suisse\u00a0: Pr\u00e9sente un d\u00e9calage constant de 0\u00a0mm (le d\u00e9calage suisse caract\u00e9ristique), simplifiant les calculs et am\u00e9liorant la coh\u00e9rence des mesures.<\/p>\n<p>Rev\u00eatement de prisme avanc\u00e9\u00a0: comprend un prisme standard recouvert de cuivre, avec l\u2019option d\u2019un prisme \u00e0 double rev\u00eatement de cuivre haute performance dot\u00e9 d\u2019un rev\u00eatement bleu pour un retour de signal optimal dans diverses conditions.<\/p>\n<p>Protection compl\u00e8te : Chaque unit\u00e9 est livr\u00e9e avec une mallette de transport r\u00e9sistante, garantissant la protection de votre investissement pendant le transport et le stockage.<\/p>","protected":false},"excerpt":{"rendered":"<ul>\n<li>Le GPH3 repr\u00e9sente la r\u00e9f\u00e9rence absolue en mati\u00e8re d&#039;assemblage \u00e0 triple prisme de style suisse, alliant une pr\u00e9cision in\u00e9gal\u00e9e.<\/li>\n<li>C&#039;est le choix par excellence pour les projets \u00e0 enjeux \u00e9lev\u00e9s en lev\u00e9s topographiques.<\/li>\n<li>surveillance des d\u00e9formations et ing\u00e9nierie de pr\u00e9cision o\u00f9 le plus haut niveau de fiabilit\u00e9 des donn\u00e9es est non n\u00e9gociable.<\/li>\n<\/ul>","protected":false},"featured_media":2715,"comment_status":"open","ping_status":"closed","template":"","meta":[],"product_brand":[],"product_cat":[72,103],"product_tag":[],"class_list":{"0":"post-2714","1":"product","2":"type-product","3":"status-publish","4":"has-post-thumbnail","6":"product_cat-reflective-target-prism","7":"product_cat-prism-assembly","9":"first","10":"instock","11":"shipping-taxable","12":"product-type-simple"},"_links":{"self":[{"href":"https:\/\/mountlaser.com\/fr_fr\/wp-json\/wp\/v2\/product\/2714","targetHints":{"allow":["GET"]}}],"collection":[{"href":"https:\/\/mountlaser.com\/fr_fr\/wp-json\/wp\/v2\/product"}],"about":[{"href":"https:\/\/mountlaser.com\/fr_fr\/wp-json\/wp\/v2\/types\/product"}],"replies":[{"embeddable":true,"href":"https:\/\/mountlaser.com\/fr_fr\/wp-json\/wp\/v2\/comments?post=2714"}],"wp:featuredmedia":[{"embeddable":true,"href":"https:\/\/mountlaser.com\/fr_fr\/wp-json\/wp\/v2\/media\/2715"}],"wp:attachment":[{"href":"https:\/\/mountlaser.com\/fr_fr\/wp-json\/wp\/v2\/media?parent=2714"}],"wp:term":[{"taxonomy":"product_brand","embeddable":true,"href":"https:\/\/mountlaser.com\/fr_fr\/wp-json\/wp\/v2\/product_brand?post=2714"},{"taxonomy":"product_cat","embeddable":true,"href":"https:\/\/mountlaser.com\/fr_fr\/wp-json\/wp\/v2\/product_cat?post=2714"},{"taxonomy":"product_tag","embeddable":true,"href":"https:\/\/mountlaser.com\/fr_fr\/wp-json\/wp\/v2\/product_tag?post=2714"}],"curies":[{"name":"wp","href":"https:\/\/api.w.org\/{rel}","templated":true}]}}