{"id":2706,"date":"2025-10-17T07:31:39","date_gmt":"2025-10-17T07:31:39","guid":{"rendered":"https:\/\/mountlaser.com\/?post_type=product&#038;p=2706"},"modified":"2025-11-28T06:32:37","modified_gmt":"2025-11-28T06:32:37","slug":"z14trb-american-style-prism-assembly","status":"publish","type":"product","link":"https:\/\/mountlaser.com\/fr_fr\/produit\/z14trb-american-style-prism-assembly\/","title":{"rendered":"Assemblage de prisme de style am\u00e9ricain Z14TRB"},"content":{"rendered":"<p><a href=\"https:\/\/mountlaser.com\/fr_fr\/\"><strong>Assemblage de prisme de style am\u00e9ricain Z14TRB<\/strong><\/a>: Le <a href=\"https:\/\/mountlaser.com\/fr_fr\/products\/\"><strong>Prisme de grande cible de haute pr\u00e9cision<\/strong><\/a><\/p>\n<p>Con\u00e7u pour les g\u00e9om\u00e8tres exigeant des performances sans compromis, le prisme de style am\u00e9ricain Z14TRB s&#039;impose comme un prisme de grande cible de haute pr\u00e9cision de premier ordre.<br \/>\nCe bo\u00eetier enti\u00e8rement m\u00e9tallique, usin\u00e9 avec pr\u00e9cision par commande num\u00e9rique pour une construction irr\u00e9prochable, est con\u00e7u pour fournir des donn\u00e9es fiables m\u00eame dans les conditions les plus exigeantes.<\/p>\n<p><img fetchpriority=\"high\" decoding=\"async\" class=\"aligncenter wp-image-2708\" src=\"https:\/\/mountlaser.com\/wp-content\/uploads\/2025\/10\/Z14TRB-2.webp\" alt=\"High Accuracy Large Target Prism\" width=\"500\" height=\"500\" srcset=\"https:\/\/mountlaser.com\/wp-content\/uploads\/2025\/10\/Z14TRB-2.webp 1000w, https:\/\/mountlaser.com\/wp-content\/uploads\/2025\/10\/Z14TRB-2-300x300.webp 300w, https:\/\/mountlaser.com\/wp-content\/uploads\/2025\/10\/Z14TRB-2-400x400.webp 400w, https:\/\/mountlaser.com\/wp-content\/uploads\/2025\/10\/Z14TRB-2-800x800.webp 800w, https:\/\/mountlaser.com\/wp-content\/uploads\/2025\/10\/Z14TRB-2-600x600.webp 600w, https:\/\/mountlaser.com\/wp-content\/uploads\/2025\/10\/Z14TRB-2-150x150.webp 150w, https:\/\/mountlaser.com\/wp-content\/uploads\/2025\/10\/Z14TRB-2-768x768.webp 768w, https:\/\/mountlaser.com\/wp-content\/uploads\/2025\/10\/Z14TRB-2-12x12.webp 12w\" sizes=\"(max-width: 500px) 100vw, 500px\" \/><\/p>\n<p>Il est dot\u00e9 d&#039;un grand prisme argent\u00e9 de 48 mm, offrant un retour de signal exceptionnel et un choix de pr\u00e9cision de 2 ou 3-4 secondes.<\/p>\n<p>Dot\u00e9 d&#039;un adaptateur femelle en acier inoxydable 5\/8\u2033-11, assurant une fixation s\u00e9curis\u00e9e sur toute tige ou adaptateur prismatique standard.<\/p>\n<p>Con\u00e7u avec un d\u00e9calage de -35 mm et une hauteur d&#039;axe d&#039;inclinaison de 135 mm pour un positionnement polyvalent dans des sc\u00e9narios d&#039;arpentage complexes.<\/p>","protected":false},"excerpt":{"rendered":"<ul>\n<li>L&#039;ensemble de prisme de style am\u00e9ricain Z14TRB est dot\u00e9 d&#039;une grande cible et d&#039;un prisme recouvert d&#039;argent, garantissant des mesures coh\u00e9rentes et de haute qualit\u00e9.<\/li>\n<li>Comprend un sac de transport pratique pour un transport et un rangement en toute s\u00e9curit\u00e9.<\/li>\n<\/ul>","protected":false},"featured_media":2711,"comment_status":"open","ping_status":"closed","template":"","meta":[],"product_brand":[],"product_cat":[72,103],"product_tag":[],"class_list":{"0":"post-2706","1":"product","2":"type-product","3":"status-publish","4":"has-post-thumbnail","6":"product_cat-reflective-target-prism","7":"product_cat-prism-assembly","9":"first","10":"instock","11":"shipping-taxable","12":"product-type-simple"},"_links":{"self":[{"href":"https:\/\/mountlaser.com\/fr_fr\/wp-json\/wp\/v2\/product\/2706","targetHints":{"allow":["GET"]}}],"collection":[{"href":"https:\/\/mountlaser.com\/fr_fr\/wp-json\/wp\/v2\/product"}],"about":[{"href":"https:\/\/mountlaser.com\/fr_fr\/wp-json\/wp\/v2\/types\/product"}],"replies":[{"embeddable":true,"href":"https:\/\/mountlaser.com\/fr_fr\/wp-json\/wp\/v2\/comments?post=2706"}],"wp:featuredmedia":[{"embeddable":true,"href":"https:\/\/mountlaser.com\/fr_fr\/wp-json\/wp\/v2\/media\/2711"}],"wp:attachment":[{"href":"https:\/\/mountlaser.com\/fr_fr\/wp-json\/wp\/v2\/media?parent=2706"}],"wp:term":[{"taxonomy":"product_brand","embeddable":true,"href":"https:\/\/mountlaser.com\/fr_fr\/wp-json\/wp\/v2\/product_brand?post=2706"},{"taxonomy":"product_cat","embeddable":true,"href":"https:\/\/mountlaser.com\/fr_fr\/wp-json\/wp\/v2\/product_cat?post=2706"},{"taxonomy":"product_tag","embeddable":true,"href":"https:\/\/mountlaser.com\/fr_fr\/wp-json\/wp\/v2\/product_tag?post=2706"}],"curies":[{"name":"wp","href":"https:\/\/api.w.org\/{rel}","templated":true}]}}