{"id":2699,"date":"2025-10-17T07:21:28","date_gmt":"2025-10-17T07:21:28","guid":{"rendered":"https:\/\/mountlaser.com\/?post_type=product&#038;p=2699"},"modified":"2025-11-28T06:38:19","modified_gmt":"2025-11-28T06:38:19","slug":"c34b-triple-prism-assembly","status":"publish","type":"product","link":"https:\/\/mountlaser.com\/fr_fr\/produit\/c34b-triple-prism-assembly\/","title":{"rendered":"Assemblage \u00e0 triple prisme C34B"},"content":{"rendered":"<p>Deux mod\u00e8les distincts, identifi\u00e9s par des codes couleur, pour une identification et une gestion de projet facilit\u00e9es\u00a0:<a href=\"https:\/\/mountlaser.com\/fr_fr\/\"><strong> Ensemble de triple prisme C34B-YY<\/strong><\/a> (Jaune-Jaune) et l&#039;assemblage \u00e0 triple prisme C34B-RR (Rouge-Rouge), vous assurant ainsi de disposer de l&#039;outil adapt\u00e9 \u00e0 votre flux de travail et aux exigences sp\u00e9cifiques de votre \u00e9quipe.<\/p>\n<p><a href=\"https:\/\/mountlaser.com\/fr_fr\/products\/\"><strong>Assemblage \u00e0 triple prisme C34B<\/strong><\/a> Dot\u00e9 de trois prismes de 64 mm de haute pr\u00e9cision, cet ensemble garantit un retour de signal fiable et une excellente constance de mesure. Il offre une pr\u00e9cision de 2 secondes ou de 3 \u00e0 4 secondes, permettant aux professionnels de choisir le mod\u00e8le id\u00e9al en fonction des exigences de pr\u00e9cision de leur projet.<\/p>\n<p><img fetchpriority=\"high\" decoding=\"async\" class=\"wp-image-2704 aligncenter\" src=\"https:\/\/mountlaser.com\/wp-content\/uploads\/2025\/10\/C34B-RR-2.webp\" alt=\"C34B Triple Prism Assembly\" width=\"500\" height=\"500\" srcset=\"https:\/\/mountlaser.com\/wp-content\/uploads\/2025\/10\/C34B-RR-2.webp 1000w, https:\/\/mountlaser.com\/wp-content\/uploads\/2025\/10\/C34B-RR-2-300x300.webp 300w, https:\/\/mountlaser.com\/wp-content\/uploads\/2025\/10\/C34B-RR-2-400x400.webp 400w, https:\/\/mountlaser.com\/wp-content\/uploads\/2025\/10\/C34B-RR-2-800x800.webp 800w, https:\/\/mountlaser.com\/wp-content\/uploads\/2025\/10\/C34B-RR-2-600x600.webp 600w, https:\/\/mountlaser.com\/wp-content\/uploads\/2025\/10\/C34B-RR-2-150x150.webp 150w, https:\/\/mountlaser.com\/wp-content\/uploads\/2025\/10\/C34B-RR-2-768x768.webp 768w, https:\/\/mountlaser.com\/wp-content\/uploads\/2025\/10\/C34B-RR-2-12x12.webp 12w\" sizes=\"(max-width: 500px) 100vw, 500px\" \/><\/p>\n<p>Compatibilit\u00e9 universelle : L&#039;adaptateur femelle int\u00e9gr\u00e9 en acier inoxydable 5\/8\u2033-11 assure un ajustement s\u00fbr et universel sur toute perche ou adaptateur prismatique standard 5\/8\u2033-11, offrant une int\u00e9gration transparente avec votre \u00e9quipement topographique existant.<\/p>\n<p>Configuration flexible : Avec une hauteur d&#039;axe d&#039;inclinaison de 100 mm et l&#039;option d&#039;un d\u00e9calage de 0 mm ou -30 mm, l&#039;ensemble \u00e0 triple prisme C34B offre l&#039;adaptabilit\u00e9 n\u00e9cessaire pour s&#039;attaquer \u00e0 des t\u00e2ches d&#039;arpentage complexes, des implantations de construction complexes aux alignements a\u00e9riens.<\/p>","protected":false},"excerpt":{"rendered":"<ul>\n<li>Con\u00e7u pour r\u00e9sister aux rigueurs d&#039;une utilisation quotidienne sur les chantiers, l&#039;ensemble est livr\u00e9 avec un sac de transport de protection.<\/li>\n<li>assurer le transport et le stockage en toute s\u00e9curit\u00e9 de votre pr\u00e9cieux investissement.<\/li>\n<li>Que vous choisissiez l&#039;ensemble \u00e0 triple prisme C34B-YY \u00e0 haute visibilit\u00e9 ou l&#039;ensemble \u00e0 triple prisme C34B-RR<\/li>\n<\/ul>","protected":false},"featured_media":2700,"comment_status":"open","ping_status":"closed","template":"","meta":[],"product_brand":[],"product_cat":[72,103],"product_tag":[],"class_list":{"0":"post-2699","1":"product","2":"type-product","3":"status-publish","4":"has-post-thumbnail","6":"product_cat-reflective-target-prism","7":"product_cat-prism-assembly","9":"first","10":"instock","11":"shipping-taxable","12":"product-type-simple"},"_links":{"self":[{"href":"https:\/\/mountlaser.com\/fr_fr\/wp-json\/wp\/v2\/product\/2699","targetHints":{"allow":["GET"]}}],"collection":[{"href":"https:\/\/mountlaser.com\/fr_fr\/wp-json\/wp\/v2\/product"}],"about":[{"href":"https:\/\/mountlaser.com\/fr_fr\/wp-json\/wp\/v2\/types\/product"}],"replies":[{"embeddable":true,"href":"https:\/\/mountlaser.com\/fr_fr\/wp-json\/wp\/v2\/comments?post=2699"}],"wp:featuredmedia":[{"embeddable":true,"href":"https:\/\/mountlaser.com\/fr_fr\/wp-json\/wp\/v2\/media\/2700"}],"wp:attachment":[{"href":"https:\/\/mountlaser.com\/fr_fr\/wp-json\/wp\/v2\/media?parent=2699"}],"wp:term":[{"taxonomy":"product_brand","embeddable":true,"href":"https:\/\/mountlaser.com\/fr_fr\/wp-json\/wp\/v2\/product_brand?post=2699"},{"taxonomy":"product_cat","embeddable":true,"href":"https:\/\/mountlaser.com\/fr_fr\/wp-json\/wp\/v2\/product_cat?post=2699"},{"taxonomy":"product_tag","embeddable":true,"href":"https:\/\/mountlaser.com\/fr_fr\/wp-json\/wp\/v2\/product_tag?post=2699"}],"curies":[{"name":"wp","href":"https:\/\/api.w.org\/{rel}","templated":true}]}}