{"id":2676,"date":"2025-10-16T09:09:21","date_gmt":"2025-10-16T09:09:21","guid":{"rendered":"https:\/\/mountlaser.com\/?post_type=product&#038;p=2676"},"modified":"2025-11-28T06:42:40","modified_gmt":"2025-11-28T06:42:40","slug":"z14sk-prism-assembly","status":"publish","type":"product","link":"https:\/\/mountlaser.com\/fr_fr\/produit\/z14sk-prism-assembly\/","title":{"rendered":"Assemblage de prisme Z14SK"},"content":{"rendered":"<p><a href=\"https:\/\/mountlaser.com\/fr_fr\/about-us\/\"><strong>Z14SK Nouveau jeu de prismes m\u00e9talliques<\/strong><\/a>La durabilit\u00e9 rencontre la pr\u00e9cision<\/p>\n<p>Am\u00e9liorez vos comp\u00e9tences en mati\u00e8re d&#039;arpentage gr\u00e2ce \u00e0<a href=\"https:\/\/mountlaser.com\/fr_fr\/\"><strong> Assemblage de prisme Z14SK<\/strong><\/a>, Un jeu de prismes m\u00e9talliques robustes de style japonais, con\u00e7u pour offrir une r\u00e9sistance et une pr\u00e9cision optimales m\u00eame dans les environnements les plus exigeants. Cet ensemble est con\u00e7u pour fournir aux g\u00e9om\u00e8tres un outil fiable et durable, disponible en deux couleurs haute visibilit\u00e9 pour une identification facile\u00a0: le jeu de prismes Z14SK-RR (rouge-rouge) et le jeu de prismes Z14SK-YY (jaune-jaune).<\/p>\n<p>&nbsp;<\/p>\n<p><img fetchpriority=\"high\" decoding=\"async\" class=\"wp-image-2681 aligncenter\" src=\"https:\/\/mountlaser.com\/wp-content\/uploads\/2025\/10\/Z14SK-RR-1.webp\" alt=\"New Metal Prism Set \" width=\"500\" height=\"500\" srcset=\"https:\/\/mountlaser.com\/wp-content\/uploads\/2025\/10\/Z14SK-RR-1.webp 1000w, https:\/\/mountlaser.com\/wp-content\/uploads\/2025\/10\/Z14SK-RR-1-300x300.webp 300w, https:\/\/mountlaser.com\/wp-content\/uploads\/2025\/10\/Z14SK-RR-1-400x400.webp 400w, https:\/\/mountlaser.com\/wp-content\/uploads\/2025\/10\/Z14SK-RR-1-800x800.webp 800w, https:\/\/mountlaser.com\/wp-content\/uploads\/2025\/10\/Z14SK-RR-1-600x600.webp 600w, https:\/\/mountlaser.com\/wp-content\/uploads\/2025\/10\/Z14SK-RR-1-150x150.webp 150w, https:\/\/mountlaser.com\/wp-content\/uploads\/2025\/10\/Z14SK-RR-1-768x768.webp 768w, https:\/\/mountlaser.com\/wp-content\/uploads\/2025\/10\/Z14SK-RR-1-12x12.webp 12w\" sizes=\"(max-width: 500px) 100vw, 500px\" \/><\/p>\n<p>Le Z14SK, un jeu de prismes m\u00e9talliques haut de gamme, est \u00e9quip\u00e9 d&#039;un prisme de pr\u00e9cision de 64 mm offrant plusieurs options de pr\u00e9cision (2\u2033, 3\u20134\u2033 ou 5\u20138\u2033) pour r\u00e9pondre aux exigences vari\u00e9es de diff\u00e9rents projets, des r\u00e9seaux de contr\u00f4le de haute pr\u00e9cision \u00e0 l&#039;implantation g\u00e9n\u00e9rale de constructions. Son principal atout r\u00e9side dans son filetage femelle int\u00e9gr\u00e9 en acier inoxydable 5\/8\u2033-11, qui garantit une compatibilit\u00e9 totale avec les supports et adaptateurs de prismes standard tout en offrant une r\u00e9sistance sup\u00e9rieure \u00e0 la corrosion et \u00e0 l&#039;usure.<\/p>","protected":false},"excerpt":{"rendered":"<ul>\n<li>Le code couleur distinctif permet d&#039;\u00e9viter les confusions sur le chantier, am\u00e9liorant ainsi l&#039;efficacit\u00e9 de l&#039;\u00e9quipe.<\/li>\n<li>Livr\u00e9 avec un sac de transport pratique, ce coffret complet de prismes m\u00e9talliques est parfaitement \u00e9quip\u00e9 pour un transport s\u00fbr et un rangement organis\u00e9.<\/li>\n<li>Garantir la protection de votre investissement et sa disponibilit\u00e9 permanente.<\/li>\n<\/ul>","protected":false},"featured_media":2677,"comment_status":"open","ping_status":"closed","template":"","meta":[],"product_brand":[],"product_cat":[72,103],"product_tag":[],"class_list":{"0":"post-2676","1":"product","2":"type-product","3":"status-publish","4":"has-post-thumbnail","6":"product_cat-reflective-target-prism","7":"product_cat-prism-assembly","9":"first","10":"instock","11":"shipping-taxable","12":"product-type-simple"},"_links":{"self":[{"href":"https:\/\/mountlaser.com\/fr_fr\/wp-json\/wp\/v2\/product\/2676","targetHints":{"allow":["GET"]}}],"collection":[{"href":"https:\/\/mountlaser.com\/fr_fr\/wp-json\/wp\/v2\/product"}],"about":[{"href":"https:\/\/mountlaser.com\/fr_fr\/wp-json\/wp\/v2\/types\/product"}],"replies":[{"embeddable":true,"href":"https:\/\/mountlaser.com\/fr_fr\/wp-json\/wp\/v2\/comments?post=2676"}],"wp:featuredmedia":[{"embeddable":true,"href":"https:\/\/mountlaser.com\/fr_fr\/wp-json\/wp\/v2\/media\/2677"}],"wp:attachment":[{"href":"https:\/\/mountlaser.com\/fr_fr\/wp-json\/wp\/v2\/media?parent=2676"}],"wp:term":[{"taxonomy":"product_brand","embeddable":true,"href":"https:\/\/mountlaser.com\/fr_fr\/wp-json\/wp\/v2\/product_brand?post=2676"},{"taxonomy":"product_cat","embeddable":true,"href":"https:\/\/mountlaser.com\/fr_fr\/wp-json\/wp\/v2\/product_cat?post=2676"},{"taxonomy":"product_tag","embeddable":true,"href":"https:\/\/mountlaser.com\/fr_fr\/wp-json\/wp\/v2\/product_tag?post=2676"}],"curies":[{"name":"wp","href":"https:\/\/api.w.org\/{rel}","templated":true}]}}