{"id":2668,"date":"2025-10-16T08:59:36","date_gmt":"2025-10-16T08:59:36","guid":{"rendered":"https:\/\/mountlaser.com\/?post_type=product&#038;p=2668"},"modified":"2025-11-28T06:43:47","modified_gmt":"2025-11-28T06:43:47","slug":"z14pt-prism-assembly","status":"publish","type":"product","link":"https:\/\/mountlaser.com\/fr_fr\/produit\/z14pt-prism-assembly\/","title":{"rendered":"Assemblage de prisme Z14PT"},"content":{"rendered":"<p><a href=\"https:\/\/mountlaser.com\/fr_fr\/\"><strong>Assemblage de prisme Z14PT<\/strong><\/a>: L&#039;assemblage d\u00e9finitif de prismes de haute pr\u00e9cision<\/p>\n<p>Am\u00e9liorez vos travaux de topographie gr\u00e2ce au prisme Z14PT, un instrument haut de gamme de conception japonaise, pens\u00e9 pour les applications o\u00f9 la moindre erreur compte. Ce produit est fabriqu\u00e9 avec une pr\u00e9cision m\u00e9ticuleuse pour une fiabilit\u00e9 optimale. <a href=\"https:\/\/mountlaser.com\/fr_fr\/about-us\/\"><strong>Assemblage de prismes de haute pr\u00e9cision<\/strong><\/a>, Offrant une pr\u00e9cision et une fiabilit\u00e9 in\u00e9gal\u00e9es pour les mesures critiques, cet appareil est le choix id\u00e9al pour les g\u00e9om\u00e8tres exigeant une int\u00e9grit\u00e9 des donn\u00e9es optimale.<\/p>\n<p><img fetchpriority=\"high\" decoding=\"async\" class=\"aligncenter wp-image-2673\" src=\"https:\/\/mountlaser.com\/wp-content\/uploads\/2025\/10\/Z14PT-5.webp\" alt=\"High Precision Prism Assembly\" width=\"500\" height=\"500\" srcset=\"https:\/\/mountlaser.com\/wp-content\/uploads\/2025\/10\/Z14PT-5.webp 1000w, https:\/\/mountlaser.com\/wp-content\/uploads\/2025\/10\/Z14PT-5-300x300.webp 300w, https:\/\/mountlaser.com\/wp-content\/uploads\/2025\/10\/Z14PT-5-400x400.webp 400w, https:\/\/mountlaser.com\/wp-content\/uploads\/2025\/10\/Z14PT-5-800x800.webp 800w, https:\/\/mountlaser.com\/wp-content\/uploads\/2025\/10\/Z14PT-5-600x600.webp 600w, https:\/\/mountlaser.com\/wp-content\/uploads\/2025\/10\/Z14PT-5-150x150.webp 150w, https:\/\/mountlaser.com\/wp-content\/uploads\/2025\/10\/Z14PT-5-768x768.webp 768w, https:\/\/mountlaser.com\/wp-content\/uploads\/2025\/10\/Z14PT-5-12x12.webp 12w\" sizes=\"(max-width: 500px) 100vw, 500px\" \/><\/p>\n<p>Ce syst\u00e8me repose sur un prisme de 64 mm de qualit\u00e9 sup\u00e9rieure, disponible avec des pr\u00e9cisions s\u00e9lectionnables de 2\u2033, 3-4\u2033 ou 5-8\u2033. Cette flexibilit\u00e9 vous permet de sp\u00e9cifier le niveau de pr\u00e9cision exact requis pour votre projet, de l&#039;\u00e9tablissement de r\u00e9seaux de contr\u00f4le primaires \u00e0 la r\u00e9alisation de plans d&#039;ing\u00e9nierie pr\u00e9cis. Con\u00e7u pour une performance durable, le prisme Z14PT est dot\u00e9 d&#039;un adaptateur robuste en acier inoxydable avec un filetage femelle standard 5\/8\u2033-11, garantissant une compatibilit\u00e9 universelle et une fixation s\u00e9curis\u00e9e sur toutes les cannes de topographie courantes.<\/p>","protected":false},"excerpt":{"rendered":"<ul>\n<li>Avec un d\u00e9calage standard de 0 mm, l&#039;ensemble est parfaitement adapt\u00e9 \u00e0 une large gamme d&#039;applications topographiques g\u00e9n\u00e9rales et de pr\u00e9cision.<\/li>\n<li>Chaque unit\u00e9 est fournie avec une pochette de transport de protection<\/li>\n<li>Garantir que l&#039;ensemble prismatique Z14PT reste \u00e0 l&#039;abri des dommages pendant le transport et le stockage, pr\u00eat \u00e0 \u00eatre d\u00e9ploy\u00e9 \u00e0 tout moment.<\/li>\n<\/ul>","protected":false},"featured_media":2672,"comment_status":"open","ping_status":"closed","template":"","meta":[],"product_brand":[],"product_cat":[72,103],"product_tag":[],"class_list":{"0":"post-2668","1":"product","2":"type-product","3":"status-publish","4":"has-post-thumbnail","6":"product_cat-reflective-target-prism","7":"product_cat-prism-assembly","9":"first","10":"instock","11":"shipping-taxable","12":"product-type-simple"},"_links":{"self":[{"href":"https:\/\/mountlaser.com\/fr_fr\/wp-json\/wp\/v2\/product\/2668","targetHints":{"allow":["GET"]}}],"collection":[{"href":"https:\/\/mountlaser.com\/fr_fr\/wp-json\/wp\/v2\/product"}],"about":[{"href":"https:\/\/mountlaser.com\/fr_fr\/wp-json\/wp\/v2\/types\/product"}],"replies":[{"embeddable":true,"href":"https:\/\/mountlaser.com\/fr_fr\/wp-json\/wp\/v2\/comments?post=2668"}],"wp:featuredmedia":[{"embeddable":true,"href":"https:\/\/mountlaser.com\/fr_fr\/wp-json\/wp\/v2\/media\/2672"}],"wp:attachment":[{"href":"https:\/\/mountlaser.com\/fr_fr\/wp-json\/wp\/v2\/media?parent=2668"}],"wp:term":[{"taxonomy":"product_brand","embeddable":true,"href":"https:\/\/mountlaser.com\/fr_fr\/wp-json\/wp\/v2\/product_brand?post=2668"},{"taxonomy":"product_cat","embeddable":true,"href":"https:\/\/mountlaser.com\/fr_fr\/wp-json\/wp\/v2\/product_cat?post=2668"},{"taxonomy":"product_tag","embeddable":true,"href":"https:\/\/mountlaser.com\/fr_fr\/wp-json\/wp\/v2\/product_tag?post=2668"}],"curies":[{"name":"wp","href":"https:\/\/api.w.org\/{rel}","templated":true}]}}