{"id":2661,"date":"2025-10-16T08:52:50","date_gmt":"2025-10-16T08:52:50","guid":{"rendered":"https:\/\/mountlaser.com\/?post_type=product&#038;p=2661"},"modified":"2025-11-28T06:44:48","modified_gmt":"2025-11-28T06:44:48","slug":"z14bs-prism-assembly","status":"publish","type":"product","link":"https:\/\/mountlaser.com\/fr_fr\/produit\/z14bs-prism-assembly\/","title":{"rendered":"Assemblage du prisme Z14BS"},"content":{"rendered":"<p><a href=\"https:\/\/mountlaser.com\/fr_fr\/\"><strong>Ensemble prisme Z14BS -30 mm<\/strong><\/a>: Pr\u00e9cision avec d\u00e9calage intentionnel<\/p>\n<p>Con\u00e7u pour les travaux topographiques exigeants, le prisme Z14BS est un prisme japonais de haute qualit\u00e9 de -30 mm offrant \u00e0 la fois flexibilit\u00e9 et pr\u00e9cision infaillible. Ce prisme est con\u00e7u pour relever les d\u00e9fis de mesure o\u00f9 les d\u00e9calages standard sont insuffisants. Il est disponible en deux codes couleurs distincts \u00e0 haute visibilit\u00e9\u00a0: le prisme Z14BS-RG (rouge-vert) et le prisme Z14BS-RG (rouge-vert).<a href=\"https:\/\/mountlaser.com\/fr_fr\/products\/\"><strong> Assemblage de prisme Z14BS-RR<\/strong><\/a> (Rouge-Rouge), facilitant l&#039;identification et la gestion des outils pour les \u00e9quipes sur site.<\/p>\n<p><img fetchpriority=\"high\" decoding=\"async\" class=\"aligncenter wp-image-2664\" src=\"https:\/\/mountlaser.com\/wp-content\/uploads\/2025\/10\/Z14BS-RG-5.webp\" alt=\"-30mm Prism Assembly\" width=\"500\" height=\"500\" srcset=\"https:\/\/mountlaser.com\/wp-content\/uploads\/2025\/10\/Z14BS-RG-5.webp 1000w, https:\/\/mountlaser.com\/wp-content\/uploads\/2025\/10\/Z14BS-RG-5-300x300.webp 300w, https:\/\/mountlaser.com\/wp-content\/uploads\/2025\/10\/Z14BS-RG-5-400x400.webp 400w, https:\/\/mountlaser.com\/wp-content\/uploads\/2025\/10\/Z14BS-RG-5-800x800.webp 800w, https:\/\/mountlaser.com\/wp-content\/uploads\/2025\/10\/Z14BS-RG-5-600x600.webp 600w, https:\/\/mountlaser.com\/wp-content\/uploads\/2025\/10\/Z14BS-RG-5-150x150.webp 150w, https:\/\/mountlaser.com\/wp-content\/uploads\/2025\/10\/Z14BS-RG-5-768x768.webp 768w, https:\/\/mountlaser.com\/wp-content\/uploads\/2025\/10\/Z14BS-RG-5-12x12.webp 12w\" sizes=\"(max-width: 500px) 100vw, 500px\" \/><\/p>\n<p>Au c\u0153ur de cet ensemble robuste se trouve un prisme de pr\u00e9cision de 64 mm, propos\u00e9 avec des niveaux de pr\u00e9cision optionnels de 2\u2033, 3-4\u2033 ou 5-8\u2033. Vous pouvez ainsi choisir le niveau de pr\u00e9cision id\u00e9al pour toutes vos applications, des r\u00e9seaux complexes aux plans de construction g\u00e9n\u00e9raux. Con\u00e7u pour durer et offrir une grande fiabilit\u00e9, le prisme Z14BS est dot\u00e9 d&#039;un adaptateur femelle 5\/8\u2033-11 en acier inoxydable r\u00e9sistant, garantissant une compatibilit\u00e9 parfaite avec toutes les cannes et accessoires de topographie standard.<\/p>","protected":false},"excerpt":{"rendered":"<ul>\n<li>Fabriqu\u00e9 en acier inoxydable r\u00e9sistant \u00e0 la corrosion, l&#039;adaptateur 5\/8\u2033-11 assure une connexion s\u00e9curis\u00e9e \u00e0 tout poteau standard.<\/li>\n<li>r\u00e9sister aux rigueurs d&#039;une utilisation quotidienne sur le terrain.<\/li>\n<li>La hauteur de l&#039;axe d&#039;inclinaison de 100 mm assure un r\u00e9f\u00e9rencement angulaire constant et stable, un facteur essentiel pour une collecte de donn\u00e9es fiable.<\/li>\n<\/ul>","protected":false},"featured_media":2667,"comment_status":"open","ping_status":"closed","template":"","meta":[],"product_brand":[],"product_cat":[72,103],"product_tag":[],"class_list":{"0":"post-2661","1":"product","2":"type-product","3":"status-publish","4":"has-post-thumbnail","6":"product_cat-reflective-target-prism","7":"product_cat-prism-assembly","9":"first","10":"instock","11":"shipping-taxable","12":"product-type-simple"},"_links":{"self":[{"href":"https:\/\/mountlaser.com\/fr_fr\/wp-json\/wp\/v2\/product\/2661","targetHints":{"allow":["GET"]}}],"collection":[{"href":"https:\/\/mountlaser.com\/fr_fr\/wp-json\/wp\/v2\/product"}],"about":[{"href":"https:\/\/mountlaser.com\/fr_fr\/wp-json\/wp\/v2\/types\/product"}],"replies":[{"embeddable":true,"href":"https:\/\/mountlaser.com\/fr_fr\/wp-json\/wp\/v2\/comments?post=2661"}],"wp:featuredmedia":[{"embeddable":true,"href":"https:\/\/mountlaser.com\/fr_fr\/wp-json\/wp\/v2\/media\/2667"}],"wp:attachment":[{"href":"https:\/\/mountlaser.com\/fr_fr\/wp-json\/wp\/v2\/media?parent=2661"}],"wp:term":[{"taxonomy":"product_brand","embeddable":true,"href":"https:\/\/mountlaser.com\/fr_fr\/wp-json\/wp\/v2\/product_brand?post=2661"},{"taxonomy":"product_cat","embeddable":true,"href":"https:\/\/mountlaser.com\/fr_fr\/wp-json\/wp\/v2\/product_cat?post=2661"},{"taxonomy":"product_tag","embeddable":true,"href":"https:\/\/mountlaser.com\/fr_fr\/wp-json\/wp\/v2\/product_tag?post=2661"}],"curies":[{"name":"wp","href":"https:\/\/api.w.org\/{rel}","templated":true}]}}