{"id":2654,"date":"2025-10-16T08:22:59","date_gmt":"2025-10-16T08:22:59","guid":{"rendered":"https:\/\/mountlaser.com\/?post_type=product&#038;p=2654"},"modified":"2025-11-28T06:46:17","modified_gmt":"2025-11-28T06:46:17","slug":"z14uc-prism-assembly","status":"publish","type":"product","link":"https:\/\/mountlaser.com\/fr_fr\/produit\/z14uc-prism-assembly\/","title":{"rendered":"Assemblage du prisme Z14UC"},"content":{"rendered":"<p><a href=\"https:\/\/mountlaser.com\/fr_fr\/\"><strong>Assemblage du prisme Z14UC<\/strong><\/a>: Prime <a href=\"https:\/\/mountlaser.com\/fr_fr\/products\/\"><strong>Ensemble de prismes \u00e0 inclinaison unique<\/strong><\/a> Pour une pr\u00e9cision sup\u00e9rieure<\/p>\n<p>D\u00e9couvrez le syst\u00e8me de prisme Z14UC, un ensemble de prismes \u00e0 inclinaison unique haut de gamme de style japonais, con\u00e7u pour les g\u00e9om\u00e8tres exigeants en mati\u00e8re de pr\u00e9cision et de durabilit\u00e9. Ce syst\u00e8me est propos\u00e9 en deux variantes de couleurs distinctes \u00e0 haute visibilit\u00e9\u00a0: le syst\u00e8me de prisme Z14UC-YG (Y) et le syst\u00e8me de prisme Z14UC-YY (YY). Le code couleur distinctif du syst\u00e8me de prisme Z14UC-YG et du syst\u00e8me de prisme Z14UC-YY simplifie le flux de travail des \u00e9quipes utilisant plusieurs configurations.<\/p>\n<p>Associ\u00e9 \u00e0 une pochette de transport protectrice, ce jeu de prismes \u00e0 inclinaison unique est parfaitement \u00e9quip\u00e9 pour un rangement organis\u00e9 et un transport facile entre les chantiers. (Jaune-Vert) et l&#039;assemblage de prismes Z14UC-YY (Jaune-Jaune), permettant une identification et une organisation sans effort sur n&#039;importe quel chantier.<\/p>\n<p><img fetchpriority=\"high\" decoding=\"async\" class=\"aligncenter wp-image-2658\" src=\"https:\/\/mountlaser.com\/wp-content\/uploads\/2025\/10\/Z14UC-YG-1.webp\" alt=\"Single Tilt Prism Set\" width=\"500\" height=\"500\" srcset=\"https:\/\/mountlaser.com\/wp-content\/uploads\/2025\/10\/Z14UC-YG-1.webp 1000w, https:\/\/mountlaser.com\/wp-content\/uploads\/2025\/10\/Z14UC-YG-1-300x300.webp 300w, https:\/\/mountlaser.com\/wp-content\/uploads\/2025\/10\/Z14UC-YG-1-400x400.webp 400w, https:\/\/mountlaser.com\/wp-content\/uploads\/2025\/10\/Z14UC-YG-1-800x800.webp 800w, https:\/\/mountlaser.com\/wp-content\/uploads\/2025\/10\/Z14UC-YG-1-600x600.webp 600w, https:\/\/mountlaser.com\/wp-content\/uploads\/2025\/10\/Z14UC-YG-1-150x150.webp 150w, https:\/\/mountlaser.com\/wp-content\/uploads\/2025\/10\/Z14UC-YG-1-768x768.webp 768w, https:\/\/mountlaser.com\/wp-content\/uploads\/2025\/10\/Z14UC-YG-1-12x12.webp 12w\" sizes=\"(max-width: 500px) 100vw, 500px\" \/><\/p>\n<p>Con\u00e7u pour l&#039;excellence, cet ensemble repose sur un prisme de haute pr\u00e9cision de 64 mm. Il offre une pr\u00e9cision s\u00e9lectionnable de 2\u2033 ou 3-4\u2033, r\u00e9pondant ainsi aux exigences des mesures les plus pointues o\u00f9 une fiabilit\u00e9 maximale est requise. Sa construction robuste comprend un adaptateur en acier inoxydable avec filetage femelle standard 5\/8\u2033-11, garantissant une r\u00e9sistance \u00e0 la corrosion et une compatibilit\u00e9 parfaite avec la plupart des cannes d&#039;arpenteur.<\/p>","protected":false},"excerpt":{"rendered":"<ul>\n<li>Le code couleur distinct des assemblages de prismes Z14UC-YG et Z14UC-YY simplifie le flux de travail des \u00e9quipes utilisant plusieurs configurations.<\/li>\n<li>Livr\u00e9 avec une pochette de transport protectrice<\/li>\n<li>Ce jeu de prismes \u00e0 inclinaison unique est parfaitement adapt\u00e9 \u00e0 un rangement organis\u00e9 et \u00e0 un transport facile entre les chantiers.<\/li>\n<\/ul>","protected":false},"featured_media":2659,"comment_status":"open","ping_status":"closed","template":"","meta":[],"product_brand":[],"product_cat":[72,103],"product_tag":[],"class_list":{"0":"post-2654","1":"product","2":"type-product","3":"status-publish","4":"has-post-thumbnail","6":"product_cat-reflective-target-prism","7":"product_cat-prism-assembly","9":"first","10":"instock","11":"shipping-taxable","12":"product-type-simple"},"_links":{"self":[{"href":"https:\/\/mountlaser.com\/fr_fr\/wp-json\/wp\/v2\/product\/2654","targetHints":{"allow":["GET"]}}],"collection":[{"href":"https:\/\/mountlaser.com\/fr_fr\/wp-json\/wp\/v2\/product"}],"about":[{"href":"https:\/\/mountlaser.com\/fr_fr\/wp-json\/wp\/v2\/types\/product"}],"replies":[{"embeddable":true,"href":"https:\/\/mountlaser.com\/fr_fr\/wp-json\/wp\/v2\/comments?post=2654"}],"wp:featuredmedia":[{"embeddable":true,"href":"https:\/\/mountlaser.com\/fr_fr\/wp-json\/wp\/v2\/media\/2659"}],"wp:attachment":[{"href":"https:\/\/mountlaser.com\/fr_fr\/wp-json\/wp\/v2\/media?parent=2654"}],"wp:term":[{"taxonomy":"product_brand","embeddable":true,"href":"https:\/\/mountlaser.com\/fr_fr\/wp-json\/wp\/v2\/product_brand?post=2654"},{"taxonomy":"product_cat","embeddable":true,"href":"https:\/\/mountlaser.com\/fr_fr\/wp-json\/wp\/v2\/product_cat?post=2654"},{"taxonomy":"product_tag","embeddable":true,"href":"https:\/\/mountlaser.com\/fr_fr\/wp-json\/wp\/v2\/product_tag?post=2654"}],"curies":[{"name":"wp","href":"https:\/\/api.w.org\/{rel}","templated":true}]}}