{"id":2638,"date":"2025-10-16T08:05:14","date_gmt":"2025-10-16T08:05:14","guid":{"rendered":"https:\/\/mountlaser.com\/?post_type=product&#038;p=2638"},"modified":"2025-11-28T06:47:20","modified_gmt":"2025-11-28T06:47:20","slug":"z34b-prism-assembly","status":"publish","type":"product","link":"https:\/\/mountlaser.com\/fr_fr\/produit\/z34b-prism-assembly\/","title":{"rendered":"Assemblage du prisme Z34B"},"content":{"rendered":"<p>Am\u00e9liorez vos projets de lev\u00e9s topographiques gr\u00e2ce \u00e0<a href=\"https:\/\/mountlaser.com\/fr_fr\/\"><strong> Assemblage du prisme Z34B<\/strong><\/a>, Il s&#039;agit d&#039;un syst\u00e8me \u00e0 triple prisme de haute pr\u00e9cision, de type japonais, con\u00e7u pour les applications les plus exigeantes. Cet ensemble robuste offre une pr\u00e9cision et une polyvalence exceptionnelles sur le terrain.<\/p>\n<p><a href=\"https:\/\/mountlaser.com\/fr_fr\/products\/\"><strong>Assemblage de triple prisme inclinable<\/strong><\/a> La combinaison d&#039;optiques de haute qualit\u00e9, de capacit\u00e9s d&#039;inclinaison et de d\u00e9calage polyvalentes et d&#039;une construction robuste fait de l&#039;ensemble de prisme triple inclinable un outil indispensable pour les lev\u00e9s topographiques, l&#039;implantation de constructions et autres t\u00e2ches de mesure de pr\u00e9cision.<\/p>\n<p><img fetchpriority=\"high\" decoding=\"async\" class=\"wp-image-2693 aligncenter\" src=\"https:\/\/mountlaser.com\/wp-content\/uploads\/2025\/10\/Z34B-YY-2.webp\" alt=\"Tilting Triple Prism Assembly\" width=\"500\" height=\"500\" srcset=\"https:\/\/mountlaser.com\/wp-content\/uploads\/2025\/10\/Z34B-YY-2.webp 1000w, https:\/\/mountlaser.com\/wp-content\/uploads\/2025\/10\/Z34B-YY-2-300x300.webp 300w, https:\/\/mountlaser.com\/wp-content\/uploads\/2025\/10\/Z34B-YY-2-400x400.webp 400w, https:\/\/mountlaser.com\/wp-content\/uploads\/2025\/10\/Z34B-YY-2-800x800.webp 800w, https:\/\/mountlaser.com\/wp-content\/uploads\/2025\/10\/Z34B-YY-2-600x600.webp 600w, https:\/\/mountlaser.com\/wp-content\/uploads\/2025\/10\/Z34B-YY-2-150x150.webp 150w, https:\/\/mountlaser.com\/wp-content\/uploads\/2025\/10\/Z34B-YY-2-768x768.webp 768w, https:\/\/mountlaser.com\/wp-content\/uploads\/2025\/10\/Z34B-YY-2-12x12.webp 12w\" sizes=\"(max-width: 500px) 100vw, 500px\" \/><\/p>\n<p>Mount Laser propose l&#039;ensemble prisme Z34B en deux mod\u00e8les \u00e0 code couleur distinct pour une identification facile\u00a0: <a href=\"https:\/\/mountlaser.com\/fr_fr\/contact-us\/\">Assemblage de prisme Z34B-YY<\/a> (Jaune-Jaune) et l&#039;assemblage de prisme Z34B-YY (Rouge-Jaune), vous assurant ainsi de disposer de l&#039;outil adapt\u00e9 \u00e0 vos exigences sp\u00e9cifiques en mati\u00e8re de flux de travail.<\/p>","protected":false},"excerpt":{"rendered":"<ul>\n<li>L&#039;adaptateur femelle int\u00e9gr\u00e9 en acier inoxydable 5\/8\u2033-11 assure une fixation s\u00fbre sur toute tige ou adaptateur prismatique standard 5\/8\u2033-11<\/li>\n<li>garantissant une int\u00e9gration transparente avec votre \u00e9quipement existant.<\/li>\n<li>L&#039;ensemble prismatique Z34B offre l&#039;adaptabilit\u00e9 n\u00e9cessaire pour aborder des t\u00e2ches topographiques complexes, des alignements a\u00e9riens aux travaux d&#039;implantation complexes.<\/li>\n<\/ul>","protected":false},"featured_media":2698,"comment_status":"open","ping_status":"closed","template":"","meta":[],"product_brand":[],"product_cat":[72,103],"product_tag":[],"class_list":{"0":"post-2638","1":"product","2":"type-product","3":"status-publish","4":"has-post-thumbnail","6":"product_cat-reflective-target-prism","7":"product_cat-prism-assembly","9":"first","10":"instock","11":"shipping-taxable","12":"product-type-simple"},"_links":{"self":[{"href":"https:\/\/mountlaser.com\/fr_fr\/wp-json\/wp\/v2\/product\/2638","targetHints":{"allow":["GET"]}}],"collection":[{"href":"https:\/\/mountlaser.com\/fr_fr\/wp-json\/wp\/v2\/product"}],"about":[{"href":"https:\/\/mountlaser.com\/fr_fr\/wp-json\/wp\/v2\/types\/product"}],"replies":[{"embeddable":true,"href":"https:\/\/mountlaser.com\/fr_fr\/wp-json\/wp\/v2\/comments?post=2638"}],"wp:featuredmedia":[{"embeddable":true,"href":"https:\/\/mountlaser.com\/fr_fr\/wp-json\/wp\/v2\/media\/2698"}],"wp:attachment":[{"href":"https:\/\/mountlaser.com\/fr_fr\/wp-json\/wp\/v2\/media?parent=2638"}],"wp:term":[{"taxonomy":"product_brand","embeddable":true,"href":"https:\/\/mountlaser.com\/fr_fr\/wp-json\/wp\/v2\/product_brand?post=2638"},{"taxonomy":"product_cat","embeddable":true,"href":"https:\/\/mountlaser.com\/fr_fr\/wp-json\/wp\/v2\/product_cat?post=2638"},{"taxonomy":"product_tag","embeddable":true,"href":"https:\/\/mountlaser.com\/fr_fr\/wp-json\/wp\/v2\/product_tag?post=2638"}],"curies":[{"name":"wp","href":"https:\/\/api.w.org\/{rel}","templated":true}]}}