{"id":2629,"date":"2025-10-14T09:27:02","date_gmt":"2025-10-14T09:27:02","guid":{"rendered":"https:\/\/mountlaser.com\/?post_type=product&#038;p=2629"},"modified":"2025-11-28T06:48:18","modified_gmt":"2025-11-28T06:48:18","slug":"z14ub-prism-assembly","status":"publish","type":"product","link":"https:\/\/mountlaser.com\/fr_fr\/produit\/z14ub-prism-assembly\/","title":{"rendered":"Assemblage du prisme Z14UB"},"content":{"rendered":"<p><a href=\"https:\/\/mountlaser.com\/fr_fr\/\">Z14UB <strong>Prisme \u00e0 inclinaison unique enti\u00e8rement m\u00e9tallique<\/strong> <\/a>Assemblage robuste de 64 mm pour lev\u00e9s topographiques de pr\u00e9cision<\/p>\n<p>Le <a href=\"https:\/\/mountlaser.com\/fr_fr\/products\/\"><strong>Assemblage du prisme Z14UB<\/strong><\/a> Ce prisme \u00e0 inclinaison unique, enti\u00e8rement m\u00e9tallique et robuste, est une solution de r\u00e9f\u00e9rence dans le monde de la topographie de pr\u00e9cision. Con\u00e7u pour une durabilit\u00e9 et une pr\u00e9cision optimales, il arbore une conception japonaise robuste, id\u00e9ale pour une utilisation intensive sur le terrain. Disponible en deux mod\u00e8les \u00e0 code couleur distinct pour une coordination d&#039;\u00e9quipe optimale et une identification ais\u00e9e\u00a0: le prisme Z14UB-YY (jaune-jaune) et le prisme Z14UB-RO (rouge-orange). Que votre \u00e9quipe soit \u00e9quip\u00e9e du prisme Z14UB-YY, tr\u00e8s visible, ou du prisme Z14UB-RO, vous avez la garantie d&#039;une performance constante et fiable.<\/p>\n<p><img fetchpriority=\"high\" decoding=\"async\" class=\"aligncenter wp-image-2633\" src=\"https:\/\/mountlaser.com\/wp-content\/uploads\/2025\/10\/Z14UB-RO-2.webp\" alt=\"All-Metal Single Tilt Prism \" width=\"500\" height=\"500\" srcset=\"https:\/\/mountlaser.com\/wp-content\/uploads\/2025\/10\/Z14UB-RO-2.webp 1000w, https:\/\/mountlaser.com\/wp-content\/uploads\/2025\/10\/Z14UB-RO-2-300x300.webp 300w, https:\/\/mountlaser.com\/wp-content\/uploads\/2025\/10\/Z14UB-RO-2-400x400.webp 400w, https:\/\/mountlaser.com\/wp-content\/uploads\/2025\/10\/Z14UB-RO-2-800x800.webp 800w, https:\/\/mountlaser.com\/wp-content\/uploads\/2025\/10\/Z14UB-RO-2-600x600.webp 600w, https:\/\/mountlaser.com\/wp-content\/uploads\/2025\/10\/Z14UB-RO-2-150x150.webp 150w, https:\/\/mountlaser.com\/wp-content\/uploads\/2025\/10\/Z14UB-RO-2-768x768.webp 768w, https:\/\/mountlaser.com\/wp-content\/uploads\/2025\/10\/Z14UB-RO-2-12x12.webp 12w\" sizes=\"(max-width: 500px) 100vw, 500px\" \/><\/p>\n<p>Con\u00e7u autour d&#039;un <a href=\"https:\/\/mountlaser.com\/fr_fr\/contact-us\/\">prisme de pr\u00e9cision de 64 mm<\/a>, Cet ensemble offre les performances optiques exceptionnelles requises pour les t\u00e2ches de mesure critiques, ce qui en fait un outil indispensable pour la construction, l&#039;ing\u00e9nierie et les lev\u00e9s topographiques.<\/p>","protected":false},"excerpt":{"rendered":"<ul>\n<li>Positionnement polyvalent\u00a0: prend en charge les d\u00e9calages de 0\u00a0mm et de -30\u00a0mm et est fourni avec une hauteur d\u2019axe d\u2019inclinaison de 100\u00a0mm pour une configuration flexible et pr\u00e9cise dans divers sc\u00e9narios.<\/li>\n<li>Pr\u00eat \u00e0 l&#039;emploi : Livr\u00e9 avec une mallette de transport pratique pour un d\u00e9ploiement imm\u00e9diat et une protection fiable pendant le transport et le stockage.<\/li>\n<\/ul>","protected":false},"featured_media":2630,"comment_status":"open","ping_status":"closed","template":"","meta":[],"product_brand":[],"product_cat":[103,72],"product_tag":[],"class_list":{"0":"post-2629","1":"product","2":"type-product","3":"status-publish","4":"has-post-thumbnail","6":"product_cat-prism-assembly","7":"product_cat-reflective-target-prism","9":"first","10":"instock","11":"shipping-taxable","12":"product-type-simple"},"_links":{"self":[{"href":"https:\/\/mountlaser.com\/fr_fr\/wp-json\/wp\/v2\/product\/2629","targetHints":{"allow":["GET"]}}],"collection":[{"href":"https:\/\/mountlaser.com\/fr_fr\/wp-json\/wp\/v2\/product"}],"about":[{"href":"https:\/\/mountlaser.com\/fr_fr\/wp-json\/wp\/v2\/types\/product"}],"replies":[{"embeddable":true,"href":"https:\/\/mountlaser.com\/fr_fr\/wp-json\/wp\/v2\/comments?post=2629"}],"wp:featuredmedia":[{"embeddable":true,"href":"https:\/\/mountlaser.com\/fr_fr\/wp-json\/wp\/v2\/media\/2630"}],"wp:attachment":[{"href":"https:\/\/mountlaser.com\/fr_fr\/wp-json\/wp\/v2\/media?parent=2629"}],"wp:term":[{"taxonomy":"product_brand","embeddable":true,"href":"https:\/\/mountlaser.com\/fr_fr\/wp-json\/wp\/v2\/product_brand?post=2629"},{"taxonomy":"product_cat","embeddable":true,"href":"https:\/\/mountlaser.com\/fr_fr\/wp-json\/wp\/v2\/product_cat?post=2629"},{"taxonomy":"product_tag","embeddable":true,"href":"https:\/\/mountlaser.com\/fr_fr\/wp-json\/wp\/v2\/product_tag?post=2629"}],"curies":[{"name":"wp","href":"https:\/\/api.w.org\/{rel}","templated":true}]}}