{"id":2615,"date":"2025-10-14T08:56:06","date_gmt":"2025-10-14T08:56:06","guid":{"rendered":"https:\/\/mountlaser.com\/?post_type=product&#038;p=2615"},"modified":"2025-11-28T06:50:47","modified_gmt":"2025-11-28T06:50:47","slug":"z14b-prism-assembly","status":"publish","type":"product","link":"https:\/\/mountlaser.com\/fr_fr\/produit\/z14b-prism-assembly\/","title":{"rendered":"Assemblage du prisme Z14B"},"content":{"rendered":"<p>Le <a href=\"https:\/\/mountlaser.com\/fr_fr\/about-us\/\"><strong>Assemblage du prisme Z14B<\/strong><\/a> Ce prisme r\u00e9flecteur de haute pr\u00e9cision est con\u00e7u pour les g\u00e9om\u00e8tres exigeants qui ne font aucun compromis sur la pr\u00e9cision et la durabilit\u00e9. Fabriqu\u00e9 autour d&#039;un prisme de 64 mm de qualit\u00e9 sup\u00e9rieure, il est disponible en deux mod\u00e8les distincts, identifi\u00e9s par un code couleur, pour une utilisation simplifi\u00e9e sur le terrain\u00a0: le prisme Z14B-YY (jaune-jaune) et le prisme Z14B-YW (jaune-blanc). Sa conception permet une maintenance ais\u00e9e, avec un remplacement facile par le prisme C14B-YY, ce qui prolonge la dur\u00e9e de vie du produit et r\u00e9duit les co\u00fbts \u00e0 long terme.<\/p>\n<p><img fetchpriority=\"high\" decoding=\"async\" class=\"aligncenter wp-image-2619\" src=\"https:\/\/mountlaser.com\/wp-content\/uploads\/2025\/10\/Z15UB-YY-2-1.webp\" alt=\"Reflector Prism Assembly\" width=\"500\" height=\"500\" srcset=\"https:\/\/mountlaser.com\/wp-content\/uploads\/2025\/10\/Z15UB-YY-2-1.webp 1000w, https:\/\/mountlaser.com\/wp-content\/uploads\/2025\/10\/Z15UB-YY-2-1-300x300.webp 300w, https:\/\/mountlaser.com\/wp-content\/uploads\/2025\/10\/Z15UB-YY-2-1-400x400.webp 400w, https:\/\/mountlaser.com\/wp-content\/uploads\/2025\/10\/Z15UB-YY-2-1-800x800.webp 800w, https:\/\/mountlaser.com\/wp-content\/uploads\/2025\/10\/Z15UB-YY-2-1-600x600.webp 600w, https:\/\/mountlaser.com\/wp-content\/uploads\/2025\/10\/Z15UB-YY-2-1-150x150.webp 150w, https:\/\/mountlaser.com\/wp-content\/uploads\/2025\/10\/Z15UB-YY-2-1-768x768.webp 768w, https:\/\/mountlaser.com\/wp-content\/uploads\/2025\/10\/Z15UB-YY-2-1-12x12.webp 12w\" sizes=\"(max-width: 500px) 100vw, 500px\" \/><\/p>\n<p>Dot\u00e9 d&#039;un support robuste de style japonais, ce professionnel <a href=\"https:\/\/mountlaser.com\/fr_fr\/products\/\"><strong>Ensemble de prisme r\u00e9flecteur<\/strong><\/a> Elle est con\u00e7ue pour offrir des performances fiables dans les environnements les plus difficiles, garantissant l&#039;int\u00e9grit\u00e9 de vos donn\u00e9es de l&#039;installation \u00e0 la finalisation.<\/p>","protected":false},"excerpt":{"rendered":"<ul>\n<li>Offre des options de d\u00e9calage de 0 mm ou -30 mm et une hauteur d&#039;axe d&#039;inclinaison de 100 mm pour un positionnement polyvalent et un r\u00e9f\u00e9rencement angulaire pr\u00e9cis.<\/li>\n<li>Disponible avec un choix de prisme recouvert de cuivre ou d&#039;argent pour optimiser les performances en fonction de votre longueur d&#039;onde de mesure et de vos conditions environnementales sp\u00e9cifiques.<\/li>\n<\/ul>","protected":false},"featured_media":2618,"comment_status":"open","ping_status":"closed","template":"","meta":[],"product_brand":[],"product_cat":[72,103],"product_tag":[],"class_list":{"0":"post-2615","1":"product","2":"type-product","3":"status-publish","4":"has-post-thumbnail","6":"product_cat-reflective-target-prism","7":"product_cat-prism-assembly","9":"first","10":"instock","11":"shipping-taxable","12":"product-type-simple"},"_links":{"self":[{"href":"https:\/\/mountlaser.com\/fr_fr\/wp-json\/wp\/v2\/product\/2615","targetHints":{"allow":["GET"]}}],"collection":[{"href":"https:\/\/mountlaser.com\/fr_fr\/wp-json\/wp\/v2\/product"}],"about":[{"href":"https:\/\/mountlaser.com\/fr_fr\/wp-json\/wp\/v2\/types\/product"}],"replies":[{"embeddable":true,"href":"https:\/\/mountlaser.com\/fr_fr\/wp-json\/wp\/v2\/comments?post=2615"}],"wp:featuredmedia":[{"embeddable":true,"href":"https:\/\/mountlaser.com\/fr_fr\/wp-json\/wp\/v2\/media\/2618"}],"wp:attachment":[{"href":"https:\/\/mountlaser.com\/fr_fr\/wp-json\/wp\/v2\/media?parent=2615"}],"wp:term":[{"taxonomy":"product_brand","embeddable":true,"href":"https:\/\/mountlaser.com\/fr_fr\/wp-json\/wp\/v2\/product_brand?post=2615"},{"taxonomy":"product_cat","embeddable":true,"href":"https:\/\/mountlaser.com\/fr_fr\/wp-json\/wp\/v2\/product_cat?post=2615"},{"taxonomy":"product_tag","embeddable":true,"href":"https:\/\/mountlaser.com\/fr_fr\/wp-json\/wp\/v2\/product_tag?post=2615"}],"curies":[{"name":"wp","href":"https:\/\/api.w.org\/{rel}","templated":true}]}}