{"id":2607,"date":"2025-10-14T08:14:59","date_gmt":"2025-10-14T08:14:59","guid":{"rendered":"https:\/\/mountlaser.com\/?post_type=product&#038;p=2607"},"modified":"2025-11-28T06:57:39","modified_gmt":"2025-11-28T06:57:39","slug":"z15ud-prism-assembly","status":"publish","type":"product","link":"https:\/\/mountlaser.com\/fr_fr\/produit\/z15ud-prism-assembly\/","title":{"rendered":"Assemblage du prisme Z15UD"},"content":{"rendered":"<p>Le <a href=\"https:\/\/mountlaser.com\/fr_fr\/products\/\"><strong>Assemblage du prisme Z15UD<\/strong><\/a> par un fabricant leader d&#039;assemblages de prismes<\/p>\n<p>Le Z15UD t\u00e9moigne de l&#039;engagement d&#039;un fabricant de prismes de confiance envers la qualit\u00e9 et la pr\u00e9cision. Con\u00e7u pour les g\u00e9om\u00e8tres exigeant une performance fiable sur le terrain, ce prisme associe un prisme de 64 mm de haute qualit\u00e9 \u00e0 un support robuste de style japonais. D\u00e9di\u00e9 au Z15UD, cet outil de pr\u00e9cision est disponible en deux mod\u00e8les \u00e0 code couleur distinct pour une identification facile\u00a0: le prisme Z15UD-RR (rouge-rouge) et le prisme Z15UD-YB (jaune-noir).<\/p>\n<p><img fetchpriority=\"high\" decoding=\"async\" class=\"aligncenter wp-image-2609\" src=\"https:\/\/mountlaser.com\/wp-content\/uploads\/2025\/10\/Z15UD-YB-2.webp\" alt=\"Prism Assembly Manufacturer\" width=\"500\" height=\"500\" srcset=\"https:\/\/mountlaser.com\/wp-content\/uploads\/2025\/10\/Z15UD-YB-2.webp 1000w, https:\/\/mountlaser.com\/wp-content\/uploads\/2025\/10\/Z15UD-YB-2-300x300.webp 300w, https:\/\/mountlaser.com\/wp-content\/uploads\/2025\/10\/Z15UD-YB-2-400x400.webp 400w, https:\/\/mountlaser.com\/wp-content\/uploads\/2025\/10\/Z15UD-YB-2-800x800.webp 800w, https:\/\/mountlaser.com\/wp-content\/uploads\/2025\/10\/Z15UD-YB-2-600x600.webp 600w, https:\/\/mountlaser.com\/wp-content\/uploads\/2025\/10\/Z15UD-YB-2-150x150.webp 150w, https:\/\/mountlaser.com\/wp-content\/uploads\/2025\/10\/Z15UD-YB-2-768x768.webp 768w, https:\/\/mountlaser.com\/wp-content\/uploads\/2025\/10\/Z15UD-YB-2-12x12.webp 12w\" sizes=\"(max-width: 500px) 100vw, 500px\" \/><\/p>\n<p>Con\u00e7u pour r\u00e9sister aux conditions de chantier les plus exigeantes, ce produit illustre la durabilit\u00e9 et le souci du d\u00e9tail que l&#039;on attend d&#039;un professionnel. <a href=\"https:\/\/mountlaser.com\/fr_fr\/about-us\/\"><strong>Fabricant d&#039;assemblages de prismes<\/strong><\/a>. C&#039;est le choix id\u00e9al pour une large gamme d&#039;applications topographiques, de construction et d&#039;ing\u00e9nierie.<\/p>\n<p><img decoding=\"async\" class=\"aligncenter wp-image-2612\" src=\"https:\/\/mountlaser.com\/wp-content\/uploads\/2025\/10\/Z15UD-RR-2.webp\" alt=\"Prism Assembly Manufacturer\" width=\"500\" height=\"500\" srcset=\"https:\/\/mountlaser.com\/wp-content\/uploads\/2025\/10\/Z15UD-RR-2.webp 1000w, https:\/\/mountlaser.com\/wp-content\/uploads\/2025\/10\/Z15UD-RR-2-300x300.webp 300w, https:\/\/mountlaser.com\/wp-content\/uploads\/2025\/10\/Z15UD-RR-2-400x400.webp 400w, https:\/\/mountlaser.com\/wp-content\/uploads\/2025\/10\/Z15UD-RR-2-800x800.webp 800w, https:\/\/mountlaser.com\/wp-content\/uploads\/2025\/10\/Z15UD-RR-2-600x600.webp 600w, https:\/\/mountlaser.com\/wp-content\/uploads\/2025\/10\/Z15UD-RR-2-150x150.webp 150w, https:\/\/mountlaser.com\/wp-content\/uploads\/2025\/10\/Z15UD-RR-2-768x768.webp 768w, https:\/\/mountlaser.com\/wp-content\/uploads\/2025\/10\/Z15UD-RR-2-12x12.webp 12w\" sizes=\"(max-width: 500px) 100vw, 500px\" \/><\/p>","protected":false},"excerpt":{"rendered":"<ul>\n<li>Offre des options de d\u00e9calage de 0 mm et -30 mm, ainsi qu&#039;une hauteur d&#039;axe d&#039;inclinaison de 100 mm pour un r\u00e9f\u00e9rencement angulaire polyvalent et fiable.<\/li>\n<li>Le support de style japonais assure la stabilit\u00e9, tandis que l&#039;\u00e9tui de transport inclus garantit un transport s\u00fbr et pratique.<\/li>\n<\/ul>","protected":false},"featured_media":2612,"comment_status":"open","ping_status":"closed","template":"","meta":[],"product_brand":[],"product_cat":[72,103],"product_tag":[],"class_list":{"0":"post-2607","1":"product","2":"type-product","3":"status-publish","4":"has-post-thumbnail","6":"product_cat-reflective-target-prism","7":"product_cat-prism-assembly","9":"first","10":"instock","11":"shipping-taxable","12":"product-type-simple"},"_links":{"self":[{"href":"https:\/\/mountlaser.com\/fr_fr\/wp-json\/wp\/v2\/product\/2607","targetHints":{"allow":["GET"]}}],"collection":[{"href":"https:\/\/mountlaser.com\/fr_fr\/wp-json\/wp\/v2\/product"}],"about":[{"href":"https:\/\/mountlaser.com\/fr_fr\/wp-json\/wp\/v2\/types\/product"}],"replies":[{"embeddable":true,"href":"https:\/\/mountlaser.com\/fr_fr\/wp-json\/wp\/v2\/comments?post=2607"}],"wp:featuredmedia":[{"embeddable":true,"href":"https:\/\/mountlaser.com\/fr_fr\/wp-json\/wp\/v2\/media\/2612"}],"wp:attachment":[{"href":"https:\/\/mountlaser.com\/fr_fr\/wp-json\/wp\/v2\/media?parent=2607"}],"wp:term":[{"taxonomy":"product_brand","embeddable":true,"href":"https:\/\/mountlaser.com\/fr_fr\/wp-json\/wp\/v2\/product_brand?post=2607"},{"taxonomy":"product_cat","embeddable":true,"href":"https:\/\/mountlaser.com\/fr_fr\/wp-json\/wp\/v2\/product_cat?post=2607"},{"taxonomy":"product_tag","embeddable":true,"href":"https:\/\/mountlaser.com\/fr_fr\/wp-json\/wp\/v2\/product_tag?post=2607"}],"curies":[{"name":"wp","href":"https:\/\/api.w.org\/{rel}","templated":true}]}}