{"id":2598,"date":"2025-10-14T07:24:18","date_gmt":"2025-10-14T07:24:18","guid":{"rendered":"https:\/\/mountlaser.com\/?post_type=product&#038;p=2598"},"modified":"2025-11-28T06:59:44","modified_gmt":"2025-11-28T06:59:44","slug":"z15ub-prism-assembly","status":"publish","type":"product","link":"https:\/\/mountlaser.com\/fr_fr\/produit\/z15ub-prism-assembly\/","title":{"rendered":"Assemblage du prisme Z15UB"},"content":{"rendered":"<p><a href=\"https:\/\/mountlaser.com\/fr_fr\/about-us\/\"><strong>Assemblage du prisme Z15UB<\/strong><\/a> Ensemble prisme r\u00e9flecteur grand format haute pr\u00e9cision pour topographie professionnelle<\/p>\n<p>Le syst\u00e8me de prisme Z15UB est un syst\u00e8me de prisme \u00e0 grand r\u00e9flecteur de qualit\u00e9 professionnelle, con\u00e7u pour les g\u00e9om\u00e8tres exigeant fiabilit\u00e9 et pr\u00e9cision. Ce syst\u00e8me repose sur un prisme de 64 mm de haute qualit\u00e9, ce qui en fait un choix id\u00e9al pour une large gamme d&#039;applications exigeantes. Nous sommes fiers de proposer ce syst\u00e8me sophistiqu\u00e9. <a href=\"https:\/\/mountlaser.com\/fr_fr\/products\/\"><strong>Ensemble de prisme r\u00e9flecteur de grande taille<\/strong><\/a> en trois mod\u00e8les distincts \u00e0 code couleur pour r\u00e9pondre aux besoins et aux pr\u00e9f\u00e9rences de votre \u00e9quipe : l&#039;assemblage de prisme Z15UB-YY (jaune-jaune), l&#039;assemblage de prisme Z15UB-RO (rouge-orange) et l&#039;assemblage de prisme Z15UB-RR (rouge-rouge).<\/p>\n<p><img fetchpriority=\"high\" decoding=\"async\" class=\"wp-image-2603 aligncenter\" src=\"https:\/\/mountlaser.com\/wp-content\/uploads\/2025\/10\/Z15UB-RO-1.webp\" alt=\"Big Reflector Prism Assembly\" width=\"500\" height=\"500\" srcset=\"https:\/\/mountlaser.com\/wp-content\/uploads\/2025\/10\/Z15UB-RO-1.webp 1000w, https:\/\/mountlaser.com\/wp-content\/uploads\/2025\/10\/Z15UB-RO-1-300x300.webp 300w, https:\/\/mountlaser.com\/wp-content\/uploads\/2025\/10\/Z15UB-RO-1-400x400.webp 400w, https:\/\/mountlaser.com\/wp-content\/uploads\/2025\/10\/Z15UB-RO-1-800x800.webp 800w, https:\/\/mountlaser.com\/wp-content\/uploads\/2025\/10\/Z15UB-RO-1-600x600.webp 600w, https:\/\/mountlaser.com\/wp-content\/uploads\/2025\/10\/Z15UB-RO-1-150x150.webp 150w, https:\/\/mountlaser.com\/wp-content\/uploads\/2025\/10\/Z15UB-RO-1-768x768.webp 768w, https:\/\/mountlaser.com\/wp-content\/uploads\/2025\/10\/Z15UB-RO-1-12x12.webp 12w\" sizes=\"(max-width: 500px) 100vw, 500px\" \/><\/p>\n<p>Dot\u00e9 d&#039;un support \u00e0 prisme robuste de style japonais, ce grand r\u00e9flecteur \u00e0 prisme assure une stabilit\u00e9 et une long\u00e9vit\u00e9 exceptionnelles sur le chantier. Sa construction robuste est con\u00e7ue pour r\u00e9sister \u00e0 une utilisation quotidienne intensive tout en garantissant des mesures pr\u00e9cises et constantes.<\/p>\n<p><img decoding=\"async\" class=\"aligncenter wp-image-2601\" src=\"https:\/\/mountlaser.com\/wp-content\/uploads\/2025\/10\/Z15UB-YY-1.webp\" alt=\"Big Reflector Prism Assembly\" width=\"500\" height=\"500\" srcset=\"https:\/\/mountlaser.com\/wp-content\/uploads\/2025\/10\/Z15UB-YY-1.webp 1000w, https:\/\/mountlaser.com\/wp-content\/uploads\/2025\/10\/Z15UB-YY-1-300x300.webp 300w, https:\/\/mountlaser.com\/wp-content\/uploads\/2025\/10\/Z15UB-YY-1-400x400.webp 400w, https:\/\/mountlaser.com\/wp-content\/uploads\/2025\/10\/Z15UB-YY-1-800x800.webp 800w, https:\/\/mountlaser.com\/wp-content\/uploads\/2025\/10\/Z15UB-YY-1-600x600.webp 600w, https:\/\/mountlaser.com\/wp-content\/uploads\/2025\/10\/Z15UB-YY-1-150x150.webp 150w, https:\/\/mountlaser.com\/wp-content\/uploads\/2025\/10\/Z15UB-YY-1-768x768.webp 768w, https:\/\/mountlaser.com\/wp-content\/uploads\/2025\/10\/Z15UB-YY-1-12x12.webp 12w\" sizes=\"(max-width: 500px) 100vw, 500px\" \/><\/p>","protected":false},"excerpt":{"rendered":"<ul>\n<li>Conception durable et protectrice : La construction de style japonais garantit une plateforme robuste et fiable.<\/li>\n<li>Le produit est livr\u00e9 avec un sac de transport protecteur pour un transport et un rangement en toute s\u00e9curit\u00e9.<\/li>\n<li>Mod\u00e8les \u00e0 code couleur\u00a0: disponibles en trois combinaisons de couleurs (AA, RO, RR), permettant une identification et une gestion faciles de plusieurs unit\u00e9s sur le terrain.<\/li>\n<\/ul>","protected":false},"featured_media":2603,"comment_status":"open","ping_status":"closed","template":"","meta":[],"product_brand":[],"product_cat":[72,103],"product_tag":[],"class_list":{"0":"post-2598","1":"product","2":"type-product","3":"status-publish","4":"has-post-thumbnail","6":"product_cat-reflective-target-prism","7":"product_cat-prism-assembly","9":"first","10":"instock","11":"shipping-taxable","12":"product-type-simple"},"_links":{"self":[{"href":"https:\/\/mountlaser.com\/fr_fr\/wp-json\/wp\/v2\/product\/2598","targetHints":{"allow":["GET"]}}],"collection":[{"href":"https:\/\/mountlaser.com\/fr_fr\/wp-json\/wp\/v2\/product"}],"about":[{"href":"https:\/\/mountlaser.com\/fr_fr\/wp-json\/wp\/v2\/types\/product"}],"replies":[{"embeddable":true,"href":"https:\/\/mountlaser.com\/fr_fr\/wp-json\/wp\/v2\/comments?post=2598"}],"wp:featuredmedia":[{"embeddable":true,"href":"https:\/\/mountlaser.com\/fr_fr\/wp-json\/wp\/v2\/media\/2603"}],"wp:attachment":[{"href":"https:\/\/mountlaser.com\/fr_fr\/wp-json\/wp\/v2\/media?parent=2598"}],"wp:term":[{"taxonomy":"product_brand","embeddable":true,"href":"https:\/\/mountlaser.com\/fr_fr\/wp-json\/wp\/v2\/product_brand?post=2598"},{"taxonomy":"product_cat","embeddable":true,"href":"https:\/\/mountlaser.com\/fr_fr\/wp-json\/wp\/v2\/product_cat?post=2598"},{"taxonomy":"product_tag","embeddable":true,"href":"https:\/\/mountlaser.com\/fr_fr\/wp-json\/wp\/v2\/product_tag?post=2598"}],"curies":[{"name":"wp","href":"https:\/\/api.w.org\/{rel}","templated":true}]}}