{"id":2591,"date":"2025-10-13T09:10:16","date_gmt":"2025-10-13T09:10:16","guid":{"rendered":"https:\/\/mountlaser.com\/?post_type=product&#038;p=2591"},"modified":"2025-11-28T07:01:27","modified_gmt":"2025-11-28T07:01:27","slug":"z15u-prism-assembly","status":"publish","type":"product","link":"https:\/\/mountlaser.com\/fr_fr\/produit\/z15u-prism-assembly\/","title":{"rendered":"Assemblage du prisme Z15U"},"content":{"rendered":"<p>Am\u00e9liorez la pr\u00e9cision de vos lev\u00e9s topographiques gr\u00e2ce \u00e0 <a href=\"https:\/\/mountlaser.com\/fr_fr\/\"><strong>Assemblage du prisme Z15U<\/strong><\/a>, Ce syst\u00e8me de prisme de haute pr\u00e9cision est con\u00e7u selon les normes rigoureuses des supports de prisme japonais. Destin\u00e9 aux professionnels exigeants, il int\u00e8gre un prisme de 64 mm offrant une pr\u00e9cision angulaire de 3 \u00e0 4\u2033 ou de 5 \u00e0 8\u2033. Polyvalent, il est con\u00e7u pour une utilisation sur le terrain, avec un d\u00e9calage de 0 mm ou -30 mm et une hauteur d&#039;axe d&#039;inclinaison de 100 mm pour un positionnement optimal.<\/p>\n<p><img fetchpriority=\"high\" decoding=\"async\" class=\"aligncenter wp-image-2593\" src=\"https:\/\/mountlaser.com\/wp-content\/uploads\/2025\/10\/Z15U-YY-2.webp\" alt=\"high-precision prism system \" width=\"500\" height=\"500\" srcset=\"https:\/\/mountlaser.com\/wp-content\/uploads\/2025\/10\/Z15U-YY-2.webp 1000w, https:\/\/mountlaser.com\/wp-content\/uploads\/2025\/10\/Z15U-YY-2-300x300.webp 300w, https:\/\/mountlaser.com\/wp-content\/uploads\/2025\/10\/Z15U-YY-2-400x400.webp 400w, https:\/\/mountlaser.com\/wp-content\/uploads\/2025\/10\/Z15U-YY-2-800x800.webp 800w, https:\/\/mountlaser.com\/wp-content\/uploads\/2025\/10\/Z15U-YY-2-600x600.webp 600w, https:\/\/mountlaser.com\/wp-content\/uploads\/2025\/10\/Z15U-YY-2-150x150.webp 150w, https:\/\/mountlaser.com\/wp-content\/uploads\/2025\/10\/Z15U-YY-2-768x768.webp 768w, https:\/\/mountlaser.com\/wp-content\/uploads\/2025\/10\/Z15U-YY-2-12x12.webp 12w\" sizes=\"(max-width: 500px) 100vw, 500px\" \/><\/p>\n<p>L&#039;ensemble assure une compatibilit\u00e9 universelle gr\u00e2ce \u00e0 son adaptateur filet\u00e9 femelle 5\/8\u2033-11 en aluminium int\u00e9gr\u00e9, compatible avec tous les poteaux et accessoires standard. Pour simplifier la gestion de projet et l&#039;identification des outils, nous proposons cette solution fiable. <a href=\"https:\/\/mountlaser.com\/fr_fr\/products\/\"><strong>syst\u00e8me de prisme de haute pr\u00e9cision<\/strong><\/a> en deux mod\u00e8les distincts, identifi\u00e9s par un code couleur\u00a0: l\u2019ensemble prisme Z15U-RO (rouge-orange) et le <a href=\"https:\/\/mountlaser.com\/fr_fr\/contact-us\/\"><strong>Assemblage de prisme Z15U-YY<\/strong><\/a> (Jaune). Les ensembles prismatiques Z15U-RO et Z15U-YY sont tous deux fournis avec une pochette de transport r\u00e9sistante, assurant ainsi la protection de votre investissement lors du transport et du stockage.<\/p>\n<p><img decoding=\"async\" class=\"aligncenter wp-image-2597\" src=\"https:\/\/mountlaser.com\/wp-content\/uploads\/2025\/10\/Z15U-RO-4.webp\" alt=\"high-precision prism system \" width=\"500\" height=\"500\" srcset=\"https:\/\/mountlaser.com\/wp-content\/uploads\/2025\/10\/Z15U-RO-4.webp 1000w, https:\/\/mountlaser.com\/wp-content\/uploads\/2025\/10\/Z15U-RO-4-300x300.webp 300w, https:\/\/mountlaser.com\/wp-content\/uploads\/2025\/10\/Z15U-RO-4-400x400.webp 400w, https:\/\/mountlaser.com\/wp-content\/uploads\/2025\/10\/Z15U-RO-4-800x800.webp 800w, https:\/\/mountlaser.com\/wp-content\/uploads\/2025\/10\/Z15U-RO-4-600x600.webp 600w, https:\/\/mountlaser.com\/wp-content\/uploads\/2025\/10\/Z15U-RO-4-150x150.webp 150w, https:\/\/mountlaser.com\/wp-content\/uploads\/2025\/10\/Z15U-RO-4-768x768.webp 768w, https:\/\/mountlaser.com\/wp-content\/uploads\/2025\/10\/Z15U-RO-4-12x12.webp 12w\" sizes=\"(max-width: 500px) 100vw, 500px\" \/><\/p>","protected":false},"excerpt":{"rendered":"<ul>\n<li>Configuration configurable\u00a0: offre un choix de d\u00e9calage de 0\u00a0mm ou -30\u00a0mm et un axe d\u2019inclinaison de 100\u00a0mm pour des configurations de terrain flexibles.<\/li>\n<li>Compatibilit\u00e9 universelle : L&#039;adaptateur filet\u00e9 femelle 5\/8\u2033-11 int\u00e9gr\u00e9 assure une utilisation sans faille avec les \u00e9quipements topographiques standard.<\/li>\n<li>Identification par code couleur\u00a0: disponible en Z15U-RO (rouge-orange) et Z15U-YY (jaune) pour une diff\u00e9renciation facile des \u00e9quipes et des projets.<\/li>\n<\/ul>","protected":false},"featured_media":2593,"comment_status":"open","ping_status":"closed","template":"","meta":[],"product_brand":[],"product_cat":[72,103],"product_tag":[],"class_list":{"0":"post-2591","1":"product","2":"type-product","3":"status-publish","4":"has-post-thumbnail","6":"product_cat-reflective-target-prism","7":"product_cat-prism-assembly","9":"first","10":"instock","11":"shipping-taxable","12":"product-type-simple"},"_links":{"self":[{"href":"https:\/\/mountlaser.com\/fr_fr\/wp-json\/wp\/v2\/product\/2591","targetHints":{"allow":["GET"]}}],"collection":[{"href":"https:\/\/mountlaser.com\/fr_fr\/wp-json\/wp\/v2\/product"}],"about":[{"href":"https:\/\/mountlaser.com\/fr_fr\/wp-json\/wp\/v2\/types\/product"}],"replies":[{"embeddable":true,"href":"https:\/\/mountlaser.com\/fr_fr\/wp-json\/wp\/v2\/comments?post=2591"}],"wp:featuredmedia":[{"embeddable":true,"href":"https:\/\/mountlaser.com\/fr_fr\/wp-json\/wp\/v2\/media\/2593"}],"wp:attachment":[{"href":"https:\/\/mountlaser.com\/fr_fr\/wp-json\/wp\/v2\/media?parent=2591"}],"wp:term":[{"taxonomy":"product_brand","embeddable":true,"href":"https:\/\/mountlaser.com\/fr_fr\/wp-json\/wp\/v2\/product_brand?post=2591"},{"taxonomy":"product_cat","embeddable":true,"href":"https:\/\/mountlaser.com\/fr_fr\/wp-json\/wp\/v2\/product_cat?post=2591"},{"taxonomy":"product_tag","embeddable":true,"href":"https:\/\/mountlaser.com\/fr_fr\/wp-json\/wp\/v2\/product_tag?post=2591"}],"curies":[{"name":"wp","href":"https:\/\/api.w.org\/{rel}","templated":true}]}}