{"id":2581,"date":"2025-10-13T06:18:32","date_gmt":"2025-10-13T06:18:32","guid":{"rendered":"https:\/\/mountlaser.com\/?post_type=product&#038;p=2581"},"modified":"2025-11-28T07:02:22","modified_gmt":"2025-11-28T07:02:22","slug":"z15b-prism-assembly","status":"publish","type":"product","link":"https:\/\/mountlaser.com\/fr_fr\/produit\/z15b-prism-assembly\/","title":{"rendered":"Assemblage du prisme Z15B"},"content":{"rendered":"<p>Le <a href=\"https:\/\/mountlaser.com\/fr_fr\/\"><strong>Assemblage du prisme Z15B<\/strong><\/a> Ce support allie la pr\u00e9cision et la fiabilit\u00e9 d&#039;un tr\u00e9pied \u00e0 prisme de style japonais \u00e0 une solution d&#039;assemblage de prisme de haute qualit\u00e9 pour les travaux topographiques exigeants. Con\u00e7u pour accueillir un prisme de 64 mm avec une pr\u00e9cision au choix de 3-4 ou 5-8 secondes, il garantit l&#039;int\u00e9grit\u00e9 des donn\u00e9es pour les projets critiques. Son adaptateur femelle 5\/8\u2033-11 int\u00e9gr\u00e9 en aluminium robuste assure une compatibilit\u00e9 universelle avec tous les supports et adaptateurs de prisme standard. Gr\u00e2ce \u00e0 ses options de configuration flexibles, incluant un d\u00e9calage de 0 mm ou -30 mm et une hauteur d&#039;axe d&#039;inclinaison stable de 100 mm, il s&#039;adapte \u00e0 diverses conditions de terrain.<\/p>\n<p><img fetchpriority=\"high\" decoding=\"async\" class=\"aligncenter wp-image-2586\" src=\"https:\/\/mountlaser.com\/wp-content\/uploads\/2025\/10\/Z15B-RY-4-1-300x300.webp\" alt=\"Quality Prism Assembly\" width=\"500\" height=\"500\" srcset=\"https:\/\/mountlaser.com\/wp-content\/uploads\/2025\/10\/Z15B-RY-4-1-300x300.webp 300w, https:\/\/mountlaser.com\/wp-content\/uploads\/2025\/10\/Z15B-RY-4-1-400x400.webp 400w, https:\/\/mountlaser.com\/wp-content\/uploads\/2025\/10\/Z15B-RY-4-1-800x800.webp 800w, https:\/\/mountlaser.com\/wp-content\/uploads\/2025\/10\/Z15B-RY-4-1-600x600.webp 600w, https:\/\/mountlaser.com\/wp-content\/uploads\/2025\/10\/Z15B-RY-4-1-150x150.webp 150w, https:\/\/mountlaser.com\/wp-content\/uploads\/2025\/10\/Z15B-RY-4-1-768x768.webp 768w, https:\/\/mountlaser.com\/wp-content\/uploads\/2025\/10\/Z15B-RY-4-1-12x12.webp 12w, https:\/\/mountlaser.com\/wp-content\/uploads\/2025\/10\/Z15B-RY-4-1.webp 1000w\" sizes=\"(max-width: 500px) 100vw, 500px\" \/><\/p>\n<p>Pour mieux r\u00e9pondre aux besoins organisationnels de votre \u00e9quipe, le prisme Z15B est disponible en quatre mod\u00e8les distincts, identifi\u00e9s par un code couleur\u00a0: le prisme Z15B-YY (jaune), le prisme Z15B-YW (jaune et blanc), le prisme Z15B-RW (rouge et blanc) et le prisme Z15B-RY (rouge et jaune). Ce choix de couleurs surpasse celui de notre populaire s\u00e9rie C15B, offrant ainsi une flexibilit\u00e9 accrue. <a href=\"https:\/\/mountlaser.com\/fr_fr\/products\/\"><strong>Assemblage de prismes de qualit\u00e9<\/strong> <\/a>Livr\u00e9 avec un sac de transport protecteur, assurant un transport et un rangement pratiques.<\/p>","protected":false},"excerpt":{"rendered":"<ul>\n<li>Support de haute pr\u00e9cision : Accepte un prisme de 64 mm avec une pr\u00e9cision s\u00e9lectionnable de 3-4\/5-8 secondes.<\/li>\n<li>Compatibilit\u00e9 universelle : L&#039;adaptateur femelle int\u00e9gr\u00e9 5\/8\u2033-11 convient \u00e0 toutes les perches et accessoires d&#039;arpentage standard.<\/li>\n<li>Flexibilit\u00e9 op\u00e9rationnelle : Offre un choix entre un d\u00e9calage de 0 mm ou de -30 mm et un axe d&#039;inclinaison de 100 mm pour une configuration polyvalente.<\/li>\n<\/ul>","protected":false},"featured_media":2582,"comment_status":"open","ping_status":"closed","template":"","meta":[],"product_brand":[],"product_cat":[72,103],"product_tag":[],"class_list":{"0":"post-2581","1":"product","2":"type-product","3":"status-publish","4":"has-post-thumbnail","6":"product_cat-reflective-target-prism","7":"product_cat-prism-assembly","9":"first","10":"instock","11":"shipping-taxable","12":"product-type-simple"},"_links":{"self":[{"href":"https:\/\/mountlaser.com\/fr_fr\/wp-json\/wp\/v2\/product\/2581","targetHints":{"allow":["GET"]}}],"collection":[{"href":"https:\/\/mountlaser.com\/fr_fr\/wp-json\/wp\/v2\/product"}],"about":[{"href":"https:\/\/mountlaser.com\/fr_fr\/wp-json\/wp\/v2\/types\/product"}],"replies":[{"embeddable":true,"href":"https:\/\/mountlaser.com\/fr_fr\/wp-json\/wp\/v2\/comments?post=2581"}],"wp:featuredmedia":[{"embeddable":true,"href":"https:\/\/mountlaser.com\/fr_fr\/wp-json\/wp\/v2\/media\/2582"}],"wp:attachment":[{"href":"https:\/\/mountlaser.com\/fr_fr\/wp-json\/wp\/v2\/media?parent=2581"}],"wp:term":[{"taxonomy":"product_brand","embeddable":true,"href":"https:\/\/mountlaser.com\/fr_fr\/wp-json\/wp\/v2\/product_brand?post=2581"},{"taxonomy":"product_cat","embeddable":true,"href":"https:\/\/mountlaser.com\/fr_fr\/wp-json\/wp\/v2\/product_cat?post=2581"},{"taxonomy":"product_tag","embeddable":true,"href":"https:\/\/mountlaser.com\/fr_fr\/wp-json\/wp\/v2\/product_tag?post=2581"}],"curies":[{"name":"wp","href":"https:\/\/api.w.org\/{rel}","templated":true}]}}