{"id":2573,"date":"2025-10-13T05:57:19","date_gmt":"2025-10-13T05:57:19","guid":{"rendered":"https:\/\/mountlaser.com\/?post_type=product&#038;p=2573"},"modified":"2025-11-28T07:05:04","modified_gmt":"2025-11-28T07:05:04","slug":"c15b-prism-assembly","status":"publish","type":"product","link":"https:\/\/mountlaser.com\/fr_fr\/produit\/c15b-prism-assembly\/","title":{"rendered":"Assemblage du prisme C15B"},"content":{"rendered":"<p>Le <a href=\"https:\/\/mountlaser.com\/fr_fr\/products\/\"><strong>Assemblage du prisme C15B<\/strong><\/a> Ce support de prisme de haute pr\u00e9cision, de type japonais, est con\u00e7u pour les g\u00e9om\u00e8tres exigeant fiabilit\u00e9 et exactitude. Con\u00e7u pour accueillir un prisme de 64 mm avec une pr\u00e9cision de 3 \u00e0 4 secondes ou de 5 \u00e0 8 secondes, il garantit des mesures conformes aux normes les plus rigoureuses. Il est \u00e9quip\u00e9 d&#039;un adaptateur femelle en aluminium int\u00e9gr\u00e9 de 5\/8\u2033-11, assurant une compatibilit\u00e9 universelle avec toute perche ou tr\u00e9pied standard pour prisme.<\/p>\n<p><img fetchpriority=\"high\" decoding=\"async\" class=\"aligncenter wp-image-2575\" src=\"https:\/\/mountlaser.com\/wp-content\/uploads\/2025\/10\/C15B-RR-2.webp\" alt=\"C15B Prism Assembly\" width=\"500\" height=\"500\" srcset=\"https:\/\/mountlaser.com\/wp-content\/uploads\/2025\/10\/C15B-RR-2.webp 1000w, https:\/\/mountlaser.com\/wp-content\/uploads\/2025\/10\/C15B-RR-2-300x300.webp 300w, https:\/\/mountlaser.com\/wp-content\/uploads\/2025\/10\/C15B-RR-2-400x400.webp 400w, https:\/\/mountlaser.com\/wp-content\/uploads\/2025\/10\/C15B-RR-2-800x800.webp 800w, https:\/\/mountlaser.com\/wp-content\/uploads\/2025\/10\/C15B-RR-2-600x600.webp 600w, https:\/\/mountlaser.com\/wp-content\/uploads\/2025\/10\/C15B-RR-2-150x150.webp 150w, https:\/\/mountlaser.com\/wp-content\/uploads\/2025\/10\/C15B-RR-2-768x768.webp 768w, https:\/\/mountlaser.com\/wp-content\/uploads\/2025\/10\/C15B-RR-2-12x12.webp 12w\" sizes=\"(max-width: 500px) 100vw, 500px\" \/><\/p>\n<p>Pour r\u00e9pondre \u00e0 vos besoins sp\u00e9cifiques sur le terrain, le prisme C15B offre des options de d\u00e9calage de 0 mm et de -30 mm, avec une hauteur d&#039;axe d&#039;inclinaison constante de 100 mm pour des configurations stables. Ce mod\u00e8le polyvalent est disponible en deux variantes \u00e0 code couleur distinctes pour une identification facile et une coordination d&#039;\u00e9quipe optimale\u00a0: le prisme C15B-RR et le prisme C15B-YY. Que vous choisissiez le prisme C15B-RR ou le prisme C15B-YY\u2026 <a href=\"https:\/\/mountlaser.com\/fr_fr\/contact-us\/\"><strong>Assemblage de prisme C15B-YY<\/strong><\/a>, Vous b\u00e9n\u00e9ficiez ainsi de la m\u00eame construction robuste, de la m\u00eame ing\u00e9nierie de pr\u00e9cision et d&#039;un emballage pratique comprenant un carton de protection pour le transport et le stockage.<\/p>\n<p><img decoding=\"async\" class=\"wp-image-2579 aligncenter\" src=\"https:\/\/mountlaser.com\/wp-content\/uploads\/2025\/10\/C15-YY-2.webp\" alt=\"C15B-YY Prism Assembly\" width=\"500\" height=\"500\" srcset=\"https:\/\/mountlaser.com\/wp-content\/uploads\/2025\/10\/C15-YY-2.webp 1000w, https:\/\/mountlaser.com\/wp-content\/uploads\/2025\/10\/C15-YY-2-300x300.webp 300w, https:\/\/mountlaser.com\/wp-content\/uploads\/2025\/10\/C15-YY-2-400x400.webp 400w, https:\/\/mountlaser.com\/wp-content\/uploads\/2025\/10\/C15-YY-2-800x800.webp 800w, https:\/\/mountlaser.com\/wp-content\/uploads\/2025\/10\/C15-YY-2-600x600.webp 600w, https:\/\/mountlaser.com\/wp-content\/uploads\/2025\/10\/C15-YY-2-150x150.webp 150w, https:\/\/mountlaser.com\/wp-content\/uploads\/2025\/10\/C15-YY-2-768x768.webp 768w, https:\/\/mountlaser.com\/wp-content\/uploads\/2025\/10\/C15-YY-2-12x12.webp 12w\" sizes=\"(max-width: 500px) 100vw, 500px\" \/><\/p>","protected":false},"excerpt":{"rendered":"<ul>\n<li>Axe d&#039;inclinaison stable\u00a0: Dot\u00e9 d&#039;un axe d&#039;inclinaison de 100\u00a0mm de hauteur pour une stabilit\u00e9 accrue pendant le fonctionnement.<\/li>\n<li>Mod\u00e8les \u00e0 code couleur\u00a0: disponibles en versions C15B-RR et C15B-YY pour une identification facile des \u00e9quipes et des projets.<\/li>\n<\/ul>","protected":false},"featured_media":2574,"comment_status":"open","ping_status":"closed","template":"","meta":[],"product_brand":[],"product_cat":[72,103],"product_tag":[],"class_list":{"0":"post-2573","1":"product","2":"type-product","3":"status-publish","4":"has-post-thumbnail","6":"product_cat-reflective-target-prism","7":"product_cat-prism-assembly","9":"first","10":"instock","11":"shipping-taxable","12":"product-type-simple"},"_links":{"self":[{"href":"https:\/\/mountlaser.com\/fr_fr\/wp-json\/wp\/v2\/product\/2573","targetHints":{"allow":["GET"]}}],"collection":[{"href":"https:\/\/mountlaser.com\/fr_fr\/wp-json\/wp\/v2\/product"}],"about":[{"href":"https:\/\/mountlaser.com\/fr_fr\/wp-json\/wp\/v2\/types\/product"}],"replies":[{"embeddable":true,"href":"https:\/\/mountlaser.com\/fr_fr\/wp-json\/wp\/v2\/comments?post=2573"}],"wp:featuredmedia":[{"embeddable":true,"href":"https:\/\/mountlaser.com\/fr_fr\/wp-json\/wp\/v2\/media\/2574"}],"wp:attachment":[{"href":"https:\/\/mountlaser.com\/fr_fr\/wp-json\/wp\/v2\/media?parent=2573"}],"wp:term":[{"taxonomy":"product_brand","embeddable":true,"href":"https:\/\/mountlaser.com\/fr_fr\/wp-json\/wp\/v2\/product_brand?post=2573"},{"taxonomy":"product_cat","embeddable":true,"href":"https:\/\/mountlaser.com\/fr_fr\/wp-json\/wp\/v2\/product_cat?post=2573"},{"taxonomy":"product_tag","embeddable":true,"href":"https:\/\/mountlaser.com\/fr_fr\/wp-json\/wp\/v2\/product_tag?post=2573"}],"curies":[{"name":"wp","href":"https:\/\/api.w.org\/{rel}","templated":true}]}}