{"id":2529,"date":"2025-10-09T08:45:48","date_gmt":"2025-10-09T08:45:48","guid":{"rendered":"https:\/\/mountlaser.com\/?post_type=product&#038;p=2529"},"modified":"2025-11-28T07:13:32","modified_gmt":"2025-11-28T07:13:32","slug":"ad-e02-aluminum-adapter","status":"publish","type":"product","link":"https:\/\/mountlaser.com\/fr_fr\/produit\/ad-e02-aluminum-adapter\/","title":{"rendered":"Adaptateur en aluminium AD-E02"},"content":{"rendered":"<p>Assurez une connexion solide avec le <a href=\"https:\/\/mountlaser.com\/fr_fr\/\"><strong>Adaptateur en aluminium AD-E02<\/strong><\/a><\/p>\n<p>Le Mount Laser AD-E02 est un appareil usin\u00e9 avec pr\u00e9cision<a href=\"https:\/\/mountlaser.com\/fr_fr\/products\/\"><strong> Adaptateur en aluminium de 20 mm de hauteur<\/strong><\/a> Con\u00e7u pour fournir une rallonge robuste et fiable \u00e0 votre \u00e9quipement topographique, cet adaptateur est fabriqu\u00e9 en alliage d&#039;aluminium haute r\u00e9sistance. Il est con\u00e7u pour durer tout en restant l\u00e9ger et facile \u00e0 utiliser sur le terrain.<\/p>\n<p><img fetchpriority=\"high\" decoding=\"async\" class=\"aligncenter wp-image-2534\" src=\"https:\/\/mountlaser.com\/wp-content\/uploads\/2025\/10\/AD-E02-6.webp\" alt=\"Height 20mm Aluminum adapter\" width=\"500\" height=\"500\" srcset=\"https:\/\/mountlaser.com\/wp-content\/uploads\/2025\/10\/AD-E02-6.webp 1000w, https:\/\/mountlaser.com\/wp-content\/uploads\/2025\/10\/AD-E02-6-300x300.webp 300w, https:\/\/mountlaser.com\/wp-content\/uploads\/2025\/10\/AD-E02-6-400x400.webp 400w, https:\/\/mountlaser.com\/wp-content\/uploads\/2025\/10\/AD-E02-6-800x800.webp 800w, https:\/\/mountlaser.com\/wp-content\/uploads\/2025\/10\/AD-E02-6-600x600.webp 600w, https:\/\/mountlaser.com\/wp-content\/uploads\/2025\/10\/AD-E02-6-150x150.webp 150w, https:\/\/mountlaser.com\/wp-content\/uploads\/2025\/10\/AD-E02-6-768x768.webp 768w, https:\/\/mountlaser.com\/wp-content\/uploads\/2025\/10\/AD-E02-6-12x12.webp 12w\" sizes=\"(max-width: 500px) 100vw, 500px\" \/><\/p>\n<p>En tant que d\u00e9vou\u00e9 <a href=\"https:\/\/mountlaser.com\/fr_fr\/contact-us\/\">Adaptateur en aluminium de 20 mm de hauteur<\/a>, Dot\u00e9 de deux filetages 5\/8\u2033-11 (un m\u00e2le, un femelle), cet adaptateur est l&#039;outil id\u00e9al pour rehausser vos prises prismatiques ou connecter des accessoires compatibles. Compact et robuste, l&#039;adaptateur en aluminium de 20 mm de hauteur garantit la stabilit\u00e9 et la pr\u00e9cision de votre installation.<\/p>","protected":false},"excerpt":{"rendered":"<ul>\n<li>Utilis\u00e9 principalement pour ajouter une rallonge pr\u00e9cise de 20 mm aux poteaux prismatiques et autres syst\u00e8mes de montage.<\/li>\n<li>Comporte un double filetage 5\/8\u2033-11 pour une connexion sans faille entre les instruments et accessoires compatibles.<\/li>\n<\/ul>","protected":false},"featured_media":2531,"comment_status":"open","ping_status":"closed","template":"","meta":[],"product_brand":[],"product_cat":[79,102],"product_tag":[],"class_list":{"0":"post-2529","1":"product","2":"type-product","3":"status-publish","4":"has-post-thumbnail","6":"product_cat-surveying-accessory","7":"product_cat-monitoring-adapter","9":"first","10":"instock","11":"shipping-taxable","12":"product-type-simple"},"_links":{"self":[{"href":"https:\/\/mountlaser.com\/fr_fr\/wp-json\/wp\/v2\/product\/2529","targetHints":{"allow":["GET"]}}],"collection":[{"href":"https:\/\/mountlaser.com\/fr_fr\/wp-json\/wp\/v2\/product"}],"about":[{"href":"https:\/\/mountlaser.com\/fr_fr\/wp-json\/wp\/v2\/types\/product"}],"replies":[{"embeddable":true,"href":"https:\/\/mountlaser.com\/fr_fr\/wp-json\/wp\/v2\/comments?post=2529"}],"wp:featuredmedia":[{"embeddable":true,"href":"https:\/\/mountlaser.com\/fr_fr\/wp-json\/wp\/v2\/media\/2531"}],"wp:attachment":[{"href":"https:\/\/mountlaser.com\/fr_fr\/wp-json\/wp\/v2\/media?parent=2529"}],"wp:term":[{"taxonomy":"product_brand","embeddable":true,"href":"https:\/\/mountlaser.com\/fr_fr\/wp-json\/wp\/v2\/product_brand?post=2529"},{"taxonomy":"product_cat","embeddable":true,"href":"https:\/\/mountlaser.com\/fr_fr\/wp-json\/wp\/v2\/product_cat?post=2529"},{"taxonomy":"product_tag","embeddable":true,"href":"https:\/\/mountlaser.com\/fr_fr\/wp-json\/wp\/v2\/product_tag?post=2529"}],"curies":[{"name":"wp","href":"https:\/\/api.w.org\/{rel}","templated":true}]}}