{"id":2471,"date":"2025-09-30T08:54:19","date_gmt":"2025-09-30T08:54:19","guid":{"rendered":"https:\/\/mountlaser.com\/?post_type=product&#038;p=2471"},"modified":"2025-11-28T07:26:59","modified_gmt":"2025-11-28T07:26:59","slug":"ad-l08-aluminum-adapter","status":"publish","type":"product","link":"https:\/\/mountlaser.com\/fr_fr\/produit\/ad-l08-aluminum-adapter\/","title":{"rendered":"Adaptateur en aluminium AD-L08"},"content":{"rendered":"<p>D\u00e9couvrez le Mont Laser <a href=\"https:\/\/mountlaser.com\/fr_fr\/products\/\"><strong>Adaptateur en aluminium AD-L08<\/strong><\/a>, Solution l\u00e9g\u00e8re et durable pour vos besoins de connexion de pr\u00e9cision, cet adaptateur de haute qualit\u00e9 est dot\u00e9 d&#039;une fiche suisse robuste de 25 mm de diam\u00e8tre, usin\u00e9e dans un bloc d&#039;aluminium massif. Il offre un \u00e9quilibre id\u00e9al entre r\u00e9sistance et l\u00e9g\u00e8ret\u00e9. Son atout principal r\u00e9side dans son adaptateur filet\u00e9 femelle 5\/8-11 de pr\u00e9cision, con\u00e7u pour une compatibilit\u00e9 universelle avec une large gamme d&#039;\u00e9quipements topographiques, notamment les tr\u00e9pieds et les perches.<\/p>\n<p><img fetchpriority=\"high\" decoding=\"async\" class=\"aligncenter wp-image-2474\" src=\"https:\/\/mountlaser.com\/wp-content\/uploads\/2025\/09\/AD-L08-6.webp\" alt=\"Female 5\/8&quot;-11 thread Adapter\" width=\"500\" height=\"500\" srcset=\"https:\/\/mountlaser.com\/wp-content\/uploads\/2025\/09\/AD-L08-6.webp 1000w, https:\/\/mountlaser.com\/wp-content\/uploads\/2025\/09\/AD-L08-6-300x300.webp 300w, https:\/\/mountlaser.com\/wp-content\/uploads\/2025\/09\/AD-L08-6-400x400.webp 400w, https:\/\/mountlaser.com\/wp-content\/uploads\/2025\/09\/AD-L08-6-800x800.webp 800w, https:\/\/mountlaser.com\/wp-content\/uploads\/2025\/09\/AD-L08-6-600x600.webp 600w, https:\/\/mountlaser.com\/wp-content\/uploads\/2025\/09\/AD-L08-6-150x150.webp 150w, https:\/\/mountlaser.com\/wp-content\/uploads\/2025\/09\/AD-L08-6-768x768.webp 768w, https:\/\/mountlaser.com\/wp-content\/uploads\/2025\/09\/AD-L08-6-12x12.webp 12w\" sizes=\"(max-width: 500px) 100vw, 500px\" \/><\/p>\n<p>L&#039;AD-L08 est sp\u00e9cifiquement con\u00e7u pour \u00eatre fiable<a href=\"https:\/\/mountlaser.com\/fr_fr\/about-us\/\"> <strong>Adaptateur filet\u00e9 femelle 5\/8-11<\/strong> <\/a>Ce syst\u00e8me garantit une connexion s\u00fbre, pr\u00e9cise et antid\u00e9rapante \u00e0 chaque utilisation. Sa construction l\u00e9g\u00e8re en aluminium r\u00e9duit la fatigue de l&#039;outil sans compromettre sa durabilit\u00e9, faisant de cet adaptateur filet\u00e9 femelle 5\/8-11 l&#039;outil id\u00e9al pour les g\u00e9om\u00e8tres constamment en d\u00e9placement. Optimisez votre \u00e9quipement avec l&#039;AD-L08 pour une installation simple et efficace.<\/p>","protected":false},"excerpt":{"rendered":"<ul>\n<li>Aluminium l\u00e9ger : Fabriqu\u00e9 en aluminium massif pour un excellent rapport r\u00e9sistance\/poids, r\u00e9duisant la fatigue de l&#039;utilisateur.<\/li>\n<li>Bouchon suisse de pr\u00e9cision\u00a0: Comporte un bouchon suisse de haute qualit\u00e9 de 25\u00a0mm de diam\u00e8tre pour un ajustement s\u00fbr et pr\u00e9cis.<\/li>\n<li>Filetage femelle universel 5\/8\u2033-11\u00a0: assure une large compatibilit\u00e9 avec les tr\u00e9pieds, les perches et les accessoires d\u2019arpentage standard.<\/li>\n<\/ul>","protected":false},"featured_media":2472,"comment_status":"open","ping_status":"closed","template":"","meta":[],"product_brand":[],"product_cat":[79,102],"product_tag":[],"class_list":{"0":"post-2471","1":"product","2":"type-product","3":"status-publish","4":"has-post-thumbnail","6":"product_cat-surveying-accessory","7":"product_cat-monitoring-adapter","9":"first","10":"instock","11":"shipping-taxable","12":"product-type-simple"},"_links":{"self":[{"href":"https:\/\/mountlaser.com\/fr_fr\/wp-json\/wp\/v2\/product\/2471","targetHints":{"allow":["GET"]}}],"collection":[{"href":"https:\/\/mountlaser.com\/fr_fr\/wp-json\/wp\/v2\/product"}],"about":[{"href":"https:\/\/mountlaser.com\/fr_fr\/wp-json\/wp\/v2\/types\/product"}],"replies":[{"embeddable":true,"href":"https:\/\/mountlaser.com\/fr_fr\/wp-json\/wp\/v2\/comments?post=2471"}],"wp:featuredmedia":[{"embeddable":true,"href":"https:\/\/mountlaser.com\/fr_fr\/wp-json\/wp\/v2\/media\/2472"}],"wp:attachment":[{"href":"https:\/\/mountlaser.com\/fr_fr\/wp-json\/wp\/v2\/media?parent=2471"}],"wp:term":[{"taxonomy":"product_brand","embeddable":true,"href":"https:\/\/mountlaser.com\/fr_fr\/wp-json\/wp\/v2\/product_brand?post=2471"},{"taxonomy":"product_cat","embeddable":true,"href":"https:\/\/mountlaser.com\/fr_fr\/wp-json\/wp\/v2\/product_cat?post=2471"},{"taxonomy":"product_tag","embeddable":true,"href":"https:\/\/mountlaser.com\/fr_fr\/wp-json\/wp\/v2\/product_tag?post=2471"}],"curies":[{"name":"wp","href":"https:\/\/api.w.org\/{rel}","templated":true}]}}