{"id":2466,"date":"2025-09-30T08:36:09","date_gmt":"2025-09-30T08:36:09","guid":{"rendered":"https:\/\/mountlaser.com\/?post_type=product&#038;p=2466"},"modified":"2025-11-28T08:02:02","modified_gmt":"2025-11-28T08:02:02","slug":"ad-l07-copper-adapter","status":"publish","type":"product","link":"https:\/\/mountlaser.com\/fr_fr\/produit\/ad-l07-copper-adapter\/","title":{"rendered":"Adaptateur en cuivre AD-L07"},"content":{"rendered":"<p>B\u00e9n\u00e9ficiez de performances et d&#039;une durabilit\u00e9 sup\u00e9rieures avec le support laser <a href=\"https:\/\/mountlaser.com\/fr_fr\/\"><strong>Adaptateur en cuivre AD-L07<\/strong><\/a>. Con\u00e7u avec pr\u00e9cision pour les g\u00e9om\u00e8tres les plus exigeants, cet adaptateur allie l&#039;excellente r\u00e9sistance \u00e0 l&#039;usure et les propri\u00e9t\u00e9s lubrifiantes naturelles du cuivre \u00e0 un filetage universel M8 et \u00e0 une conception de type suisse. L&#039;adaptateur en cuivre AD-L07 garantit une connexion s\u00fbre et anti-grippage, m\u00eame en cas d&#039;utilisation quotidienne intensive, prot\u00e9geant ainsi vos pr\u00e9cieux instruments contre le grippage et les dommages li\u00e9s au filetage.<\/p>\n<p>Id\u00e9al pour les travaux de lev\u00e9s topographiques de haute pr\u00e9cision, la construction robuste de cet appareil<a href=\"https:\/\/mountlaser.com\/fr_fr\/about-us\/\"><strong> AD-L07<\/strong> <\/a>L&#039;adaptateur en cuivre garantit une fiabilit\u00e9 \u00e0 long terme et des performances constantes sur le terrain. En r\u00e9duisant la friction et l&#039;usure de l&#039;adaptateur et de l&#039;instrument, il prolonge la dur\u00e9e de vie de votre \u00e9quipement et minimise les temps d&#039;arr\u00eat. Choisissez l&#039;AD-L07 pour une combinaison in\u00e9gal\u00e9e de qualit\u00e9, de fonctionnalit\u00e9 et de protection.<\/p>\n<p><img fetchpriority=\"high\" decoding=\"async\" class=\"aligncenter wp-image-2469\" src=\"https:\/\/mountlaser.com\/wp-content\/uploads\/2025\/09\/AD-L07-6.webp\" alt=\"AD-L07 Copper Adapter \" width=\"500\" height=\"500\" srcset=\"https:\/\/mountlaser.com\/wp-content\/uploads\/2025\/09\/AD-L07-6.webp 1000w, https:\/\/mountlaser.com\/wp-content\/uploads\/2025\/09\/AD-L07-6-300x300.webp 300w, https:\/\/mountlaser.com\/wp-content\/uploads\/2025\/09\/AD-L07-6-400x400.webp 400w, https:\/\/mountlaser.com\/wp-content\/uploads\/2025\/09\/AD-L07-6-800x800.webp 800w, https:\/\/mountlaser.com\/wp-content\/uploads\/2025\/09\/AD-L07-6-600x600.webp 600w, https:\/\/mountlaser.com\/wp-content\/uploads\/2025\/09\/AD-L07-6-150x150.webp 150w, https:\/\/mountlaser.com\/wp-content\/uploads\/2025\/09\/AD-L07-6-768x768.webp 768w, https:\/\/mountlaser.com\/wp-content\/uploads\/2025\/09\/AD-L07-6-12x12.webp 12w\" sizes=\"(max-width: 500px) 100vw, 500px\" \/><\/p>\n<p><strong>\u00c0 utiliser avec l&#039;adaptateur en cuivre AD-L07<\/strong><\/p>\n<p><img decoding=\"async\" class=\"aligncenter wp-image-2220 size-full\" src=\"https:\/\/mountlaser.com\/wp-content\/uploads\/2025\/09\/1-5.webp\" alt=\"\" width=\"614\" height=\"759\" srcset=\"https:\/\/mountlaser.com\/wp-content\/uploads\/2025\/09\/1-5.webp 614w, https:\/\/mountlaser.com\/wp-content\/uploads\/2025\/09\/1-5-600x742.webp 600w, https:\/\/mountlaser.com\/wp-content\/uploads\/2025\/09\/1-5-243x300.webp 243w, https:\/\/mountlaser.com\/wp-content\/uploads\/2025\/09\/1-5-10x12.webp 10w\" sizes=\"(max-width: 614px) 100vw, 614px\" \/><\/p>","protected":false},"excerpt":{"rendered":"<ul>\n<li>Construction en cuivre de qualit\u00e9 sup\u00e9rieure\u00a0: offre une excellente r\u00e9sistance \u00e0 l\u2019usure, une lubrification naturelle et des propri\u00e9t\u00e9s anti-grippage.<\/li>\n<li>Filetage M8 de pr\u00e9cision\u00a0: assure une connexion universelle, s\u00fbre et pr\u00e9cise avec vos instruments de topographie.<\/li>\n<li>Conception de style suisse\u00a0: garantit des normes de fabrication \u00e9lev\u00e9es pour une compatibilit\u00e9 parfaite et des performances fiables.<\/li>\n<\/ul>","protected":false},"featured_media":2467,"comment_status":"open","ping_status":"closed","template":"","meta":[],"product_brand":[],"product_cat":[79,102],"product_tag":[],"class_list":{"0":"post-2466","1":"product","2":"type-product","3":"status-publish","4":"has-post-thumbnail","6":"product_cat-surveying-accessory","7":"product_cat-monitoring-adapter","9":"first","10":"instock","11":"shipping-taxable","12":"product-type-simple"},"_links":{"self":[{"href":"https:\/\/mountlaser.com\/fr_fr\/wp-json\/wp\/v2\/product\/2466","targetHints":{"allow":["GET"]}}],"collection":[{"href":"https:\/\/mountlaser.com\/fr_fr\/wp-json\/wp\/v2\/product"}],"about":[{"href":"https:\/\/mountlaser.com\/fr_fr\/wp-json\/wp\/v2\/types\/product"}],"replies":[{"embeddable":true,"href":"https:\/\/mountlaser.com\/fr_fr\/wp-json\/wp\/v2\/comments?post=2466"}],"wp:featuredmedia":[{"embeddable":true,"href":"https:\/\/mountlaser.com\/fr_fr\/wp-json\/wp\/v2\/media\/2467"}],"wp:attachment":[{"href":"https:\/\/mountlaser.com\/fr_fr\/wp-json\/wp\/v2\/media?parent=2466"}],"wp:term":[{"taxonomy":"product_brand","embeddable":true,"href":"https:\/\/mountlaser.com\/fr_fr\/wp-json\/wp\/v2\/product_brand?post=2466"},{"taxonomy":"product_cat","embeddable":true,"href":"https:\/\/mountlaser.com\/fr_fr\/wp-json\/wp\/v2\/product_cat?post=2466"},{"taxonomy":"product_tag","embeddable":true,"href":"https:\/\/mountlaser.com\/fr_fr\/wp-json\/wp\/v2\/product_tag?post=2466"}],"curies":[{"name":"wp","href":"https:\/\/api.w.org\/{rel}","templated":true}]}}