{"id":2402,"date":"2025-09-30T08:16:47","date_gmt":"2025-09-30T08:16:47","guid":{"rendered":"https:\/\/mountlaser.com\/?post_type=product&#038;p=2402"},"modified":"2025-11-28T08:03:24","modified_gmt":"2025-11-28T08:03:24","slug":"ad-l06-stainless-steel-adapter","status":"publish","type":"product","link":"https:\/\/mountlaser.com\/fr_fr\/produit\/ad-l06-stainless-steel-adapter\/","title":{"rendered":"Adaptateur en acier inoxydable AD-L06"},"content":{"rendered":"<p>Am\u00e9liorez votre flux de travail de mesure avec <a href=\"https:\/\/mountlaser.com\/fr_fr\/products\/\"><strong>Adaptateur en acier inoxydable Mount Laser AD-L06<\/strong><\/a>. Con\u00e7u pour la pr\u00e9cision et la durabilit\u00e9, cet adaptateur de haute qualit\u00e9 est dot\u00e9 d&#039;une prise suisse et d&#039;un filetage universel M8, assurant une connexion parfaite et s\u00e9curis\u00e9e \u00e0 vos instruments.<\/p>\n<p>Le <a href=\"https:\/\/mountlaser.com\/fr_fr\/contact-us\/\"><strong>AD-L06<\/strong><\/a> Con\u00e7u comme un adaptateur \u00e0 d\u00e9gagement rapide polyvalent, l&#039;AD-L06 permet des changements d&#039;outils rapides et r\u00e9duit consid\u00e9rablement le temps de pr\u00e9paration sur le chantier. Fabriqu\u00e9 en acier inoxydable robuste, il r\u00e9siste aux conditions difficiles du terrain, \u00e0 la corrosion et \u00e0 l&#039;usure. Cette fiabilit\u00e9 en fait un outil indispensable pour les g\u00e9om\u00e8tres et les professionnels du BTP exigeant rapidit\u00e9 et pr\u00e9cision. Int\u00e9grez l&#039;adaptateur \u00e0 d\u00e9gagement rapide AD-L06 \u00e0 votre \u00e9quipement pour des lev\u00e9s topographiques fluides et efficaces.<\/p>\n<p><img fetchpriority=\"high\" decoding=\"async\" class=\"wp-image-2463 aligncenter\" src=\"https:\/\/mountlaser.com\/wp-content\/uploads\/2025\/09\/AD-L06-5.webp\" alt=\"AD-L06 Stainless Steel Adapter\" width=\"500\" height=\"500\" srcset=\"https:\/\/mountlaser.com\/wp-content\/uploads\/2025\/09\/AD-L06-5.webp 1000w, https:\/\/mountlaser.com\/wp-content\/uploads\/2025\/09\/AD-L06-5-300x300.webp 300w, https:\/\/mountlaser.com\/wp-content\/uploads\/2025\/09\/AD-L06-5-400x400.webp 400w, https:\/\/mountlaser.com\/wp-content\/uploads\/2025\/09\/AD-L06-5-800x800.webp 800w, https:\/\/mountlaser.com\/wp-content\/uploads\/2025\/09\/AD-L06-5-600x600.webp 600w, https:\/\/mountlaser.com\/wp-content\/uploads\/2025\/09\/AD-L06-5-150x150.webp 150w, https:\/\/mountlaser.com\/wp-content\/uploads\/2025\/09\/AD-L06-5-768x768.webp 768w, https:\/\/mountlaser.com\/wp-content\/uploads\/2025\/09\/AD-L06-5-12x12.webp 12w\" sizes=\"(max-width: 500px) 100vw, 500px\" \/><\/p>\n<p><strong>\u00c0 utiliser avec l&#039;adaptateur en acier inoxydable AD-L06<\/strong><\/p>\n<p><img decoding=\"async\" class=\"aligncenter wp-image-2220 size-full\" src=\"https:\/\/mountlaser.com\/wp-content\/uploads\/2025\/09\/1-5.webp\" alt=\"\" width=\"614\" height=\"759\" srcset=\"https:\/\/mountlaser.com\/wp-content\/uploads\/2025\/09\/1-5.webp 614w, https:\/\/mountlaser.com\/wp-content\/uploads\/2025\/09\/1-5-600x742.webp 600w, https:\/\/mountlaser.com\/wp-content\/uploads\/2025\/09\/1-5-243x300.webp 243w, https:\/\/mountlaser.com\/wp-content\/uploads\/2025\/09\/1-5-10x12.webp 10w\" sizes=\"(max-width: 614px) 100vw, 614px\" \/><\/p>","protected":false},"excerpt":{"rendered":"<ul>\n<li>Mat\u00e9riau haut de gamme : Fabriqu\u00e9 en acier inoxydable de haute qualit\u00e9 pour une durabilit\u00e9 et une r\u00e9sistance \u00e0 la corrosion exceptionnelles.<\/li>\n<li>Filetage de pr\u00e9cision\u00a0: Comporte un bouchon suisse et un filetage M8 standard pour un ajustement universel, s\u00fbr et pr\u00e9cis.<\/li>\n<\/ul>","protected":false},"featured_media":2462,"comment_status":"open","ping_status":"closed","template":"","meta":[],"product_brand":[],"product_cat":[79,102],"product_tag":[],"class_list":{"0":"post-2402","1":"product","2":"type-product","3":"status-publish","4":"has-post-thumbnail","6":"product_cat-surveying-accessory","7":"product_cat-monitoring-adapter","9":"first","10":"instock","11":"shipping-taxable","12":"product-type-simple"},"_links":{"self":[{"href":"https:\/\/mountlaser.com\/fr_fr\/wp-json\/wp\/v2\/product\/2402","targetHints":{"allow":["GET"]}}],"collection":[{"href":"https:\/\/mountlaser.com\/fr_fr\/wp-json\/wp\/v2\/product"}],"about":[{"href":"https:\/\/mountlaser.com\/fr_fr\/wp-json\/wp\/v2\/types\/product"}],"replies":[{"embeddable":true,"href":"https:\/\/mountlaser.com\/fr_fr\/wp-json\/wp\/v2\/comments?post=2402"}],"wp:featuredmedia":[{"embeddable":true,"href":"https:\/\/mountlaser.com\/fr_fr\/wp-json\/wp\/v2\/media\/2462"}],"wp:attachment":[{"href":"https:\/\/mountlaser.com\/fr_fr\/wp-json\/wp\/v2\/media?parent=2402"}],"wp:term":[{"taxonomy":"product_brand","embeddable":true,"href":"https:\/\/mountlaser.com\/fr_fr\/wp-json\/wp\/v2\/product_brand?post=2402"},{"taxonomy":"product_cat","embeddable":true,"href":"https:\/\/mountlaser.com\/fr_fr\/wp-json\/wp\/v2\/product_cat?post=2402"},{"taxonomy":"product_tag","embeddable":true,"href":"https:\/\/mountlaser.com\/fr_fr\/wp-json\/wp\/v2\/product_tag?post=2402"}],"curies":[{"name":"wp","href":"https:\/\/api.w.org\/{rel}","templated":true}]}}