{"id":2396,"date":"2025-09-29T08:50:48","date_gmt":"2025-09-29T08:50:48","guid":{"rendered":"https:\/\/mountlaser.com\/?post_type=product&#038;p=2396"},"modified":"2025-11-28T08:06:37","modified_gmt":"2025-11-28T08:06:37","slug":"ad-l02-stainless-steel-adapter","status":"publish","type":"product","link":"https:\/\/mountlaser.com\/fr_fr\/produit\/ad-l02-stainless-steel-adapter\/","title":{"rendered":"Adaptateur en acier inoxydable AD-L02"},"content":{"rendered":"<p>Pr\u00e9sentation de <a href=\"https:\/\/mountlaser.com\/fr_fr\/\"><strong>Adaptateur en acier inoxydable AD-L02<\/strong><\/a>, une prime <a href=\"https:\/\/mountlaser.com\/fr_fr\/about-us\/\"><strong>Adaptateur \u00e0 d\u00e9gagement rapide<\/strong><\/a> Con\u00e7u pour les g\u00e9om\u00e8tres exigeant rapidit\u00e9 et pr\u00e9cision absolue, cet accessoire robuste, fabriqu\u00e9 en acier inoxydable de haute qualit\u00e9, est con\u00e7u pour r\u00e9sister aux conditions difficiles des chantiers tout en assurant une connexion fiable et s\u00e9curis\u00e9e.<\/p>\n<p><img fetchpriority=\"high\" decoding=\"async\" class=\"aligncenter wp-image-2399\" src=\"https:\/\/mountlaser.com\/wp-content\/uploads\/2025\/09\/10-7.webp\" alt=\"Quick Release Adapter\" width=\"500\" height=\"500\" srcset=\"https:\/\/mountlaser.com\/wp-content\/uploads\/2025\/09\/10-7.webp 1000w, https:\/\/mountlaser.com\/wp-content\/uploads\/2025\/09\/10-7-300x300.webp 300w, https:\/\/mountlaser.com\/wp-content\/uploads\/2025\/09\/10-7-400x400.webp 400w, https:\/\/mountlaser.com\/wp-content\/uploads\/2025\/09\/10-7-800x800.webp 800w, https:\/\/mountlaser.com\/wp-content\/uploads\/2025\/09\/10-7-600x600.webp 600w, https:\/\/mountlaser.com\/wp-content\/uploads\/2025\/09\/10-7-150x150.webp 150w, https:\/\/mountlaser.com\/wp-content\/uploads\/2025\/09\/10-7-768x768.webp 768w, https:\/\/mountlaser.com\/wp-content\/uploads\/2025\/09\/10-7-12x12.webp 12w\" sizes=\"(max-width: 500px) 100vw, 500px\" \/><br \/>\nLe <a href=\"https:\/\/mountlaser.com\/fr_fr\/contact-us\/\">AD-L02<\/a> Cet adaptateur \u00e0 d\u00e9gagement rapide de type suisse est dot\u00e9 d&#039;un m\u00e9canisme efficace permettant des changements d&#039;outils rapides et pr\u00e9cis. Son filetage standard 1\/4\u2033-20 (r\u00e9f.\u00a0: 6601-01) offre une polyvalence exceptionnelle pour le montage de divers instruments. Pour les professionnels \u00e0 la recherche d&#039;une solution durable et rapide, cet adaptateur \u00e0 d\u00e9gagement rapide haute performance est un outil indispensable.<\/p>\n<table width=\"587\">\n<tbody>\n<tr>\n<td width=\"72\">Mod\u00e8le<\/td>\n<td width=\"254\">Image<\/td>\n<td width=\"261\">Param\u00e8tres<\/td>\n<\/tr>\n<tr>\n<td>AD-L01<\/td>\n<td>\u00a0 \u00a0 \u00a0 \u00a0 \u00a0 \u00a0 \u00a0 \u00a0 \u00a0 \u00a0<img decoding=\"async\" class=\"alignnone size-full wp-image-2403\" src=\"https:\/\/mountlaser.com\/wp-content\/uploads\/2025\/09\/5d0d6e9b-010a-4c65-b3da-5a849a3fff64.webp\" alt=\"\" width=\"99\" height=\"184\" srcset=\"https:\/\/mountlaser.com\/wp-content\/uploads\/2025\/09\/5d0d6e9b-010a-4c65-b3da-5a849a3fff64.webp 99w, https:\/\/mountlaser.com\/wp-content\/uploads\/2025\/09\/5d0d6e9b-010a-4c65-b3da-5a849a3fff64-6x12.webp 6w\" sizes=\"(max-width: 99px) 100vw, 99px\" \/><\/td>\n<td>Filetage M10<\/td>\n<\/tr>\n<tr>\n<td>AD-L02<\/td>\n<td><img decoding=\"async\" class=\"alignnone size-medium wp-image-2400\" src=\"https:\/\/mountlaser.com\/wp-content\/uploads\/2025\/09\/AD-L02-2-300x300.webp\" alt=\"\" width=\"300\" height=\"300\" srcset=\"https:\/\/mountlaser.com\/wp-content\/uploads\/2025\/09\/AD-L02-2-300x300.webp 300w, https:\/\/mountlaser.com\/wp-content\/uploads\/2025\/09\/AD-L02-2-400x400.webp 400w, https:\/\/mountlaser.com\/wp-content\/uploads\/2025\/09\/AD-L02-2-800x800.webp 800w, https:\/\/mountlaser.com\/wp-content\/uploads\/2025\/09\/AD-L02-2-600x600.webp 600w, https:\/\/mountlaser.com\/wp-content\/uploads\/2025\/09\/AD-L02-2-150x150.webp 150w, https:\/\/mountlaser.com\/wp-content\/uploads\/2025\/09\/AD-L02-2-768x768.webp 768w, https:\/\/mountlaser.com\/wp-content\/uploads\/2025\/09\/AD-L02-2-12x12.webp 12w, https:\/\/mountlaser.com\/wp-content\/uploads\/2025\/09\/AD-L02-2.webp 1000w\" sizes=\"(max-width: 300px) 100vw, 300px\" \/><\/td>\n<td>Filetage 1\/4\u2033-20 (P\/N\u00a0: 6601-01)<\/td>\n<\/tr>\n<tr>\n<td>AD-L03<\/td>\n<td><img loading=\"lazy\" decoding=\"async\" class=\"alignnone size-medium wp-image-2405\" src=\"https:\/\/mountlaser.com\/wp-content\/uploads\/2025\/09\/AD-L03-1-300x300.webp\" alt=\"\" width=\"300\" height=\"300\" srcset=\"https:\/\/mountlaser.com\/wp-content\/uploads\/2025\/09\/AD-L03-1-300x300.webp 300w, https:\/\/mountlaser.com\/wp-content\/uploads\/2025\/09\/AD-L03-1-400x400.webp 400w, https:\/\/mountlaser.com\/wp-content\/uploads\/2025\/09\/AD-L03-1-800x800.webp 800w, https:\/\/mountlaser.com\/wp-content\/uploads\/2025\/09\/AD-L03-1-600x600.webp 600w, https:\/\/mountlaser.com\/wp-content\/uploads\/2025\/09\/AD-L03-1-150x150.webp 150w, https:\/\/mountlaser.com\/wp-content\/uploads\/2025\/09\/AD-L03-1-768x768.webp 768w, https:\/\/mountlaser.com\/wp-content\/uploads\/2025\/09\/AD-L03-1-12x12.webp 12w, https:\/\/mountlaser.com\/wp-content\/uploads\/2025\/09\/AD-L03-1.webp 1000w\" sizes=\"(max-width: 300px) 100vw, 300px\" \/><\/td>\n<td>Filetage M8 (R\u00e9f. : 6601-03)<\/td>\n<\/tr>\n<tr>\n<td>AD-L04<\/td>\n<td><img loading=\"lazy\" decoding=\"async\" class=\"alignnone wp-image-2406\" src=\"https:\/\/mountlaser.com\/wp-content\/uploads\/2025\/09\/AD-L04-2-300x300.webp\" alt=\"\" width=\"210\" height=\"210\" srcset=\"https:\/\/mountlaser.com\/wp-content\/uploads\/2025\/09\/AD-L04-2-300x300.webp 300w, https:\/\/mountlaser.com\/wp-content\/uploads\/2025\/09\/AD-L04-2-400x400.webp 400w, https:\/\/mountlaser.com\/wp-content\/uploads\/2025\/09\/AD-L04-2-800x800.webp 800w, https:\/\/mountlaser.com\/wp-content\/uploads\/2025\/09\/AD-L04-2-600x600.webp 600w, https:\/\/mountlaser.com\/wp-content\/uploads\/2025\/09\/AD-L04-2-150x150.webp 150w, https:\/\/mountlaser.com\/wp-content\/uploads\/2025\/09\/AD-L04-2-768x768.webp 768w, https:\/\/mountlaser.com\/wp-content\/uploads\/2025\/09\/AD-L04-2-12x12.webp 12w, https:\/\/mountlaser.com\/wp-content\/uploads\/2025\/09\/AD-L04-2.webp 1000w\" sizes=\"(max-width: 210px) 100vw, 210px\" \/><\/td>\n<td>Filetage 3\/8\u2033-24<\/td>\n<\/tr>\n<tr>\n<td>AD-L05<\/td>\n<td><img loading=\"lazy\" decoding=\"async\" class=\"alignnone size-medium wp-image-2407\" src=\"https:\/\/mountlaser.com\/wp-content\/uploads\/2025\/09\/AD-L05-5-300x300.webp\" alt=\"\" width=\"300\" height=\"300\" srcset=\"https:\/\/mountlaser.com\/wp-content\/uploads\/2025\/09\/AD-L05-5-300x300.webp 300w, https:\/\/mountlaser.com\/wp-content\/uploads\/2025\/09\/AD-L05-5-400x400.webp 400w, https:\/\/mountlaser.com\/wp-content\/uploads\/2025\/09\/AD-L05-5-800x800.webp 800w, https:\/\/mountlaser.com\/wp-content\/uploads\/2025\/09\/AD-L05-5-600x600.webp 600w, https:\/\/mountlaser.com\/wp-content\/uploads\/2025\/09\/AD-L05-5-150x150.webp 150w, https:\/\/mountlaser.com\/wp-content\/uploads\/2025\/09\/AD-L05-5-768x768.webp 768w, https:\/\/mountlaser.com\/wp-content\/uploads\/2025\/09\/AD-L05-5-12x12.webp 12w, https:\/\/mountlaser.com\/wp-content\/uploads\/2025\/09\/AD-L05-5.webp 1000w\" sizes=\"(max-width: 300px) 100vw, 300px\" \/><\/td>\n<td>Filetage 5\/8\u2033-11 (P\/N\u00a0: 5113-012)<\/td>\n<\/tr>\n<tr>\n<td>AD-L10<\/td>\n<td><img loading=\"lazy\" decoding=\"async\" class=\"alignnone size-medium wp-image-2408\" src=\"https:\/\/mountlaser.com\/wp-content\/uploads\/2025\/09\/AD-L10-5-300x300.webp\" alt=\"\" width=\"300\" height=\"300\" srcset=\"https:\/\/mountlaser.com\/wp-content\/uploads\/2025\/09\/AD-L10-5-300x300.webp 300w, https:\/\/mountlaser.com\/wp-content\/uploads\/2025\/09\/AD-L10-5-400x400.webp 400w, https:\/\/mountlaser.com\/wp-content\/uploads\/2025\/09\/AD-L10-5-800x800.webp 800w, https:\/\/mountlaser.com\/wp-content\/uploads\/2025\/09\/AD-L10-5-600x600.webp 600w, https:\/\/mountlaser.com\/wp-content\/uploads\/2025\/09\/AD-L10-5-150x150.webp 150w, https:\/\/mountlaser.com\/wp-content\/uploads\/2025\/09\/AD-L10-5-768x768.webp 768w, https:\/\/mountlaser.com\/wp-content\/uploads\/2025\/09\/AD-L10-5-12x12.webp 12w, https:\/\/mountlaser.com\/wp-content\/uploads\/2025\/09\/AD-L10-5.webp 1000w\" sizes=\"(max-width: 300px) 100vw, 300px\" \/><\/td>\n<td>Filetage M8<\/td>\n<\/tr>\n<\/tbody>\n<\/table>","protected":false},"excerpt":{"rendered":"<ul>\n<li>Connexion\/d\u00e9connexion rapide : m\u00e9canisme de d\u00e9gagement rapide<\/li>\n<li>permet un montage et un d\u00e9montage rapides et faciles de l&#039;\u00e9quipement.<\/li>\n<li>Verrouillage s\u00e9curis\u00e9\u00a0: assure une connexion stable et sans jeu pour maintenir la pr\u00e9cision des mesures.<\/li>\n<\/ul>","protected":false},"featured_media":2400,"comment_status":"open","ping_status":"closed","template":"","meta":[],"product_brand":[],"product_cat":[79,102],"product_tag":[],"class_list":{"0":"post-2396","1":"product","2":"type-product","3":"status-publish","4":"has-post-thumbnail","6":"product_cat-surveying-accessory","7":"product_cat-monitoring-adapter","9":"first","10":"instock","11":"shipping-taxable","12":"product-type-simple"},"_links":{"self":[{"href":"https:\/\/mountlaser.com\/fr_fr\/wp-json\/wp\/v2\/product\/2396","targetHints":{"allow":["GET"]}}],"collection":[{"href":"https:\/\/mountlaser.com\/fr_fr\/wp-json\/wp\/v2\/product"}],"about":[{"href":"https:\/\/mountlaser.com\/fr_fr\/wp-json\/wp\/v2\/types\/product"}],"replies":[{"embeddable":true,"href":"https:\/\/mountlaser.com\/fr_fr\/wp-json\/wp\/v2\/comments?post=2396"}],"wp:featuredmedia":[{"embeddable":true,"href":"https:\/\/mountlaser.com\/fr_fr\/wp-json\/wp\/v2\/media\/2400"}],"wp:attachment":[{"href":"https:\/\/mountlaser.com\/fr_fr\/wp-json\/wp\/v2\/media?parent=2396"}],"wp:term":[{"taxonomy":"product_brand","embeddable":true,"href":"https:\/\/mountlaser.com\/fr_fr\/wp-json\/wp\/v2\/product_brand?post=2396"},{"taxonomy":"product_cat","embeddable":true,"href":"https:\/\/mountlaser.com\/fr_fr\/wp-json\/wp\/v2\/product_cat?post=2396"},{"taxonomy":"product_tag","embeddable":true,"href":"https:\/\/mountlaser.com\/fr_fr\/wp-json\/wp\/v2\/product_tag?post=2396"}],"curies":[{"name":"wp","href":"https:\/\/api.w.org\/{rel}","templated":true}]}}